{"id":9195,"date":"2026-02-04T14:24:06","date_gmt":"2026-02-04T14:24:06","guid":{"rendered":"https:\/\/mabuko.co.mz\/site\/?post_type=product&#038;p=9195"},"modified":"2026-02-04T14:31:50","modified_gmt":"2026-02-04T14:31:50","slug":"diario-de-um-banana-fritar-a-pipoca","status":"publish","type":"product","link":"https:\/\/mabuko.co.mz\/site\/?product=diario-de-um-banana-fritar-a-pipoca","title":{"rendered":"Di\u00e1rio de um Banana Fritar a Pipoca"},"content":{"rendered":"<p>di\u00e1rio de um banana Fritrar a Pipoca<\/p>\n","protected":false},"excerpt":{"rendered":"<p><strong>SINOPSE<\/strong><\/p>\n<p>Todos sabemos que o Greg nunca foi um aluno empenhado. Por isso, quando amea\u00e7am fechar a escola, ele n\u00e3o est\u00e1 nem a\u00ed para o assunto e at\u00e9 fica com um ligeiro brilho no olhar.<\/p>\n<p>S\u00f3 que o caso muda de figura quando o Greg percebe que aquele encerramento significa ir para uma escola ainda pior. Isso, sim, \u00e9 uma verdadeira trag\u00e9dia!<\/p>\n<p>\u00c9 hora de arrega\u00e7ar as mangas e arquitetar um plano para evitar o que parece inevit\u00e1vel. Mas ser\u00e1 que o Greg vai conseguir arranjar a solu\u00e7\u00e3o perfeita antes de <i>Fritar a Pipoca<\/i>?<\/p>\n","protected":false},"featured_media":9196,"template":"","meta":{"_monsterinsights_skip_tracking":false,"_monsterinsights_sitenote_active":false,"_monsterinsights_sitenote_note":"","_monsterinsights_sitenote_category":0},"product_cat":[135],"product_tag":[],"class_list":{"0":"post-9195","1":"product","2":"type-product","3":"status-publish","4":"has-post-thumbnail","6":"product_cat-infantil","7":"pa_book-author-jeff-kinney","9":"first","10":"instock","11":"shipping-taxable","12":"purchasable","13":"product-type-simple"},"_links":{"self":[{"href":"https:\/\/mabuko.co.mz\/site\/index.php?rest_route=\/wp\/v2\/product\/9195","targetHints":{"allow":["GET"]}}],"collection":[{"href":"https:\/\/mabuko.co.mz\/site\/index.php?rest_route=\/wp\/v2\/product"}],"about":[{"href":"https:\/\/mabuko.co.mz\/site\/index.php?rest_route=\/wp\/v2\/types\/product"}],"wp:featuredmedia":[{"embeddable":true,"href":"https:\/\/mabuko.co.mz\/site\/index.php?rest_route=\/wp\/v2\/media\/9196"}],"wp:attachment":[{"href":"https:\/\/mabuko.co.mz\/site\/index.php?rest_route=%2Fwp%2Fv2%2Fmedia&parent=9195"}],"wp:term":[{"taxonomy":"product_cat","embeddable":true,"href":"https:\/\/mabuko.co.mz\/site\/index.php?rest_route=%2Fwp%2Fv2%2Fproduct_cat&post=9195"},{"taxonomy":"product_tag","embeddable":true,"href":"https:\/\/mabuko.co.mz\/site\/index.php?rest_route=%2Fwp%2Fv2%2Fproduct_tag&post=9195"}],"curies":[{"name":"wp","href":"https:\/\/api.w.org\/{rel}","templated":true}]}}