{"id":9188,"date":"2026-02-04T13:56:02","date_gmt":"2026-02-04T13:56:02","guid":{"rendered":"https:\/\/mabuko.co.mz\/site\/?post_type=product&#038;p=9188"},"modified":"2026-02-04T13:59:39","modified_gmt":"2026-02-04T13:59:39","slug":"o-diario-de-um-banana-festa-de-arromba","status":"publish","type":"product","link":"https:\/\/mabuko.co.mz\/site\/?product=o-diario-de-um-banana-festa-de-arromba","title":{"rendered":"O Di\u00e1rio de um Banana Festa de Arromba"},"content":{"rendered":"<p>di\u00e1rio de um banana festa de arromba<\/p>\n<p>&nbsp;<\/p>\n","protected":false},"excerpt":{"rendered":"<p><strong>SINOPSE<\/strong><\/p>\n<p>Chegou o livro mais aguardado do ano!<\/p>\n<p>O Greg Heffley n\u00e3o \u00e9 f\u00e3 de surpresas, muito menos quando se trata da sua festa de anivers\u00e1rio! Ele n\u00e3o faz ideia do que os pais est\u00e3o a preparar para o grande dia, mas h\u00e1 uma forte probabilidade de os planos \u00e9picos da fam\u00edlia acabarem numa confus\u00e3o.<\/p>\n<p>Estar\u00e1 esta Festa de Arromba condenada a transformar-se numa festa fiasco?<\/p>\n","protected":false},"featured_media":9189,"template":"","meta":{"_monsterinsights_skip_tracking":false,"_monsterinsights_sitenote_active":false,"_monsterinsights_sitenote_note":"","_monsterinsights_sitenote_category":0},"product_cat":[135],"product_tag":[],"class_list":{"0":"post-9188","1":"product","2":"type-product","3":"status-publish","4":"has-post-thumbnail","6":"product_cat-infantil","7":"pa_book-author-jeff-kinney","9":"first","10":"instock","11":"shipping-taxable","12":"purchasable","13":"product-type-simple"},"_links":{"self":[{"href":"https:\/\/mabuko.co.mz\/site\/index.php?rest_route=\/wp\/v2\/product\/9188","targetHints":{"allow":["GET"]}}],"collection":[{"href":"https:\/\/mabuko.co.mz\/site\/index.php?rest_route=\/wp\/v2\/product"}],"about":[{"href":"https:\/\/mabuko.co.mz\/site\/index.php?rest_route=\/wp\/v2\/types\/product"}],"wp:featuredmedia":[{"embeddable":true,"href":"https:\/\/mabuko.co.mz\/site\/index.php?rest_route=\/wp\/v2\/media\/9189"}],"wp:attachment":[{"href":"https:\/\/mabuko.co.mz\/site\/index.php?rest_route=%2Fwp%2Fv2%2Fmedia&parent=9188"}],"wp:term":[{"taxonomy":"product_cat","embeddable":true,"href":"https:\/\/mabuko.co.mz\/site\/index.php?rest_route=%2Fwp%2Fv2%2Fproduct_cat&post=9188"},{"taxonomy":"product_tag","embeddable":true,"href":"https:\/\/mabuko.co.mz\/site\/index.php?rest_route=%2Fwp%2Fv2%2Fproduct_tag&post=9188"}],"curies":[{"name":"wp","href":"https:\/\/api.w.org\/{rel}","templated":true}]}}