{"id":9180,"date":"2026-01-30T10:06:28","date_gmt":"2026-01-30T10:06:28","guid":{"rendered":"https:\/\/mabuko.co.mz\/site\/?post_type=product&#038;p=9180"},"modified":"2026-01-30T10:07:49","modified_gmt":"2026-01-30T10:07:49","slug":"agua-viva","status":"publish","type":"product","link":"https:\/\/mabuko.co.mz\/site\/?product=agua-viva","title":{"rendered":"\u00c0GUA VIVA"},"content":{"rendered":"<p>\u00c0gua viva<\/p>\n","protected":false},"excerpt":{"rendered":"<p><strong>SINOPSE \u00a0 \u00a0 \u00a0 \u00a0<\/strong><\/p>\n<p>\u00abNa minha noite idolatro o sentido secreto do mundo. Boca e l\u00edngua. E um cavalo solto de uma for\u00e7a livre. Guardo-lhe o casco em amoroso fetichismo. Na minha funda noite sopra um louco vento que me traz fiapos de gritos. Estou sentindo o mart\u00edrio de uma inoportuna sensualidade. De madrugada acordo cheia de frutos. Quem vir\u00e1 colher os frutos de minha vida?\u00bb<\/p>\n<p>Revisita\u00e7\u00e3o de pontos centrais no universo liter\u00e1rio de Clarice Lispector, \u00c1gua viva \u00e9 pura incandesc\u00eancia da inventividade e da linguagem. Uma enigm\u00e1tica voz feminina &#8211; toda aud\u00e1cia, del\u00edrio e sedu\u00e7\u00e3o &#8211; conduz a narrativa. Esta mulher, cujo nome n\u00e3o sabemos, deseja mudar de of\u00edcio e tornar-se escritora. Ela \u00e9 um eu que reivindica a ocupa\u00e7\u00e3o de um espa\u00e7o e de um tempo, que se dirige a um tu misterioso e que prop\u00f5e o ousado alinhamento de humanos e bichos, natureza e linguagem, rumo ao centro da vida, que Clarice perseguiu em todas as suas obras.<\/p>\n<p>Contestando limites e sem ced\u00eancias \u00e0 conven\u00e7\u00e3o, este livro inaugura um espa\u00e7o partilhado entre quem escreve e quem l\u00ea: nesta mulher, na sua inquieta\u00e7\u00e3o ou na sua letargia, nas suas fraturas ou nas suas puls\u00f5es, reconhecemos uma humanidade em estado bruto. O tom fragment\u00e1rio \u00e9 contrariado por uma cad\u00eancia de demandas e reflex\u00f5es t\u00e3o profundamente individuais como peremptoriamente universais. Um livro desconcertante, que oferece uma hip\u00f3tese de fus\u00e3o entre escrita e leitura, forma e tema, corpo e pensamento: radicalmente inovador, ao suspender as f\u00f3rmulas de representa\u00e7\u00e3o romanesca, e irresistivelmente transgressor, na exposi\u00e7\u00e3o das costuras da fic\u00e7\u00e3o e da voz l\u00edrica.<\/p>\n<p>\u00c1gua viva \u00e9 um triunfo de Clarice Lispector, que aqui ensaia uma nova escrita de si e do mundo.<\/p>\n","protected":false},"featured_media":0,"template":"","meta":{"_monsterinsights_skip_tracking":false,"_monsterinsights_sitenote_active":false,"_monsterinsights_sitenote_note":"","_monsterinsights_sitenote_category":0},"product_cat":[1030,105],"product_tag":[],"class_list":{"0":"post-9180","1":"product","2":"type-product","3":"status-publish","5":"product_cat-1-o","6":"product_cat-romance","8":"first","9":"instock","10":"shipping-taxable","11":"purchasable","12":"product-type-simple"},"_links":{"self":[{"href":"https:\/\/mabuko.co.mz\/site\/index.php?rest_route=\/wp\/v2\/product\/9180","targetHints":{"allow":["GET"]}}],"collection":[{"href":"https:\/\/mabuko.co.mz\/site\/index.php?rest_route=\/wp\/v2\/product"}],"about":[{"href":"https:\/\/mabuko.co.mz\/site\/index.php?rest_route=\/wp\/v2\/types\/product"}],"wp:attachment":[{"href":"https:\/\/mabuko.co.mz\/site\/index.php?rest_route=%2Fwp%2Fv2%2Fmedia&parent=9180"}],"wp:term":[{"taxonomy":"product_cat","embeddable":true,"href":"https:\/\/mabuko.co.mz\/site\/index.php?rest_route=%2Fwp%2Fv2%2Fproduct_cat&post=9180"},{"taxonomy":"product_tag","embeddable":true,"href":"https:\/\/mabuko.co.mz\/site\/index.php?rest_route=%2Fwp%2Fv2%2Fproduct_tag&post=9180"}],"curies":[{"name":"wp","href":"https:\/\/api.w.org\/{rel}","templated":true}]}}