{"id":9177,"date":"2026-01-30T09:19:47","date_gmt":"2026-01-30T09:19:47","guid":{"rendered":"https:\/\/mabuko.co.mz\/site\/?post_type=product&#038;p=9177"},"modified":"2026-01-30T09:43:24","modified_gmt":"2026-01-30T09:43:24","slug":"do-cativeiro-a-presidencia-da-republica","status":"publish","type":"product","link":"https:\/\/mabuko.co.mz\/site\/?product=do-cativeiro-a-presidencia-da-republica","title":{"rendered":"DO CATIVEIRO \u00c0 PRESID\u00caNCIA DA REP\u00daBLICA"},"content":{"rendered":"<p>Do Cativeiro \u00e0 Presid\u00eancia da Rep\u00fablica.<\/p>\n","protected":false},"excerpt":{"rendered":"<p><strong>SINOPSE<\/strong><\/p>\n<p>&nbsp;<\/p>\n<p>&#8221; Os meus pais deram-me o nome de Daniel, nome de origem hebraica que significa &#8220;S\u00f3 Deus pode me julgar &#8221; ou &#8220;Deus \u00e9 o meu \u00fanico Juiz&#8221;. Este nome n\u00e3o surgia pela primeira vez na vida dos meus pais, pois &#8216;ja tinha sido atribu\u00eddo ao seu primeiro filho, que faleceu ainda beb\u00e9 em Dondo. A insist\u00eancia dos meus neste nome, demonstrava que estavam decididos a recome\u00e7ar uma nova vida, iniciando de onde as suas esperan\u00e7as foram quebradas, recuperando simbolicamente o seu primeiro filho que n\u00e3o sobreviveu em Dondo&#8221;.<\/p>\n","protected":false},"featured_media":9178,"template":"","meta":{"_monsterinsights_skip_tracking":false,"_monsterinsights_sitenote_active":false,"_monsterinsights_sitenote_note":"","_monsterinsights_sitenote_category":0},"product_cat":[173],"product_tag":[],"class_list":{"0":"post-9177","1":"product","2":"type-product","3":"status-publish","4":"has-post-thumbnail","6":"product_cat-biografias","7":"pa_book-author-daniel-francisco-chapo","9":"first","10":"instock","11":"shipping-taxable","12":"purchasable","13":"product-type-simple"},"_links":{"self":[{"href":"https:\/\/mabuko.co.mz\/site\/index.php?rest_route=\/wp\/v2\/product\/9177","targetHints":{"allow":["GET"]}}],"collection":[{"href":"https:\/\/mabuko.co.mz\/site\/index.php?rest_route=\/wp\/v2\/product"}],"about":[{"href":"https:\/\/mabuko.co.mz\/site\/index.php?rest_route=\/wp\/v2\/types\/product"}],"wp:featuredmedia":[{"embeddable":true,"href":"https:\/\/mabuko.co.mz\/site\/index.php?rest_route=\/wp\/v2\/media\/9178"}],"wp:attachment":[{"href":"https:\/\/mabuko.co.mz\/site\/index.php?rest_route=%2Fwp%2Fv2%2Fmedia&parent=9177"}],"wp:term":[{"taxonomy":"product_cat","embeddable":true,"href":"https:\/\/mabuko.co.mz\/site\/index.php?rest_route=%2Fwp%2Fv2%2Fproduct_cat&post=9177"},{"taxonomy":"product_tag","embeddable":true,"href":"https:\/\/mabuko.co.mz\/site\/index.php?rest_route=%2Fwp%2Fv2%2Fproduct_tag&post=9177"}],"curies":[{"name":"wp","href":"https:\/\/api.w.org\/{rel}","templated":true}]}}