{"id":9173,"date":"2026-01-29T13:57:55","date_gmt":"2026-01-29T13:57:55","guid":{"rendered":"https:\/\/mabuko.co.mz\/site\/?post_type=product&#038;p=9173"},"modified":"2026-01-29T14:05:33","modified_gmt":"2026-01-29T14:05:33","slug":"flawless","status":"publish","type":"product","link":"https:\/\/mabuko.co.mz\/site\/?product=flawless","title":{"rendered":"FLAWLESS"},"content":{"rendered":"<p>Flawless<\/p>\n","protected":false},"excerpt":{"rendered":"<p><strong>SINOPSE<\/strong><\/p>\n<p>&nbsp;<\/p>\n<p><i>Flawless<\/i> \u00e9 o primeiro livro da s\u00e9rie <i>Chestnut Springs<\/i>, marcada por personagens reais com problemas reais, que se apaixonam e cometem erros.<\/p>\n<p>Ambientada numa pequena localidade, com cenas sensuais e muito emotivas, esta hist\u00f3ria de inimigos a amantes vai conquistar o seu cora\u00e7\u00e3o.<\/p>\n<p>As regras eram simples: manter-se afastado de problemas e da filha do seu agente. Agora est\u00e1 agarrado a ela, num quarto com uma \u00fanica cama. Afinal, as regras foram feitas para serem quebradas\u2026<\/p>\n<p>Rhett Eaton \u00e9 um profissional dos rodeios. Uma estrela. Mas arrisca-se a perder tudo depois de alguns esc\u00e2ndalos p\u00fablicos. O agente diz-lhe que precisa de recuperar a imagem e apresenta a pr\u00f3pria filha como supervisora at\u00e9 ao final da \u00e9poca. Definitivamente, ele n\u00e3o precisa de uma <i>babysitter<\/i>, especialmente uma que usa jeans justos, tem um sorriso sexy e uns l\u00e1bios em que ele n\u00e3o consegue deixar de pensar\u2026<\/p>\n<p>Summer Hamilton n\u00e3o ser\u00e1 mais uma das suas conquistas. Ela consegue ver o homem por tr\u00e1s da m\u00e1scara e n\u00e3o se afasta &#8211; pelo contr\u00e1rio, puxa-o para mais perto de si.<\/p>\n<p>N\u00e3o significa nada, assegura Summer. Significa tudo, responde Rhett.<\/p>\n<p>H\u00e1 limites que eles n\u00e3o podem passar. A reputa\u00e7\u00e3o dele n\u00e3o aguenta mais golpes, menos ainda o cora\u00e7\u00e3o ferido de Summer.<\/p>\n","protected":false},"featured_media":9174,"template":"","meta":{"_monsterinsights_skip_tracking":false,"_monsterinsights_sitenote_active":false,"_monsterinsights_sitenote_note":"","_monsterinsights_sitenote_category":0},"product_cat":[105],"product_tag":[],"class_list":{"0":"post-9173","1":"product","2":"type-product","3":"status-publish","4":"has-post-thumbnail","6":"product_cat-romance","7":"pa_book-author-elisie-silver","9":"first","10":"instock","11":"shipping-taxable","12":"purchasable","13":"product-type-simple"},"_links":{"self":[{"href":"https:\/\/mabuko.co.mz\/site\/index.php?rest_route=\/wp\/v2\/product\/9173","targetHints":{"allow":["GET"]}}],"collection":[{"href":"https:\/\/mabuko.co.mz\/site\/index.php?rest_route=\/wp\/v2\/product"}],"about":[{"href":"https:\/\/mabuko.co.mz\/site\/index.php?rest_route=\/wp\/v2\/types\/product"}],"wp:featuredmedia":[{"embeddable":true,"href":"https:\/\/mabuko.co.mz\/site\/index.php?rest_route=\/wp\/v2\/media\/9174"}],"wp:attachment":[{"href":"https:\/\/mabuko.co.mz\/site\/index.php?rest_route=%2Fwp%2Fv2%2Fmedia&parent=9173"}],"wp:term":[{"taxonomy":"product_cat","embeddable":true,"href":"https:\/\/mabuko.co.mz\/site\/index.php?rest_route=%2Fwp%2Fv2%2Fproduct_cat&post=9173"},{"taxonomy":"product_tag","embeddable":true,"href":"https:\/\/mabuko.co.mz\/site\/index.php?rest_route=%2Fwp%2Fv2%2Fproduct_tag&post=9173"}],"curies":[{"name":"wp","href":"https:\/\/api.w.org\/{rel}","templated":true}]}}