{"id":9170,"date":"2026-01-28T10:32:05","date_gmt":"2026-01-28T10:32:05","guid":{"rendered":"https:\/\/mabuko.co.mz\/site\/?post_type=product&#038;p=9170"},"modified":"2026-01-29T13:45:42","modified_gmt":"2026-01-29T13:45:42","slug":"a-casa-de-panquecas-strawberry-patch","status":"publish","type":"product","link":"https:\/\/mabuko.co.mz\/site\/?product=a-casa-de-panquecas-strawberry-patch","title":{"rendered":"A CASA DE PANQUECAS STRAWBERRY PATCH"},"content":{"rendered":"<p>a casa de panquecas strawberry patch<\/p>\n","protected":false},"excerpt":{"rendered":"<p><strong>SINOPSE<\/p>\n<p><\/strong>Um \u00f3dio de estima\u00e7\u00e3o, uma atra\u00e7\u00e3o incontrol\u00e1vel e o doce sabor de um recome\u00e7o.<\/p>\n<p>As bolachas de Annie Andrews derretem cora\u00e7\u00f5es. Por isso, seria de pensar que a dona da Padaria Gingerbread teria uma vida amorosa \u00e0 altura do seu neg\u00f3cio: doce e apimentada. Mas, em vez disso, est\u00e1 obcecada com a raiva antiga que sente pelo irritante e otimista dono do bar de Dream Harbor.<\/p>\n<p>Mac Sullivan tem tudo o que deseja, menos a mulher dos seus sonhos. \u00c9 mais f\u00e1cil discutir com Annie do que conseguir aproximar-se dela, mas o casamento de Jeanie e Logan vai obrig\u00e1-los a passarem mais tempo juntos. \u00c0 medida que os flocos de neve caem e a cidade se prepara para o Natal e o grande evento do ano, ser\u00e1 que Annie vai perceber que o homem que ela tanto odeia, afinal, pode ser o seu par perfeito?<\/p>\n","protected":false},"featured_media":9171,"template":"","meta":{"_monsterinsights_skip_tracking":false,"_monsterinsights_sitenote_active":false,"_monsterinsights_sitenote_note":"","_monsterinsights_sitenote_category":0},"product_cat":[105],"product_tag":[],"class_list":{"0":"post-9170","1":"product","2":"type-product","3":"status-publish","4":"has-post-thumbnail","6":"product_cat-romance","7":"pa_book-author-laurie-gilmore","9":"first","10":"instock","11":"shipping-taxable","12":"purchasable","13":"product-type-simple"},"_links":{"self":[{"href":"https:\/\/mabuko.co.mz\/site\/index.php?rest_route=\/wp\/v2\/product\/9170","targetHints":{"allow":["GET"]}}],"collection":[{"href":"https:\/\/mabuko.co.mz\/site\/index.php?rest_route=\/wp\/v2\/product"}],"about":[{"href":"https:\/\/mabuko.co.mz\/site\/index.php?rest_route=\/wp\/v2\/types\/product"}],"wp:featuredmedia":[{"embeddable":true,"href":"https:\/\/mabuko.co.mz\/site\/index.php?rest_route=\/wp\/v2\/media\/9171"}],"wp:attachment":[{"href":"https:\/\/mabuko.co.mz\/site\/index.php?rest_route=%2Fwp%2Fv2%2Fmedia&parent=9170"}],"wp:term":[{"taxonomy":"product_cat","embeddable":true,"href":"https:\/\/mabuko.co.mz\/site\/index.php?rest_route=%2Fwp%2Fv2%2Fproduct_cat&post=9170"},{"taxonomy":"product_tag","embeddable":true,"href":"https:\/\/mabuko.co.mz\/site\/index.php?rest_route=%2Fwp%2Fv2%2Fproduct_tag&post=9170"}],"curies":[{"name":"wp","href":"https:\/\/api.w.org\/{rel}","templated":true}]}}