{"id":9167,"date":"2026-01-28T10:04:58","date_gmt":"2026-01-28T10:04:58","guid":{"rendered":"https:\/\/mabuko.co.mz\/site\/?post_type=product&#038;p=9167"},"modified":"2026-01-28T10:30:47","modified_gmt":"2026-01-28T10:30:47","slug":"a-rapariga-do-ultimo-verao","status":"publish","type":"product","link":"https:\/\/mabuko.co.mz\/site\/?product=a-rapariga-do-ultimo-verao","title":{"rendered":"A RAPARIGA DO \u00daLTIMO VER\u00c3O"},"content":{"rendered":"<p>a rapariga do \u00faltimo ver\u00e3o<\/p>\n","protected":false},"excerpt":{"rendered":"<p><strong>Sinopse<\/strong><\/p>\n<p>O rosto dela, belo mesmo na morte, olhava para o c\u00e9u azul; os cabelos castanhos e sedosos espalhavam-se como um v\u00e9u ao redor da cabe\u00e7a, real\u00e7ando o tom p\u00e1lido da sua pele; os l\u00e1bios, ligeiramente entreabertos, pareciam sussurrar um \u00faltimo adeus.<\/p>\n<p>Num dia quente de ver\u00e3o, a pacata cidade de Mount Chester entra em alvoro\u00e7o com o desaparecimento de Jenna, uma rapariga de dezassete anos. Horas depois, o caso ganha contornos tr\u00e1gicos: o seu corpo \u00e9 encontrado nas montanhas isoladas.<\/p>\n<p>A detetive Kay Sharp corre at\u00e9 ao local, percorrendo quil\u00f3metros at\u00e9 \u00e0 base de Wildfire Ridge. Os sinais no corpo de Jenna n\u00e3o deixam d\u00favidas: foi brutalmente assassinada. Ao lado da v\u00edtima, Kay encontra um gancho de cabelo em forma de borboleta, com impress\u00f5es digitais que podem ser a chave do mist\u00e9rio.<\/p>\n<p>Determinada a encontrar respostas, a detetive mergulha nos segredos da pequena comunidade e descobre que Jenna mudara radicalmente nos \u00faltimos meses: j\u00e1 n\u00e3o era a adolescente popular e sorridente de antes; algo recente provocara essa transforma\u00e7\u00e3o &#8211; e pode ser esse o motivo da sua morte.<\/p>\n","protected":false},"featured_media":9168,"template":"","meta":{"_monsterinsights_skip_tracking":false,"_monsterinsights_sitenote_active":false,"_monsterinsights_sitenote_note":"","_monsterinsights_sitenote_category":0},"product_cat":[131],"product_tag":[],"class_list":{"0":"post-9167","1":"product","2":"type-product","3":"status-publish","4":"has-post-thumbnail","6":"product_cat-thriller","7":"pa_book-author-leslie-wolfe","9":"first","10":"instock","11":"shipping-taxable","12":"purchasable","13":"product-type-simple"},"_links":{"self":[{"href":"https:\/\/mabuko.co.mz\/site\/index.php?rest_route=\/wp\/v2\/product\/9167","targetHints":{"allow":["GET"]}}],"collection":[{"href":"https:\/\/mabuko.co.mz\/site\/index.php?rest_route=\/wp\/v2\/product"}],"about":[{"href":"https:\/\/mabuko.co.mz\/site\/index.php?rest_route=\/wp\/v2\/types\/product"}],"wp:featuredmedia":[{"embeddable":true,"href":"https:\/\/mabuko.co.mz\/site\/index.php?rest_route=\/wp\/v2\/media\/9168"}],"wp:attachment":[{"href":"https:\/\/mabuko.co.mz\/site\/index.php?rest_route=%2Fwp%2Fv2%2Fmedia&parent=9167"}],"wp:term":[{"taxonomy":"product_cat","embeddable":true,"href":"https:\/\/mabuko.co.mz\/site\/index.php?rest_route=%2Fwp%2Fv2%2Fproduct_cat&post=9167"},{"taxonomy":"product_tag","embeddable":true,"href":"https:\/\/mabuko.co.mz\/site\/index.php?rest_route=%2Fwp%2Fv2%2Fproduct_tag&post=9167"}],"curies":[{"name":"wp","href":"https:\/\/api.w.org\/{rel}","templated":true}]}}