{"id":9164,"date":"2026-01-28T09:32:10","date_gmt":"2026-01-28T09:32:10","guid":{"rendered":"https:\/\/mabuko.co.mz\/site\/?post_type=product&#038;p=9164"},"modified":"2026-01-28T09:37:07","modified_gmt":"2026-01-28T09:37:07","slug":"o-casamento-perfeito-2","status":"publish","type":"product","link":"https:\/\/mabuko.co.mz\/site\/?product=o-casamento-perfeito-2","title":{"rendered":"O Casamento Perfeito"},"content":{"rendered":"<p>o casamento perfeito<\/p>\n","protected":false},"excerpt":{"rendered":"<p><strong>Sinopse<br \/>\n<\/strong>Defenderia o seu marido se ele fosse acusado de matar a amante?<\/p>\n<p>Sarah Morgan \u00e9 uma poderosa e bem-sucedida advogada de defesa em Washington. Aos trinta e tr\u00eas anos, foi nomeada s\u00f3cia na firma onde trabalha e a sua vida segue o rumo que ela planeou.<\/p>\n<p>O mesmo n\u00e3o se pode dizer de Adam, o seu marido, um escritor em dificuldades que tem pouco sucesso na carreira. Para piorar, est\u00e1 a ficar cansado da rela\u00e7\u00e3o com Sarah, que apenas pensa no trabalho.<\/p>\n<p>Numa floresta isolada, onde t\u00eam uma casa de f\u00e9rias, Adam envolve-se, apaixonadamente, com Kelly Summers. At\u00e9 que, numa manh\u00e3, tudo muda. Adam \u00e9 detido pelo homic\u00eddio de Kelly, que foi encontrada esfaqueada na casa dos Morgan.<\/p>\n<p>De repente, Sarah fica numa situa\u00e7\u00e3o imposs\u00edvel: abandonar ou aceitar defender o seu marido? E Adam, ser\u00e1 culpado ou inocente?<\/p>\n","protected":false},"featured_media":9165,"template":"","meta":{"_monsterinsights_skip_tracking":false,"_monsterinsights_sitenote_active":false,"_monsterinsights_sitenote_note":"","_monsterinsights_sitenote_category":0},"product_cat":[131],"product_tag":[],"class_list":{"0":"post-9164","1":"product","2":"type-product","3":"status-publish","4":"has-post-thumbnail","6":"product_cat-thriller","7":"pa_book-author-jeneva-rose","9":"first","10":"instock","11":"shipping-taxable","12":"purchasable","13":"product-type-simple"},"_links":{"self":[{"href":"https:\/\/mabuko.co.mz\/site\/index.php?rest_route=\/wp\/v2\/product\/9164","targetHints":{"allow":["GET"]}}],"collection":[{"href":"https:\/\/mabuko.co.mz\/site\/index.php?rest_route=\/wp\/v2\/product"}],"about":[{"href":"https:\/\/mabuko.co.mz\/site\/index.php?rest_route=\/wp\/v2\/types\/product"}],"wp:featuredmedia":[{"embeddable":true,"href":"https:\/\/mabuko.co.mz\/site\/index.php?rest_route=\/wp\/v2\/media\/9165"}],"wp:attachment":[{"href":"https:\/\/mabuko.co.mz\/site\/index.php?rest_route=%2Fwp%2Fv2%2Fmedia&parent=9164"}],"wp:term":[{"taxonomy":"product_cat","embeddable":true,"href":"https:\/\/mabuko.co.mz\/site\/index.php?rest_route=%2Fwp%2Fv2%2Fproduct_cat&post=9164"},{"taxonomy":"product_tag","embeddable":true,"href":"https:\/\/mabuko.co.mz\/site\/index.php?rest_route=%2Fwp%2Fv2%2Fproduct_tag&post=9164"}],"curies":[{"name":"wp","href":"https:\/\/api.w.org\/{rel}","templated":true}]}}