{"id":9158,"date":"2026-01-28T09:21:38","date_gmt":"2026-01-28T09:21:38","guid":{"rendered":"https:\/\/mabuko.co.mz\/site\/?post_type=product&#038;p=9158"},"modified":"2026-01-28T09:28:08","modified_gmt":"2026-01-28T09:28:08","slug":"a-mulher-da-ala-9","status":"publish","type":"product","link":"https:\/\/mabuko.co.mz\/site\/?product=a-mulher-da-ala-9","title":{"rendered":"A MULHER DA ALA 9"},"content":{"rendered":"<p>A mulher da ala 9<\/p>\n","protected":false},"excerpt":{"rendered":"<p><strong>Sinopse<\/strong><\/p>\n<p>Laura Winters perdeu a mem\u00f3ria.<br \/>\nN\u00e3o faz ideia do que aconteceu, ou do motivo pelo qual foi encontrada sozinha, coberta com o sangue de outra pessoa.<\/p>\n<p>A \u00fanica certeza que tem \u00e9 que eu sou a \u00fanica psic\u00f3loga com quem est\u00e1 disposta a falar.<\/p>\n<p>Tenho apenas seis dias para a ajudar na recupera\u00e7\u00e3o e desvendar a verdade sobre o que se passou.<\/p>\n<p>O que ter\u00e1 ela esquecido?<br \/>\nE o que estar\u00e1 a esconder?<br \/>\nE\u2026 como \u00e9 que ela me conhece t\u00e3o bem?<\/p>\n<p>Claustrof\u00f3bico e perturbante, este livro vai envolv\u00ea-lo numa teia de mist\u00e9rio e suspense que o far\u00e1 virar p\u00e1gina ap\u00f3s p\u00e1gina pela noite fora.<\/p>\n","protected":false},"featured_media":9160,"template":"","meta":{"_monsterinsights_skip_tracking":false,"_monsterinsights_sitenote_active":false,"_monsterinsights_sitenote_note":"","_monsterinsights_sitenote_category":0},"product_cat":[131],"product_tag":[],"class_list":{"0":"post-9158","1":"product","2":"type-product","3":"status-publish","4":"has-post-thumbnail","6":"product_cat-thriller","7":"pa_book-author-naomi-williams","9":"first","10":"instock","11":"shipping-taxable","12":"purchasable","13":"product-type-simple"},"_links":{"self":[{"href":"https:\/\/mabuko.co.mz\/site\/index.php?rest_route=\/wp\/v2\/product\/9158","targetHints":{"allow":["GET"]}}],"collection":[{"href":"https:\/\/mabuko.co.mz\/site\/index.php?rest_route=\/wp\/v2\/product"}],"about":[{"href":"https:\/\/mabuko.co.mz\/site\/index.php?rest_route=\/wp\/v2\/types\/product"}],"wp:featuredmedia":[{"embeddable":true,"href":"https:\/\/mabuko.co.mz\/site\/index.php?rest_route=\/wp\/v2\/media\/9160"}],"wp:attachment":[{"href":"https:\/\/mabuko.co.mz\/site\/index.php?rest_route=%2Fwp%2Fv2%2Fmedia&parent=9158"}],"wp:term":[{"taxonomy":"product_cat","embeddable":true,"href":"https:\/\/mabuko.co.mz\/site\/index.php?rest_route=%2Fwp%2Fv2%2Fproduct_cat&post=9158"},{"taxonomy":"product_tag","embeddable":true,"href":"https:\/\/mabuko.co.mz\/site\/index.php?rest_route=%2Fwp%2Fv2%2Fproduct_tag&post=9158"}],"curies":[{"name":"wp","href":"https:\/\/api.w.org\/{rel}","templated":true}]}}