{"id":9089,"date":"2025-10-27T14:24:16","date_gmt":"2025-10-27T14:24:16","guid":{"rendered":"https:\/\/mabuko.co.mz\/site\/?post_type=product&#038;p=9089"},"modified":"2025-11-24T09:47:04","modified_gmt":"2025-11-24T09:47:04","slug":"mocambique-recolonizado-atraves-da-corrupcao","status":"publish","type":"product","link":"https:\/\/mabuko.co.mz\/site\/?product=mocambique-recolonizado-atraves-da-corrupcao","title":{"rendered":"Mo\u00e7ambique recolonizado atrav\u00e9s da corrup\u00e7\u00e3o"},"content":{"rendered":"<p>Como o FMI Criou um estado oligarquico<\/p>\n","protected":false},"excerpt":{"rendered":"<p><strong>SINOPSE<br \/>\n<\/strong>Mo\u00e7ambique est\u00e1 em crise. N\u00e3o h\u00e1 empregos para os jovens, que n\u00e3o conseguem ver um futuro. A pobreza e a desigualdade aumentam. Cabo Delgado sofre com a maldi\u00e7\u00e3o dos recursos naturais e a guerra civil. O partido no poder sabe que n\u00e3o pode ganhar elei\u00e7\u00f5es justas.<\/p>\n<p>Neste livro, Joseph Hanlon documenta como esta crise foi criada pelas imposi\u00e7\u00f5es escandalosas e quase inacredit\u00e1veis do FMl e dos doadores. Eles promoveram o surgimento de oligarcas que usaram o estatus pol\u00edtico para ganhar poder econ\u00f3mico, e que serviriam interesses estrangeiros. A corrup\u00e7\u00e3o foi realmente promovida, como por exemplo, na privatiza\u00e7\u00e3o dos bancos. Alguns mo\u00e7ambicanos resistiram. Depois de o Banco Austral ter sido saqueado, um banqueiro honesto, Siba Siba Macuacua, foi nomeado presidente. Pouco tempo depois foi atirado do topo do edif\u00edcio de 15 andares do seu banco. Os assassinos e saqueadores s\u00e3o conhecidos, mas ningu\u00e9m foi processado.<\/p>\n<p>As elites receberam tacitamente o direito de manipular contratos com o Estado e de comercializar hero\u00edna e madeiras preciosas. O sil\u00eancio c\u00famplice do FMI e dos doadores perante os v\u00e1rios esc\u00e2ndalos descritos neste livro foi visto como prova de que o que antes era chamado de \u00abcorrupto\u00bb se tinha tornado parte integrante do novo \u00abmercado livre\u00bb. Em troca, os novos oligarcas garantiram que as empresas e os paises estrangeiros beneficiassem do g\u00e1s, do carv\u00e3o, dos rubis e da hidroelectricidade. Os oligarcas tornaram-se os administradores locais de uma nova forma de colonialismo.<\/p>\n<p>A austeridade imposta pelo FMI n\u00e3o s\u00f3 esmagou os mais pobres, como tamb\u00e9m empurrou a maioria dos funcion\u00e1rios p\u00fablicos para abaixo da linha da pobreza.<\/p>\n<p>Isto significou que professores e enfermeiros tinham de pedir dinheiro extra para poderem alimentar os seus filhos. Isto empurrou os servi\u00e7os \u00abp\u00fablicos\u00bb para o \u00abmercado livre\u00bb, levando a uma corrup\u00e7\u00e3o generalizada, mesmo na educa\u00e7\u00e3o, na pol\u00edcia, nos tribunais e no ex\u00e9rcito.<\/p>\n<p>Este livro mostra como, 50 anos ap\u00f3s a independ\u00eancia. Mo\u00e7ambique foi recolonizado.<\/p>\n<p>&nbsp;<\/p>\n","protected":false},"featured_media":9095,"template":"","meta":{"_monsterinsights_skip_tracking":false,"_monsterinsights_sitenote_active":false,"_monsterinsights_sitenote_note":"","_monsterinsights_sitenote_category":0},"product_cat":[319],"product_tag":[],"class_list":{"0":"post-9089","1":"product","2":"type-product","3":"status-publish","4":"has-post-thumbnail","6":"product_cat-literatura-mocambicana","7":"pa_book-author-joseph-hanlon","9":"first","10":"instock","11":"shipping-taxable","12":"purchasable","13":"product-type-simple"},"_links":{"self":[{"href":"https:\/\/mabuko.co.mz\/site\/index.php?rest_route=\/wp\/v2\/product\/9089","targetHints":{"allow":["GET"]}}],"collection":[{"href":"https:\/\/mabuko.co.mz\/site\/index.php?rest_route=\/wp\/v2\/product"}],"about":[{"href":"https:\/\/mabuko.co.mz\/site\/index.php?rest_route=\/wp\/v2\/types\/product"}],"wp:featuredmedia":[{"embeddable":true,"href":"https:\/\/mabuko.co.mz\/site\/index.php?rest_route=\/wp\/v2\/media\/9095"}],"wp:attachment":[{"href":"https:\/\/mabuko.co.mz\/site\/index.php?rest_route=%2Fwp%2Fv2%2Fmedia&parent=9089"}],"wp:term":[{"taxonomy":"product_cat","embeddable":true,"href":"https:\/\/mabuko.co.mz\/site\/index.php?rest_route=%2Fwp%2Fv2%2Fproduct_cat&post=9089"},{"taxonomy":"product_tag","embeddable":true,"href":"https:\/\/mabuko.co.mz\/site\/index.php?rest_route=%2Fwp%2Fv2%2Fproduct_tag&post=9089"}],"curies":[{"name":"wp","href":"https:\/\/api.w.org\/{rel}","templated":true}]}}