{"id":9027,"date":"2024-06-26T08:46:47","date_gmt":"2024-06-26T08:46:47","guid":{"rendered":"https:\/\/mabuko.co.mz\/site\/?post_type=product&#038;p=9027"},"modified":"2024-08-22T10:01:32","modified_gmt":"2024-08-22T10:01:32","slug":"elon-musk","status":"publish","type":"product","link":"https:\/\/mabuko.co.mz\/site\/?product=elon-musk","title":{"rendered":"ELON MUSK"},"content":{"rendered":"","protected":false},"excerpt":{"rendered":"<p><strong>SINOPSE<\/strong><\/p>\n<p>Do autor de\u00a0<i>Steve Jobs<\/i>\u00a0e outras biografias de sucesso, chega-nos a hist\u00f3ria surpreendentemente \u00edntima de um dos inovadores mais controversos e fascinantes da atualidade, um vision\u00e1rio avesso a regras que levou o mundo para a era dos carros el\u00e9tricos, da explora\u00e7\u00e3o espacial de iniciativa privada e da intelig\u00eancia artificial. Ah, e comprou o Twitter.<\/p>\n<p>Durante a sua inf\u00e2ncia, na \u00c1frica do Sul, Elon Musk foi v\u00edtima de\u00a0<i>bullying<\/i>. Um dia, foi empurrado de umas escadas de cimento abaixo e pontapeado no rosto at\u00e9 este ficar uma massa ensanguentada e inchada. Ficou internado durante uma semana. Mas as mazelas f\u00edsicas eram insignificantes quando comparadas com as feridas emocionais infligidas pelo seu pai, um carism\u00e1tico e engenhoso fantasista que agia por conta pr\u00f3pria. Quando Elon teve alta do hospital, o pai repreendeu-o. \u00abTive de ficar de p\u00e9 uma hora a ouvi-lo gritar comigo, a chamar-me idiota e a dizer-me que era um in\u00fatil\u00bb, recorda.<\/p>\n<p>O impacto do pai na sua psique permaneceria. Transformou-se num homem-crian\u00e7a duro, apesar de vulner\u00e1vel, com uma toler\u00e2ncia extraordinariamente alta ao risco, sedento de drama e com um sentido \u00e9pico de miss\u00e3o e uma obstina\u00e7\u00e3o man\u00edaca, t\u00e3o insens\u00edvel quanto, por vezes, destrutiva.<\/p>\n<p>No in\u00edcio de 2022 &#8211; depois de um ano marcado pelo lan\u00e7amento e coloca\u00e7\u00e3o em \u00f3rbita de 31 foguetes da SpaceX, pela marca de um milh\u00e3o de carros vendidos pela Tesla e de se tornar o homem mais rico do mundo &#8211; , Musk falou com pesar sobre a sua compuls\u00e3o para criar dramas. \u00abPreciso de mudar de mentalidade, sair do modo de crise, que \u00e9 como tenho funcionado nos \u00faltimos catorze anos, pelo menos, se n\u00e3o a maior parte da minha vida\u00bb, disse.<\/p>\n<p>Foi um coment\u00e1rio melanc\u00f3lico, n\u00e3o uma resolu\u00e7\u00e3o de Ano Novo. Ao mesmo tempo que se comprometia a mudar, comprava, em segredo, a\u00e7\u00f5es do Twitter, o maior recreio do mundo. Ao longo dos anos, sempre que se encontrava num lugar mais sombrio, voltava a ser aquela crian\u00e7a agredida no recreio. Agora, tinha a oportunidade de ser o dono do recreio.<\/p>\n","protected":false},"featured_media":9028,"template":"","meta":{"_monsterinsights_skip_tracking":false,"_monsterinsights_sitenote_active":false,"_monsterinsights_sitenote_note":"","_monsterinsights_sitenote_category":0},"product_cat":[173],"product_tag":[],"class_list":{"0":"post-9027","1":"product","2":"type-product","3":"status-publish","4":"has-post-thumbnail","6":"product_cat-biografias","7":"pa_book-author-walter-isaacson","9":"first","10":"outofstock","11":"shipping-taxable","12":"purchasable","13":"product-type-simple"},"_links":{"self":[{"href":"https:\/\/mabuko.co.mz\/site\/index.php?rest_route=\/wp\/v2\/product\/9027","targetHints":{"allow":["GET"]}}],"collection":[{"href":"https:\/\/mabuko.co.mz\/site\/index.php?rest_route=\/wp\/v2\/product"}],"about":[{"href":"https:\/\/mabuko.co.mz\/site\/index.php?rest_route=\/wp\/v2\/types\/product"}],"wp:featuredmedia":[{"embeddable":true,"href":"https:\/\/mabuko.co.mz\/site\/index.php?rest_route=\/wp\/v2\/media\/9028"}],"wp:attachment":[{"href":"https:\/\/mabuko.co.mz\/site\/index.php?rest_route=%2Fwp%2Fv2%2Fmedia&parent=9027"}],"wp:term":[{"taxonomy":"product_cat","embeddable":true,"href":"https:\/\/mabuko.co.mz\/site\/index.php?rest_route=%2Fwp%2Fv2%2Fproduct_cat&post=9027"},{"taxonomy":"product_tag","embeddable":true,"href":"https:\/\/mabuko.co.mz\/site\/index.php?rest_route=%2Fwp%2Fv2%2Fproduct_tag&post=9027"}],"curies":[{"name":"wp","href":"https:\/\/api.w.org\/{rel}","templated":true}]}}