{"id":9025,"date":"2024-06-26T08:40:30","date_gmt":"2024-06-26T08:40:30","guid":{"rendered":"https:\/\/mabuko.co.mz\/site\/?post_type=product&#038;p=9025"},"modified":"2024-08-22T10:04:36","modified_gmt":"2024-08-22T10:04:36","slug":"negocie-como-se-a-sua-vida-dependesse-disso","status":"publish","type":"product","link":"https:\/\/mabuko.co.mz\/site\/?product=negocie-como-se-a-sua-vida-dependesse-disso","title":{"rendered":"NEGOCIE COMO SE A SUA VIDA DEPENDESSE DISSO"},"content":{"rendered":"<p>As t\u00e9cnicas de negocia\u00e7\u00e3o de ref\u00e9ns do FBI aplicadas aos neg\u00f3cios e \u00e0 vida<\/p>\n","protected":false},"excerpt":{"rendered":"<p><strong>SINOPSE<\/strong><\/p>\n<p>Ap\u00f3s algum tempo a patrulhar as ruas ao servi\u00e7o da pol\u00edcia de Kansas City, Chris Voss juntou-se \u00e0 equipa de negociadores de ref\u00e9ns do FBI, onde viria a tornar-se o principal negociador em casos de raptos internacionais, com uma invej\u00e1vel taxa de sucesso na resolu\u00e7\u00e3o de situa\u00e7\u00f5es em que esteve envolvido.<\/p>\n<p>Neste livro, Chris Voss transporta-nos para esse mundo, dando-nos a conhecer hist\u00f3rias arrepiantes de sequestros e as t\u00e9cnicas usadas para conseguir ser bem-sucedido no seu desfecho e cumprir o objetivo mais importante: salvar vidas.<\/p>\n<p>A vida envolve uma sucess\u00e3o de negocia\u00e7\u00f5es para as quais deve estar preparado \u2014 desde comprar um carro at\u00e9 pedir um aumento, passando por renegociar a renda ou debater decis\u00f5es com a fam\u00edlia.<\/p>\n<p>Este livro vai impulsionar a sua intelig\u00eancia emocional e intui\u00e7\u00e3o, dando-lhe a vantagem competitiva que lhe permitir\u00e1 ser bem-sucedido em qualquer negocia\u00e7\u00e3o.<\/p>\n","protected":false},"featured_media":9026,"template":"","meta":{"_monsterinsights_skip_tracking":false,"_monsterinsights_sitenote_active":false,"_monsterinsights_sitenote_note":"","_monsterinsights_sitenote_category":0},"product_cat":[108],"product_tag":[],"class_list":{"0":"post-9025","1":"product","2":"type-product","3":"status-publish","4":"has-post-thumbnail","6":"product_cat-auto-ajuda","7":"pa_book-author-chris-voss","9":"first","10":"outofstock","11":"shipping-taxable","12":"purchasable","13":"product-type-simple"},"_links":{"self":[{"href":"https:\/\/mabuko.co.mz\/site\/index.php?rest_route=\/wp\/v2\/product\/9025","targetHints":{"allow":["GET"]}}],"collection":[{"href":"https:\/\/mabuko.co.mz\/site\/index.php?rest_route=\/wp\/v2\/product"}],"about":[{"href":"https:\/\/mabuko.co.mz\/site\/index.php?rest_route=\/wp\/v2\/types\/product"}],"wp:featuredmedia":[{"embeddable":true,"href":"https:\/\/mabuko.co.mz\/site\/index.php?rest_route=\/wp\/v2\/media\/9026"}],"wp:attachment":[{"href":"https:\/\/mabuko.co.mz\/site\/index.php?rest_route=%2Fwp%2Fv2%2Fmedia&parent=9025"}],"wp:term":[{"taxonomy":"product_cat","embeddable":true,"href":"https:\/\/mabuko.co.mz\/site\/index.php?rest_route=%2Fwp%2Fv2%2Fproduct_cat&post=9025"},{"taxonomy":"product_tag","embeddable":true,"href":"https:\/\/mabuko.co.mz\/site\/index.php?rest_route=%2Fwp%2Fv2%2Fproduct_tag&post=9025"}],"curies":[{"name":"wp","href":"https:\/\/api.w.org\/{rel}","templated":true}]}}