{"id":9022,"date":"2024-06-26T08:17:54","date_gmt":"2024-06-26T08:17:54","guid":{"rendered":"https:\/\/mabuko.co.mz\/site\/?post_type=product&#038;p=9022"},"modified":"2025-02-05T09:23:44","modified_gmt":"2025-02-05T09:23:44","slug":"identidade-e-familia","status":"publish","type":"product","link":"https:\/\/mabuko.co.mz\/site\/?product=identidade-e-familia","title":{"rendered":"IDENTIDADE E FAM\u00cdLIA"},"content":{"rendered":"<p>Entre a consist\u00eancia da tradi\u00e7\u00e3o e as exig\u00eancias da modernidade<\/p>\n","protected":false},"excerpt":{"rendered":"<p><strong>SINOPSE<\/strong><\/p>\n<p>De todas as sociedades humanas, a fam\u00edlia \u00e9 a \u00fanica natural, universal e intemporal. Por isso, este livro lhe \u00e9 dedicado. Apesar de a sociedade estar em constante mudan\u00e7a e de os avan\u00e7os cient\u00edficos obrigarem a uma permanente actualiza\u00e7\u00e3o, existe um conjunto de princ\u00edpios \u00e9ticos que n\u00e3o s\u00e3o negoci\u00e1veis, mas sim intemporais.<\/p>\n<p>Em\u00a0<i>Identidade e Fam\u00edlia<\/i>, coordenado pelos fundadores do Movimento Ac\u00e7\u00e3o \u00c9tica, duas dezenas de autores dos mais diversos quadrantes da sociedade portuguesa, com estilos e experi\u00eancias marcadamente diferentes, contribuem para um perfil \u00e9tico da vida em sociedade, destacando, em particular, a institui\u00e7\u00e3o familiar.<\/p>\n<p>\u00abA fam\u00edlia \u00e9 o habitat natural de conviv\u00eancia solid\u00e1ria e desinteressada entre diferentes gera\u00e7\u00f5es, o ve\u00edculo mais est\u00e1vel de transmiss\u00e3o e aprofundamento de princ\u00edpios \u00e9ticos, sociais, espirituais, c\u00edvicos e educacionais, o elo entre a consist\u00eancia da tradi\u00e7\u00e3o e as exig\u00eancias da modernidade, e, em consequ\u00eancia de tudo isto, a mais eficaz institui\u00e7\u00e3o de garantia de coes\u00e3o do tecido social.\u00bb<\/p>\n","protected":false},"featured_media":9023,"template":"","meta":{"_monsterinsights_skip_tracking":false,"_monsterinsights_sitenote_active":false,"_monsterinsights_sitenote_note":"","_monsterinsights_sitenote_category":0},"product_cat":[108],"product_tag":[],"class_list":{"0":"post-9022","1":"product","2":"type-product","3":"status-publish","4":"has-post-thumbnail","6":"product_cat-auto-ajuda","7":"pa_book-author-antonio-bragao-felix","8":"pa_book-author-paulo-otero","9":"pa_book-author-pedro-afonso","10":"pa_book-author-victor-gil","12":"first","13":"outofstock","14":"shipping-taxable","15":"purchasable","16":"product-type-simple"},"_links":{"self":[{"href":"https:\/\/mabuko.co.mz\/site\/index.php?rest_route=\/wp\/v2\/product\/9022","targetHints":{"allow":["GET"]}}],"collection":[{"href":"https:\/\/mabuko.co.mz\/site\/index.php?rest_route=\/wp\/v2\/product"}],"about":[{"href":"https:\/\/mabuko.co.mz\/site\/index.php?rest_route=\/wp\/v2\/types\/product"}],"wp:featuredmedia":[{"embeddable":true,"href":"https:\/\/mabuko.co.mz\/site\/index.php?rest_route=\/wp\/v2\/media\/9023"}],"wp:attachment":[{"href":"https:\/\/mabuko.co.mz\/site\/index.php?rest_route=%2Fwp%2Fv2%2Fmedia&parent=9022"}],"wp:term":[{"taxonomy":"product_cat","embeddable":true,"href":"https:\/\/mabuko.co.mz\/site\/index.php?rest_route=%2Fwp%2Fv2%2Fproduct_cat&post=9022"},{"taxonomy":"product_tag","embeddable":true,"href":"https:\/\/mabuko.co.mz\/site\/index.php?rest_route=%2Fwp%2Fv2%2Fproduct_tag&post=9022"}],"curies":[{"name":"wp","href":"https:\/\/api.w.org\/{rel}","templated":true}]}}