{"id":9017,"date":"2024-06-26T08:02:52","date_gmt":"2024-06-26T08:02:52","guid":{"rendered":"https:\/\/mabuko.co.mz\/site\/?post_type=product&#038;p=9017"},"modified":"2025-02-05T09:24:33","modified_gmt":"2025-02-05T09:24:33","slug":"um-animal-selvagem","status":"publish","type":"product","link":"https:\/\/mabuko.co.mz\/site\/?product=um-animal-selvagem","title":{"rendered":"UM ANIMAL SELVAGEM"},"content":{"rendered":"<p>UM ANIMAL SELVAGEM<\/p>\n","protected":false},"excerpt":{"rendered":"<p><strong>SINOPSE<\/strong><\/p>\n<p>No dia 2 de julho de 2022, um par de delinquentes prepara-se para assaltar uma grande joalharia na cidade de Genebra. O engenhoso plano em nada se parece com um roubo comum.<\/p>\n<p>Vinte dias antes, nas margens do Lago L\u00e9man, Sophie Braun est\u00e1 pronta para comemorar o seu quadrag\u00e9simo anivers\u00e1rio. Tem uma vida de sonho: mora com a fam\u00edlia numa mans\u00e3o cercada pela floresta, num mundo id\u00edlico e aparentemente intoc\u00e1vel. Contudo, os alicerces desta ilus\u00e3o est\u00e3o prestes a estremecer.<\/p>\n<p>O marido de Sophie oculta inexplic\u00e1veis segredos. O vizinho mais pr\u00f3ximo, um agente da pol\u00edcia de reputa\u00e7\u00e3o impec\u00e1vel, torna-se obcecado por Sophie e espia todos os seus movimentos, at\u00e9 os mais \u00edntimos. E um homem misterioso oferece-lhe um presente que colocar\u00e1 a vida de Sophie em perigo. Ser\u00e3o necess\u00e1rias muitas viagens ao passado, longe de Genebra, para tra\u00e7ar as origens desta intriga diab\u00f3lica, da qual ningu\u00e9m escapar\u00e1 ileso. Nem sequer o leitor.<\/p>\n<p>Um thriller de tirar o f\u00f4lego, assinado pelo autor que, desde\u00a0<i>A Verdade Sobre o Caso Harry Quebert<\/i>, se tornou um fen\u00f3meno editorial sem par, capaz de agarrar e ludibriar at\u00e9 o mais c\u00e9tico ou engenhoso leitor.<\/p>\n","protected":false},"featured_media":9018,"template":"","meta":{"_monsterinsights_skip_tracking":false,"_monsterinsights_sitenote_active":false,"_monsterinsights_sitenote_note":"","_monsterinsights_sitenote_category":0},"product_cat":[103],"product_tag":[],"class_list":{"0":"post-9017","1":"product","2":"type-product","3":"status-publish","4":"has-post-thumbnail","6":"product_cat-literatura","7":"pa_book-author-joel-dicker","9":"first","10":"outofstock","11":"shipping-taxable","12":"purchasable","13":"product-type-simple"},"_links":{"self":[{"href":"https:\/\/mabuko.co.mz\/site\/index.php?rest_route=\/wp\/v2\/product\/9017","targetHints":{"allow":["GET"]}}],"collection":[{"href":"https:\/\/mabuko.co.mz\/site\/index.php?rest_route=\/wp\/v2\/product"}],"about":[{"href":"https:\/\/mabuko.co.mz\/site\/index.php?rest_route=\/wp\/v2\/types\/product"}],"wp:featuredmedia":[{"embeddable":true,"href":"https:\/\/mabuko.co.mz\/site\/index.php?rest_route=\/wp\/v2\/media\/9018"}],"wp:attachment":[{"href":"https:\/\/mabuko.co.mz\/site\/index.php?rest_route=%2Fwp%2Fv2%2Fmedia&parent=9017"}],"wp:term":[{"taxonomy":"product_cat","embeddable":true,"href":"https:\/\/mabuko.co.mz\/site\/index.php?rest_route=%2Fwp%2Fv2%2Fproduct_cat&post=9017"},{"taxonomy":"product_tag","embeddable":true,"href":"https:\/\/mabuko.co.mz\/site\/index.php?rest_route=%2Fwp%2Fv2%2Fproduct_tag&post=9017"}],"curies":[{"name":"wp","href":"https:\/\/api.w.org\/{rel}","templated":true}]}}