{"id":9014,"date":"2024-06-07T12:00:59","date_gmt":"2024-06-07T12:00:59","guid":{"rendered":"https:\/\/mabuko.co.mz\/site\/?post_type=product&#038;p=9014"},"modified":"2024-06-07T12:00:59","modified_gmt":"2024-06-07T12:00:59","slug":"roteiros-provinciais","status":"publish","type":"product","link":"https:\/\/mabuko.co.mz\/site\/?product=roteiros-provinciais","title":{"rendered":"ROTEIROS PROVINCIAIS"},"content":{"rendered":"<p>ROTEIROS PROVINCIAIS<\/p>\n<p>&nbsp;<\/p>\n","protected":false},"excerpt":{"rendered":"<p><strong>SINOPSE<\/strong><\/p>\n<p>Quatro novelas. A primeira busca as linhas de continuidade que, ao longo da fronteira, cosem dois pa\u00edses e tr\u00eas \u00e9pocas distintas. A segunda mostra como nas guerras tudo vale, e que por detr\u00e1s das ac\u00e7\u00f5es dos dois lados escondem-se sempre mil e um enredos e complexidades. A terceira novela mede a enorme dist\u00e2ncia que nos separa do mundo rural, as incompreens\u00f5es que ela gera, e pergunta-se se o correr do tempo a faz crescer. A \u00faltima novela trata tamb\u00e9m de uma dist\u00e2ncia, mas uma dist\u00e2ncia vertical, aquela que vai do nosso ch\u00e3o at\u00e9 \u00e0s estrelas e ao vazio.<\/p>\n<p>No fundo, s\u00e3o considera\u00e7\u00f5es sobre o tempo, sobre a rela\u00e7\u00e3o entre o acontecido, o lembrado e o ficcionado, e sobre as ra\u00edzes e o prop\u00f3sito das hist\u00f3rias. Une estas novelas, talvez, aquilo que o compositor Igor Stravinsky disse a Robert Craft e que lhes serve de ep\u00edgrafe: Pergunto-me se a mem\u00f3ria \u00e9 verdadeira, e sei que pode n\u00e3o ser. Todavia, sei que vivemos da mem\u00f3ria e n\u00e3o da verdade.<\/p>\n","protected":false},"featured_media":9015,"template":"","meta":{"_monsterinsights_skip_tracking":false,"_monsterinsights_sitenote_active":false,"_monsterinsights_sitenote_note":"","_monsterinsights_sitenote_category":0},"product_cat":[319],"product_tag":[],"class_list":{"0":"post-9014","1":"product","2":"type-product","3":"status-publish","4":"has-post-thumbnail","6":"product_cat-literatura-mocambicana","7":"pa_book-author-joao-paulo-borges-coelho","9":"first","10":"instock","11":"shipping-taxable","12":"purchasable","13":"product-type-simple"},"_links":{"self":[{"href":"https:\/\/mabuko.co.mz\/site\/index.php?rest_route=\/wp\/v2\/product\/9014","targetHints":{"allow":["GET"]}}],"collection":[{"href":"https:\/\/mabuko.co.mz\/site\/index.php?rest_route=\/wp\/v2\/product"}],"about":[{"href":"https:\/\/mabuko.co.mz\/site\/index.php?rest_route=\/wp\/v2\/types\/product"}],"wp:featuredmedia":[{"embeddable":true,"href":"https:\/\/mabuko.co.mz\/site\/index.php?rest_route=\/wp\/v2\/media\/9015"}],"wp:attachment":[{"href":"https:\/\/mabuko.co.mz\/site\/index.php?rest_route=%2Fwp%2Fv2%2Fmedia&parent=9014"}],"wp:term":[{"taxonomy":"product_cat","embeddable":true,"href":"https:\/\/mabuko.co.mz\/site\/index.php?rest_route=%2Fwp%2Fv2%2Fproduct_cat&post=9014"},{"taxonomy":"product_tag","embeddable":true,"href":"https:\/\/mabuko.co.mz\/site\/index.php?rest_route=%2Fwp%2Fv2%2Fproduct_tag&post=9014"}],"curies":[{"name":"wp","href":"https:\/\/api.w.org\/{rel}","templated":true}]}}