{"id":8996,"date":"2024-04-25T13:02:24","date_gmt":"2024-04-25T13:02:24","guid":{"rendered":"https:\/\/mabuko.co.mz\/site\/?post_type=product&#038;p=8996"},"modified":"2025-09-29T14:19:14","modified_gmt":"2025-09-29T14:19:14","slug":"e-assim-que-comeca","status":"publish","type":"product","link":"https:\/\/mabuko.co.mz\/site\/?product=e-assim-que-comeca","title":{"rendered":"\u00c9 ASSIM QUE COME\u00c7A"},"content":{"rendered":"","protected":false},"excerpt":{"rendered":"<p><strong>SINOPSE<\/strong><\/p>\n<p>Ser\u00e1 assim t\u00e3o simples come\u00e7ar de novo?<\/p>\n<p>Depois do seu reencontro inesperado, Lily e Atlas n\u00e3o conseguem parar de pensar um no outro nem em tudo aquilo por que passaram. Mas uma nova aproxima\u00e7\u00e3o entre eles poder\u00e1 n\u00e3o ser t\u00e3o simples como parece. Lily tem de pensar no bem-estar da filha e na rea\u00e7\u00e3o de Ryle a uma eventual rela\u00e7\u00e3o com Atlas.<\/p>\n<p>Atlas tamb\u00e9m est\u00e1 ciente das dificuldades. Sabe que Ryle n\u00e3o ir\u00e1 aceitar facilmente a sua presen\u00e7a na vida da ex-mulher e da filha e n\u00e3o tem d\u00favidas de que os problemas de comportamento dele n\u00e3o terminaram com o fim do casamento.<\/p>\n<p>Ter\u00e3o Lily e Atlas for\u00e7a suficiente para enfrentar todos os obst\u00e1culos que ir\u00e3o surgir pelo caminho?<\/p>\n","protected":false},"featured_media":8997,"template":"","meta":{"_monsterinsights_skip_tracking":false,"_monsterinsights_sitenote_active":false,"_monsterinsights_sitenote_note":"","_monsterinsights_sitenote_category":0},"product_cat":[1030],"product_tag":[],"class_list":{"0":"post-8996","1":"product","2":"type-product","3":"status-publish","4":"has-post-thumbnail","6":"product_cat-1-o","7":"pa_book-author-colleen-hoover","9":"first","10":"instock","11":"shipping-taxable","12":"purchasable","13":"product-type-simple"},"_links":{"self":[{"href":"https:\/\/mabuko.co.mz\/site\/index.php?rest_route=\/wp\/v2\/product\/8996","targetHints":{"allow":["GET"]}}],"collection":[{"href":"https:\/\/mabuko.co.mz\/site\/index.php?rest_route=\/wp\/v2\/product"}],"about":[{"href":"https:\/\/mabuko.co.mz\/site\/index.php?rest_route=\/wp\/v2\/types\/product"}],"wp:featuredmedia":[{"embeddable":true,"href":"https:\/\/mabuko.co.mz\/site\/index.php?rest_route=\/wp\/v2\/media\/8997"}],"wp:attachment":[{"href":"https:\/\/mabuko.co.mz\/site\/index.php?rest_route=%2Fwp%2Fv2%2Fmedia&parent=8996"}],"wp:term":[{"taxonomy":"product_cat","embeddable":true,"href":"https:\/\/mabuko.co.mz\/site\/index.php?rest_route=%2Fwp%2Fv2%2Fproduct_cat&post=8996"},{"taxonomy":"product_tag","embeddable":true,"href":"https:\/\/mabuko.co.mz\/site\/index.php?rest_route=%2Fwp%2Fv2%2Fproduct_tag&post=8996"}],"curies":[{"name":"wp","href":"https:\/\/api.w.org\/{rel}","templated":true}]}}