{"id":8967,"date":"2024-03-06T09:59:24","date_gmt":"2024-03-06T09:59:24","guid":{"rendered":"https:\/\/mabuko.co.mz\/?post_type=product&#038;p=8967"},"modified":"2024-03-06T10:04:04","modified_gmt":"2024-03-06T10:04:04","slug":"a-cadeira-de-canico-naniel-gabriel-tembe-geracao-da-transicao","status":"publish","type":"product","link":"https:\/\/mabuko.co.mz\/site\/?product=a-cadeira-de-canico-naniel-gabriel-tembe-geracao-da-transicao","title":{"rendered":"A CADEIRA DE CANI\u00c7O NANIEL GABRIEL TEMBE GERA\u00c7\u00c3O DA TRANSI\u00c7\u00c3O"},"content":{"rendered":"","protected":false},"excerpt":{"rendered":"<p><strong>SINOPSE<\/strong><\/p>\n<p>KARINGANA UA KARINGANA<br \/>\nA obra \u00e9, como n\u00e3o podia deixar de ser, numa biografia, o percurso da vida social e profissional do Daniel, em contextos hist\u00f3ricos bem definidos de Mo\u00e7ambique, o antes e o depois da Independ\u00eancia do nosso pa\u00eds. Ela apresenta-nos os pap\u00e9is que Daniel foi chamado a desempenhar, dentro e fora do pa\u00eds, mas sempre no interesse da p\u00e1tria. \u00c9 uma hist\u00f3ria empolgante, de desafios constantes, de feridas frequentes e cicatrizes que n\u00e3o desaparecem, mas tamb\u00e9m de sucessos.<br \/>\nA obra est\u00e1 escrita num tom emotivo, sem ser panflet\u00e1rio, mas esta emotividade traduz e ilustra a dimens\u00e3o da psicologia colectiva desse tempo. Tudo era feito com emo\u00e7\u00e3o, resultante do engajamento revolucion\u00e1rio e exalta\u00e7\u00e3o patri\u00f3tica desses Jovens da Transi\u00e7\u00e3o nas tarefas que lhes eram atribu\u00eddas, no quadro da reconstru\u00e7\u00e3o de um pa\u00eds negligenciado pelo colonialismo portugu\u00eas. Eles estavam prontos e motivados para as tarefas que lhes eram atribu\u00eddas.<br \/>\nLeonardo Sim\u00e3o<\/p>\n","protected":false},"featured_media":8968,"template":"","meta":{"_monsterinsights_skip_tracking":false,"_monsterinsights_sitenote_active":false,"_monsterinsights_sitenote_note":"","_monsterinsights_sitenote_category":0},"product_cat":[319],"product_tag":[],"class_list":{"0":"post-8967","1":"product","2":"type-product","3":"status-publish","4":"has-post-thumbnail","6":"product_cat-literatura-mocambicana","7":"pa_book-author-iolanda-macamo","9":"first","10":"instock","11":"shipping-taxable","12":"purchasable","13":"product-type-simple"},"_links":{"self":[{"href":"https:\/\/mabuko.co.mz\/site\/index.php?rest_route=\/wp\/v2\/product\/8967","targetHints":{"allow":["GET"]}}],"collection":[{"href":"https:\/\/mabuko.co.mz\/site\/index.php?rest_route=\/wp\/v2\/product"}],"about":[{"href":"https:\/\/mabuko.co.mz\/site\/index.php?rest_route=\/wp\/v2\/types\/product"}],"wp:featuredmedia":[{"embeddable":true,"href":"https:\/\/mabuko.co.mz\/site\/index.php?rest_route=\/wp\/v2\/media\/8968"}],"wp:attachment":[{"href":"https:\/\/mabuko.co.mz\/site\/index.php?rest_route=%2Fwp%2Fv2%2Fmedia&parent=8967"}],"wp:term":[{"taxonomy":"product_cat","embeddable":true,"href":"https:\/\/mabuko.co.mz\/site\/index.php?rest_route=%2Fwp%2Fv2%2Fproduct_cat&post=8967"},{"taxonomy":"product_tag","embeddable":true,"href":"https:\/\/mabuko.co.mz\/site\/index.php?rest_route=%2Fwp%2Fv2%2Fproduct_tag&post=8967"}],"curies":[{"name":"wp","href":"https:\/\/api.w.org\/{rel}","templated":true}]}}