{"id":8965,"date":"2024-03-06T09:45:55","date_gmt":"2024-03-06T09:45:55","guid":{"rendered":"https:\/\/mabuko.co.mz\/?post_type=product&#038;p=8965"},"modified":"2025-06-03T07:48:18","modified_gmt":"2025-06-03T07:48:18","slug":"assim-nao-senhor-presidente","status":"publish","type":"product","link":"https:\/\/mabuko.co.mz\/site\/?product=assim-nao-senhor-presidente","title":{"rendered":"ASSIM N\u00c3O, SENHOR PRESIDENTE!"},"content":{"rendered":"<p>Assim n\u00e3o,\u00a0 Senhor Presente!<\/p>\n","protected":false},"excerpt":{"rendered":"<p><strong>SINOPSE<\/strong><\/p>\n<p>Falar de um escritor \u00e9 sempre algo deveras estruturante e com abordagens liter\u00e1rias e t\u00e9cnicas para um melhor entendimento de como e porque escreve e quais as suas tend\u00eancias, objectivos e ideias. Falar de Ungulani Ba Ka Khosa \u00e9 um bocado de tudo isso, mas optei por mudar o contexto e de forma mais simplistas mostrar o autor versus a sua escrita pelos olhos do editor.<br \/>\nO seu nome civil \u00e9 Francisco Esa\u00fa Cossa, nasceu em Inhaminga, a 1 de Agosto de 1957, e \u00e9 um dos mais conhecidos e esclarecedores escritores da actualidade no panorama africano.<br \/>\nUngulani fez o ensino prim\u00e1rio na prov\u00edncia de Sofala, e o ensino secund\u00e1rio, parte em Louren\u00e7o Marques e parte na Zamb\u00e9zia. Em Maputo tirou o bacharelato<br \/>\nMondlane, e exerceu a fun\u00e7\u00e3o de professor do ensino secund\u00e1rio.<br \/>\nTrabalhou depois para o Minist\u00e9rio da Educa\u00e7\u00e3o, e foi, sucessivamente, director<br \/>\nLivro e Disco, e Secret\u00e1rio Geral da Associa\u00e7\u00e3o de Escritores Mo\u00e7ambicanos<br \/>\n(AEMO).<br \/>\nSendo hoje um autor universal, protagonista e um dos maiores expoentes do interesse do mundo pela literatura africana, em especial a literatura mo\u00e7ambicana, contribuiu decisivamente para a proje\u00e7\u00e3o de numerosos escritores mo\u00e7ambicanos, pela sua din\u00e2mica internacional \u00e0 volta dos livros na sua escrita.<br \/>\nUltrapassou fronteiras como um exemplar escritor com personagens que evocam imagens e sensa\u00e7\u00f5es pr\u00f3ximas da hist\u00f3ria pessoal ou familiar de cada um dos leitores, mostrando sempre a realidade da sua experi\u00eancia de vida.<br \/>\nPara escrever um livro &#8211; independentemente do assunto -, \u00e9 preciso, acima de tudo, dominar o tema. Assim se transmite, sem erros, tudo o que se deseja passar! Ungulani tem essa capacidade, pois estuda, desenvolve, analisa, investiga cada tema de forma a que nada seja feito por acaso e demonstre sempre o contar a hist\u00f3ria com toda a realidade, fixando os seus leitores na busca de uma bela hist\u00f3ria! Isto porque domina, d\u00e1 asas \u00e0 imagina\u00e7\u00e3o e \u00e9 um amante das aventuras.<br \/>\n\u00c9 nos livros que podemos encontrar mundos que jamais existiram, com tanta riqueza de detalhes e precis\u00e3o que \u00e9 possivel nos imaginarmos dentro de um lugar que agora existe na mente. Ungulani tem uma imagina\u00e7\u00e3o incr\u00edvel, al\u00e9m da habilidade de escrever tudo que criou, possibilitando que todos os leitores embarquem nesse novo mundo.<br \/>\nEscrever \u00e9 uma arte, \u00e9 o poder de express\u00e3o e de persuas\u00e3o. E a capacidade de libertar tudo que sufoca, por meio de palavras combinadas para causar impacto, emo\u00e7\u00f5es e reflex\u00e3o. Assim, os livros e textos de Ungulani tocam particularmente cada leitor de forma inexplic\u00e1vel. Muitos se perguntam como e poss\u00edvel que saiba exatamente a forma de atingir diferentes pessoas? A verdade \u00e9 que ele tem o poder de escrever de uma forma intensa que nos faz refletir sobre n\u00f3s mesmos.<br \/>\nRui\u00a0Rocha<\/p>\n","protected":false},"featured_media":8966,"template":"","meta":{"_monsterinsights_skip_tracking":false,"_monsterinsights_sitenote_active":false,"_monsterinsights_sitenote_note":"","_monsterinsights_sitenote_category":0},"product_cat":[319],"product_tag":[],"class_list":{"0":"post-8965","1":"product","2":"type-product","3":"status-publish","4":"has-post-thumbnail","6":"product_cat-literatura-mocambicana","7":"pa_book-author-ungulani-ba-ka-khosa","9":"first","10":"instock","11":"shipping-taxable","12":"purchasable","13":"product-type-simple"},"_links":{"self":[{"href":"https:\/\/mabuko.co.mz\/site\/index.php?rest_route=\/wp\/v2\/product\/8965","targetHints":{"allow":["GET"]}}],"collection":[{"href":"https:\/\/mabuko.co.mz\/site\/index.php?rest_route=\/wp\/v2\/product"}],"about":[{"href":"https:\/\/mabuko.co.mz\/site\/index.php?rest_route=\/wp\/v2\/types\/product"}],"wp:featuredmedia":[{"embeddable":true,"href":"https:\/\/mabuko.co.mz\/site\/index.php?rest_route=\/wp\/v2\/media\/8966"}],"wp:attachment":[{"href":"https:\/\/mabuko.co.mz\/site\/index.php?rest_route=%2Fwp%2Fv2%2Fmedia&parent=8965"}],"wp:term":[{"taxonomy":"product_cat","embeddable":true,"href":"https:\/\/mabuko.co.mz\/site\/index.php?rest_route=%2Fwp%2Fv2%2Fproduct_cat&post=8965"},{"taxonomy":"product_tag","embeddable":true,"href":"https:\/\/mabuko.co.mz\/site\/index.php?rest_route=%2Fwp%2Fv2%2Fproduct_tag&post=8965"}],"curies":[{"name":"wp","href":"https:\/\/api.w.org\/{rel}","templated":true}]}}