{"id":8962,"date":"2024-03-06T09:29:13","date_gmt":"2024-03-06T09:29:13","guid":{"rendered":"https:\/\/mabuko.co.mz\/?post_type=product&#038;p=8962"},"modified":"2024-03-06T09:29:13","modified_gmt":"2024-03-06T09:29:13","slug":"orera-um-conto-de-amor-e-honestidade","status":"publish","type":"product","link":"https:\/\/mabuko.co.mz\/site\/?product=orera-um-conto-de-amor-e-honestidade","title":{"rendered":"ORERA UM CONTO DE AMOR E HONESTIDADE"},"content":{"rendered":"","protected":false},"excerpt":{"rendered":"<p><strong>SINOPSE<\/strong><\/p>\n<p>Com m&#8217;siro, Orera fazia arte no seu rosto. Desenhava uma fila crescente de bolinhas na testa. E o preto da pele combinava muito bem com o branco de m&#8217;siro. A pintura no rosto era como a noite, as estrelas e a lua. Ela maquiava-se com um belo sorriso de marfim marcado no rosto. Posto isso, Orera amarou uma capulana de losangos e tri\u00e2ngulos coloridos na cintura. Vestiu uma blusa castanha de cetim, que delineava bem o seu corpo es-cultural. Enrolou uma capulana nos cabelos como se fosse xaile.<br \/>\nNa ponta das orelhas, pendurou dois brincos d&#8217;oiro. \u00c0 volta do pesco\u00e7o, deixou cair um belo colar de missangas. Amarou uma pulseira na m\u00e3o esquerda. Cal\u00e7ou um par de sand\u00e1lias de pele de impala. Dirigiu-se a uma bacia de \u00e1guas frescas para se espelhar.<br \/>\nE ouviu uma voz.<br \/>\n\u2014 Uau! Est\u00e1s muito linda!<\/p>\n","protected":false},"featured_media":8963,"template":"","meta":{"_monsterinsights_skip_tracking":false,"_monsterinsights_sitenote_active":false,"_monsterinsights_sitenote_note":"","_monsterinsights_sitenote_category":0},"product_cat":[319],"product_tag":[],"class_list":{"0":"post-8962","1":"product","2":"type-product","3":"status-publish","4":"has-post-thumbnail","6":"product_cat-literatura-mocambicana","7":"pa_book-author-helder-tsemba","9":"first","10":"instock","11":"shipping-taxable","12":"purchasable","13":"product-type-simple"},"_links":{"self":[{"href":"https:\/\/mabuko.co.mz\/site\/index.php?rest_route=\/wp\/v2\/product\/8962","targetHints":{"allow":["GET"]}}],"collection":[{"href":"https:\/\/mabuko.co.mz\/site\/index.php?rest_route=\/wp\/v2\/product"}],"about":[{"href":"https:\/\/mabuko.co.mz\/site\/index.php?rest_route=\/wp\/v2\/types\/product"}],"wp:featuredmedia":[{"embeddable":true,"href":"https:\/\/mabuko.co.mz\/site\/index.php?rest_route=\/wp\/v2\/media\/8963"}],"wp:attachment":[{"href":"https:\/\/mabuko.co.mz\/site\/index.php?rest_route=%2Fwp%2Fv2%2Fmedia&parent=8962"}],"wp:term":[{"taxonomy":"product_cat","embeddable":true,"href":"https:\/\/mabuko.co.mz\/site\/index.php?rest_route=%2Fwp%2Fv2%2Fproduct_cat&post=8962"},{"taxonomy":"product_tag","embeddable":true,"href":"https:\/\/mabuko.co.mz\/site\/index.php?rest_route=%2Fwp%2Fv2%2Fproduct_tag&post=8962"}],"curies":[{"name":"wp","href":"https:\/\/api.w.org\/{rel}","templated":true}]}}