{"id":8957,"date":"2024-03-06T09:03:34","date_gmt":"2024-03-06T09:03:34","guid":{"rendered":"https:\/\/mabuko.co.mz\/?post_type=product&#038;p=8957"},"modified":"2026-01-28T07:04:22","modified_gmt":"2026-01-28T07:04:22","slug":"compendio-para-desenterrar-nuvens","status":"publish","type":"product","link":"https:\/\/mabuko.co.mz\/site\/?product=compendio-para-desenterrar-nuvens","title":{"rendered":"Comp\u00eandio para Desenterrar Nuvens"},"content":{"rendered":"<p>Comp\u00eandio para Desenterrar Nuvens<\/p>\n","protected":false},"excerpt":{"rendered":"<p><strong>SINOPSE<\/strong><\/p>\n<p>No universo liter\u00e1rio de Mia Couto, em que uma coisa, um animal, por exemplo, pode ser uma pessoa, as nuvens, que, com os nossos olhos, vemos circulando pelo c\u00e9u, podem, se consideradas com a imagina\u00e7\u00e3o, existir debaixo da terra. E se \u00e9 assim, um Comp\u00eandio para Desenterrar Nuvens tem para n\u00f3s a maior utilidade.<\/p>\n<p>Nestes vinte e dois exerc\u00edcios de imagina\u00e7\u00e3o mais uma vez Mia Couto nos serve de guia para descobrirmos o que est\u00e1 no que vemos com os olhos e no que a imagina\u00e7\u00e3o nos d\u00e1 a ver.<\/p>\n<p>E aten\u00e7\u00e3o: nem sempre as duas imagens coincidem.<\/p>\n","protected":false},"featured_media":8958,"template":"","meta":{"_monsterinsights_skip_tracking":false,"_monsterinsights_sitenote_active":false,"_monsterinsights_sitenote_note":"","_monsterinsights_sitenote_category":0},"product_cat":[319],"product_tag":[],"class_list":{"0":"post-8957","1":"product","2":"type-product","3":"status-publish","4":"has-post-thumbnail","6":"product_cat-literatura-mocambicana","7":"pa_book-author-mia-couto","9":"first","10":"instock","11":"shipping-taxable","12":"purchasable","13":"product-type-simple"},"_links":{"self":[{"href":"https:\/\/mabuko.co.mz\/site\/index.php?rest_route=\/wp\/v2\/product\/8957","targetHints":{"allow":["GET"]}}],"collection":[{"href":"https:\/\/mabuko.co.mz\/site\/index.php?rest_route=\/wp\/v2\/product"}],"about":[{"href":"https:\/\/mabuko.co.mz\/site\/index.php?rest_route=\/wp\/v2\/types\/product"}],"wp:featuredmedia":[{"embeddable":true,"href":"https:\/\/mabuko.co.mz\/site\/index.php?rest_route=\/wp\/v2\/media\/8958"}],"wp:attachment":[{"href":"https:\/\/mabuko.co.mz\/site\/index.php?rest_route=%2Fwp%2Fv2%2Fmedia&parent=8957"}],"wp:term":[{"taxonomy":"product_cat","embeddable":true,"href":"https:\/\/mabuko.co.mz\/site\/index.php?rest_route=%2Fwp%2Fv2%2Fproduct_cat&post=8957"},{"taxonomy":"product_tag","embeddable":true,"href":"https:\/\/mabuko.co.mz\/site\/index.php?rest_route=%2Fwp%2Fv2%2Fproduct_tag&post=8957"}],"curies":[{"name":"wp","href":"https:\/\/api.w.org\/{rel}","templated":true}]}}