{"id":8902,"date":"2024-01-10T09:31:57","date_gmt":"2024-01-10T09:31:57","guid":{"rendered":"https:\/\/mabuko.co.mz\/?post_type=product&#038;p=8902"},"modified":"2026-01-28T07:05:35","modified_gmt":"2026-01-28T07:05:35","slug":"culpa-nossa-culpados-3","status":"publish","type":"product","link":"https:\/\/mabuko.co.mz\/site\/?product=culpa-nossa-culpados-3","title":{"rendered":"CULPA NOSSA Culpados 3"},"content":{"rendered":"","protected":false},"excerpt":{"rendered":"<p><strong>SINOPSE\u00a0<\/strong><\/p>\n<p>At\u00e9 onde est\u00e3o dispostos a ir Nick e Noah?<br \/>\nDescobre o final surpreendente da s\u00e9rie YA mais lida do momento.<\/p>\n<p>A rela\u00e7\u00e3o de Nick e Noah passa pelo pior momento de sempre, e parece que nada voltar\u00e1 a ser como antes&#8230; Mas muitas coisas ter\u00e3o ainda de acontecer para perceberem se realmente foram feitos um para o outro.<\/p>\n<p>O amor nem sempre \u00e9 suficiente e o perd\u00e3o, \u00e0s vezes, tamb\u00e9m n\u00e3o chega para resolver as coisas. Mas ser\u00e1 poss\u00edvel esquecer uma paix\u00e3o t\u00e3o forte? Como apagar mem\u00f3rias que est\u00e3o tatuadas no cora\u00e7\u00e3o? Ser\u00e3o eles capazes de esquecer o passado e come\u00e7ar de novo?<\/p>\n<p>A nova trilogia da autora sensa\u00e7\u00e3o para f\u00e3s de Alice Kellen e Anna Todd.<\/p>\n","protected":false},"featured_media":8971,"template":"","meta":{"_monsterinsights_skip_tracking":false,"_monsterinsights_sitenote_active":false,"_monsterinsights_sitenote_note":"","_monsterinsights_sitenote_category":0},"product_cat":[223],"product_tag":[],"class_list":{"0":"post-8902","1":"product","2":"type-product","3":"status-publish","4":"has-post-thumbnail","6":"product_cat-juvenil","7":"pa_book-author-mercedes-ron","9":"first","10":"instock","11":"shipping-taxable","12":"purchasable","13":"product-type-simple"},"_links":{"self":[{"href":"https:\/\/mabuko.co.mz\/site\/index.php?rest_route=\/wp\/v2\/product\/8902","targetHints":{"allow":["GET"]}}],"collection":[{"href":"https:\/\/mabuko.co.mz\/site\/index.php?rest_route=\/wp\/v2\/product"}],"about":[{"href":"https:\/\/mabuko.co.mz\/site\/index.php?rest_route=\/wp\/v2\/types\/product"}],"wp:featuredmedia":[{"embeddable":true,"href":"https:\/\/mabuko.co.mz\/site\/index.php?rest_route=\/wp\/v2\/media\/8971"}],"wp:attachment":[{"href":"https:\/\/mabuko.co.mz\/site\/index.php?rest_route=%2Fwp%2Fv2%2Fmedia&parent=8902"}],"wp:term":[{"taxonomy":"product_cat","embeddable":true,"href":"https:\/\/mabuko.co.mz\/site\/index.php?rest_route=%2Fwp%2Fv2%2Fproduct_cat&post=8902"},{"taxonomy":"product_tag","embeddable":true,"href":"https:\/\/mabuko.co.mz\/site\/index.php?rest_route=%2Fwp%2Fv2%2Fproduct_tag&post=8902"}],"curies":[{"name":"wp","href":"https:\/\/api.w.org\/{rel}","templated":true}]}}