{"id":8899,"date":"2024-01-10T09:28:46","date_gmt":"2024-01-10T09:28:46","guid":{"rendered":"https:\/\/mabuko.co.mz\/?post_type=product&#038;p=8899"},"modified":"2026-01-28T07:06:24","modified_gmt":"2026-01-28T07:06:24","slug":"culpa-tua-culpados-2","status":"publish","type":"product","link":"https:\/\/mabuko.co.mz\/site\/?product=culpa-tua-culpados-2","title":{"rendered":"CULPA TUA Culpados 2"},"content":{"rendered":"","protected":false},"excerpt":{"rendered":"<p><strong>SINOPSE<\/strong><\/p>\n<p>Romance, trai\u00e7\u00e3o e muitas surpresas no segundo livro da trilogia sensa\u00e7\u00e3o.<br \/>\nDepois do que aconteceu no \u00faltimo ver\u00e3o, entre brigas, enganos, dece\u00e7\u00f5es e, sobretudo, a dif\u00edcil rela\u00e7\u00e3o entre Noah e o seu meio-irm\u00e3o, parece que as coisas acalmaram e tudo corre bem.<\/p>\n<p>Por\u00e9m, a vida de Noah vai sofrer uma nova e grande mudan\u00e7a. Ela fez dezoito anos e vai para a universidade. Como poder\u00e3o Noah e Nicholas continuar a rela\u00e7\u00e3o, entre os v\u00e1rios fantasmas que a minam? A diferen\u00e7a de idades, as festas, a vida acad\u00e9mica, e n\u00e3o nos esque\u00e7amos de todos os medos que cada um tem dentro de si e tenta enterrar\u2026 Nem tudo est\u00e1 resolvido, porque h\u00e1 feridas que demoram a sarar. E quando se gosta tanto de algu\u00e9m e essa pessoa nos dececiona, a dor pode crescer at\u00e9 ao ponto de se tornar insuport\u00e1vel.<\/p>\n<p>O amor \u00e9 tudo menos um caminho sem espinhos, e Nick e Noah t\u00eam de aprender a enfrentar os problemas juntos e n\u00e3o deixar que nada nem ningu\u00e9m os separe, mas\u2026 Ser\u00e1 que v\u00e3o conseguir? Ser\u00e1 Noah capaz de voltar a confiar? Poder\u00e1 Nicholas abrir, finalmente, o seu cora\u00e7\u00e3o?<\/p>\n<p>A nova trilogia da autora sensa\u00e7\u00e3o. Para f\u00e3s de Alice Kellen e Anna Todd.<\/p>\n","protected":false},"featured_media":8973,"template":"","meta":{"_monsterinsights_skip_tracking":false,"_monsterinsights_sitenote_active":false,"_monsterinsights_sitenote_note":"","_monsterinsights_sitenote_category":0},"product_cat":[223],"product_tag":[],"class_list":{"0":"post-8899","1":"product","2":"type-product","3":"status-publish","4":"has-post-thumbnail","6":"product_cat-juvenil","7":"pa_book-author-mercedes-ron","9":"first","10":"instock","11":"shipping-taxable","12":"purchasable","13":"product-type-simple"},"_links":{"self":[{"href":"https:\/\/mabuko.co.mz\/site\/index.php?rest_route=\/wp\/v2\/product\/8899","targetHints":{"allow":["GET"]}}],"collection":[{"href":"https:\/\/mabuko.co.mz\/site\/index.php?rest_route=\/wp\/v2\/product"}],"about":[{"href":"https:\/\/mabuko.co.mz\/site\/index.php?rest_route=\/wp\/v2\/types\/product"}],"wp:featuredmedia":[{"embeddable":true,"href":"https:\/\/mabuko.co.mz\/site\/index.php?rest_route=\/wp\/v2\/media\/8973"}],"wp:attachment":[{"href":"https:\/\/mabuko.co.mz\/site\/index.php?rest_route=%2Fwp%2Fv2%2Fmedia&parent=8899"}],"wp:term":[{"taxonomy":"product_cat","embeddable":true,"href":"https:\/\/mabuko.co.mz\/site\/index.php?rest_route=%2Fwp%2Fv2%2Fproduct_cat&post=8899"},{"taxonomy":"product_tag","embeddable":true,"href":"https:\/\/mabuko.co.mz\/site\/index.php?rest_route=%2Fwp%2Fv2%2Fproduct_tag&post=8899"}],"curies":[{"name":"wp","href":"https:\/\/api.w.org\/{rel}","templated":true}]}}