{"id":8892,"date":"2024-01-10T09:00:21","date_gmt":"2024-01-10T09:00:21","guid":{"rendered":"https:\/\/mabuko.co.mz\/?post_type=product&#038;p=8892"},"modified":"2024-08-22T10:06:04","modified_gmt":"2024-08-22T10:06:04","slug":"o-poder-de-conquistar-e-influenciar-pessoas","status":"publish","type":"product","link":"https:\/\/mabuko.co.mz\/site\/?product=o-poder-de-conquistar-e-influenciar-pessoas","title":{"rendered":"O PODER DE CONQUISTAR E INFLUENCIAR PESSOAS"},"content":{"rendered":"","protected":false},"excerpt":{"rendered":"<p><strong><label class=\"title font-light d-flex justify-content-between align-items-center collapsed\" data-target=\"#synopsis-toggle-collapse\" data-toggle=\"collapse\"><span class=\"d-flex flex-column gap-30\">SINOPSE<\/span><\/label><\/strong><\/p>\n<p>Alexandre Monteiro, autor\u00a0<i>best-seller<\/i>\u00a0de\u00a0<i>Torne-se um Decifrador de Pessoas<\/i>, traz-nos um novo livro com ferramentas, exerc\u00edcios e casos reais para influenciar os outros. Porque todos n\u00f3s, no nosso dia a dia, em rela\u00e7\u00f5es profissionais ou pessoais queremos e precisamos de conquistar pessoas.<\/p>\n<p>A influ\u00eancia \u00e9 um superpoder e est\u00e1 ao alcance de todos. Todos n\u00f3s, no nosso dia a dia, em rela\u00e7\u00f5es profissionais ou pessoais queremos e precisamos de conquistar pessoas. Precisamos de ser reconhecidos, promovidos, amados, ouvidos ou admirados. Precisamos que os outros nos digam sim, de motiv\u00e1-los a tomarem a a\u00e7\u00e3o que desejamos, queremos cultivar amizades e ganhar o respeito dos outros, de fechar neg\u00f3cios e concretizar os nossos objetivos.<\/p>\n<p>Conquistar pessoas n\u00e3o \u00e9 um dom, \u00e9 uma ci\u00eancia. Com recurso \u00e0 neuroci\u00eancia, psicologia comportamental e a t\u00e9cnicas exclusivas ensinadas pelas principais ag\u00eancias de intelig\u00eancia e espionagem, Alexandre Monteiro, autor do\u00a0<i>best-seller<\/i>\u00a0<i>Torne-se um Decifrador de Pessoas<\/i>, avisa: se quer influenciar e conquistar pessoas saiba que isso depende pouco da sua compet\u00eancia e conhecimento e mais da sua capacidade de comunicar e persuadir.<\/p>\n<p>Neste livro vai aprender a:<\/p>\n<p>&#8211; Trabalhar a sua mentalidade: passe da mente pobre a rico.<br \/>\n&#8211; Trabalhar o seu carisma, confian\u00e7a e autoridade: seja visto.<br \/>\n&#8211; Trabalhar as suas habilidades sociais e empatia: seja gostado.<br \/>\n&#8211; Usar ferramentas poderosas como o ROI e o COI.<br \/>\n&#8211; Dominar as fases da comunica\u00e7\u00e3o: evitar, competir, cooperar.<br \/>\n&#8211; Di\u00e1logo proativo e reativo.<\/p>\n<div id=\"synopsis-toggle-collapse\" class=\"content right collapse\">\n<p>Alexandre Monteiro, autor\u00a0<i>best-seller<\/i>\u00a0de\u00a0<i>Torne-se um Decifrador de Pessoas<\/i>, traz-nos um novo livro com ferramentas, exerc\u00edcios e casos reais para influenciar os outros. Porque todos n\u00f3s, no nosso dia a dia, em rela\u00e7\u00f5es profissionais ou pessoais queremos e precisamos de conquistar pessoas.<\/p>\n<p>A influ\u00eancia \u00e9 um superpoder e est\u00e1 ao alcance de todos. Todos n\u00f3s, no nosso dia a dia, em rela\u00e7\u00f5es profissionais ou pessoais queremos e precisamos de conquistar pessoas. Precisamos de ser reconhecidos, promovidos, amados, ouvidos ou admirados. Precisamos que os outros nos digam sim, de motiv\u00e1-los a tomarem a a\u00e7\u00e3o que desejamos, queremos cultivar amizades e ganhar o respeito dos outros, de fechar neg\u00f3cios e concretizar os nossos objetivos.<\/p>\n<p>Conquistar pessoas n\u00e3o \u00e9 um dom, \u00e9 uma ci\u00eancia. Com recurso \u00e0 neuroci\u00eancia, psicologia comportamental e a t\u00e9cnicas exclusivas ensinadas pelas principais ag\u00eancias de intelig\u00eancia e espionagem, Alexandre Monteiro, autor do\u00a0<i>best-seller<\/i>\u00a0<i>Torne-se um Decifrador de Pessoas<\/i>, avisa: se quer influenciar e conquistar pessoas saiba que isso depende pouco da sua compet\u00eancia e conhecimento e mais da sua capacidade de comunicar e persuadir.<\/p>\n<p>Neste livro vai aprender a:<\/p>\n<p>&#8211; Trabalhar a sua mentalidade: passe da mente pobre a rico.<br \/>\n&#8211; Trabalhar o seu carisma, confian\u00e7a e autoridade: seja visto.<br \/>\n&#8211; Trabalhar as suas habilidades sociais e empatia: seja gostado.<br \/>\n&#8211; Usar ferramentas poderosas como o ROI e o COI.<br \/>\n&#8211; Dominar as fases da comunica\u00e7\u00e3o: evitar, competir, cooperar.<br \/>\n&#8211; Di\u00e1logo proativo e reativo.<\/p>\n<\/div>\n","protected":false},"featured_media":8974,"template":"","meta":{"_monsterinsights_skip_tracking":false,"_monsterinsights_sitenote_active":false,"_monsterinsights_sitenote_note":"","_monsterinsights_sitenote_category":0},"product_cat":[108],"product_tag":[],"class_list":{"0":"post-8892","1":"product","2":"type-product","3":"status-publish","4":"has-post-thumbnail","6":"product_cat-auto-ajuda","7":"pa_book-author-alexandre-monteiro","9":"first","10":"outofstock","11":"shipping-taxable","12":"purchasable","13":"product-type-simple"},"_links":{"self":[{"href":"https:\/\/mabuko.co.mz\/site\/index.php?rest_route=\/wp\/v2\/product\/8892","targetHints":{"allow":["GET"]}}],"collection":[{"href":"https:\/\/mabuko.co.mz\/site\/index.php?rest_route=\/wp\/v2\/product"}],"about":[{"href":"https:\/\/mabuko.co.mz\/site\/index.php?rest_route=\/wp\/v2\/types\/product"}],"wp:featuredmedia":[{"embeddable":true,"href":"https:\/\/mabuko.co.mz\/site\/index.php?rest_route=\/wp\/v2\/media\/8974"}],"wp:attachment":[{"href":"https:\/\/mabuko.co.mz\/site\/index.php?rest_route=%2Fwp%2Fv2%2Fmedia&parent=8892"}],"wp:term":[{"taxonomy":"product_cat","embeddable":true,"href":"https:\/\/mabuko.co.mz\/site\/index.php?rest_route=%2Fwp%2Fv2%2Fproduct_cat&post=8892"},{"taxonomy":"product_tag","embeddable":true,"href":"https:\/\/mabuko.co.mz\/site\/index.php?rest_route=%2Fwp%2Fv2%2Fproduct_tag&post=8892"}],"curies":[{"name":"wp","href":"https:\/\/api.w.org\/{rel}","templated":true}]}}