{"id":8811,"date":"2023-10-13T07:44:34","date_gmt":"2023-10-13T07:44:34","guid":{"rendered":"https:\/\/mabuko.co.mz\/?post_type=product&#038;p=8811"},"modified":"2024-03-06T08:46:54","modified_gmt":"2024-03-06T08:46:54","slug":"108-dias-de-gratidao-amor-e-perdao","status":"publish","type":"product","link":"https:\/\/mabuko.co.mz\/site\/?product=108-dias-de-gratidao-amor-e-perdao","title":{"rendered":"108 dias de gratid\u00e3o, amor e perd\u00e3o"},"content":{"rendered":"<p>108 dias de gratid\u00e3o, amor e perd\u00e3o<\/p>\n","protected":false},"excerpt":{"rendered":"<p><strong>SINOPSE<\/strong><\/p>\n<p>Para ter uma vida transformada, \u00e9 preciso dar-mo-nos tempo para cuidar da nossa energia. A autora traz, atrav\u00e9s desta obra, um guia pr\u00e1tico de 108 dias em que se ir\u00e1 trabalhar os tr\u00eas pilares da transforma\u00e7\u00e3o: a gratid\u00e3o, o amor e o perd\u00e3o.<br \/>\nA cada dia, o leitor ser\u00e1 desafiado a sair da sua zona de conforto e a mergulhar no seu interior, resgatando mem\u00f3rias, sonhos, emo\u00e7\u00f5es, a olhar \u00e0 sua volta e descobrir o valor do que cocriou para si.<br \/>\nAtrav\u00e9s destes tr\u00eas pilares, far\u00e1 a eleva\u00e7\u00e3o da sua vibra\u00e7\u00e3o, o que permitir\u00e1 aumentar o seu senso de felicidade, harmonia, paz interior e amor pr\u00f3prio.<br \/>\nAtreva-se a descobrir uma nova forma de viver e ser!<br \/>\nEur\u00eddice Szebelledi, mo\u00e7ambicana, residente em Maputo, \u00e9 uma terapeuta hol\u00edstica integrativa, Mestre em Reiki e facilitadora de medita\u00e7\u00e3o. Conduz sess\u00f5es de terapia individual e em grupo, workshops de medita\u00e7\u00e3o, gratid\u00e3o, cura energ\u00e9tica, bem-estar e resili\u00eancia pessoal.<br \/>\nFez a transi\u00e7\u00e3o de carreira, em 2022, da \u00e1rea de Recursos Humanos para se dedicar ao seu chamado.<br \/>\nLicenciada em Ci\u00eancias Metaf\u00edsicas pela Universidade de Ci\u00eancias Metaf\u00edsicas dos Estados Unidos, det\u00e9m tamb\u00e9m um MBA<br \/>\nExecutivo em Gestao de<br \/>\nPessoas,<br \/>\nDesenvolvimento Gerencial e Coaching pela UniBE do Brasil e uma Licenciatura em Ci\u00eancias Biol\u00f3gicas pela<br \/>\nUniversidade Eduardo Mondlane de Mo\u00e7ambique.<br \/>\nNo seu tempo livre, dedica-se \u00e0 fam\u00edlia, \u00e0 escrita de romances new adult e \u00e0 desfrutar\u00a0a\u00a0vida.<\/p>\n","protected":false},"featured_media":8946,"template":"","meta":{"_monsterinsights_skip_tracking":false,"_monsterinsights_sitenote_active":false,"_monsterinsights_sitenote_note":"","_monsterinsights_sitenote_category":0},"product_cat":[319],"product_tag":[],"class_list":{"0":"post-8811","1":"product","2":"type-product","3":"status-publish","4":"has-post-thumbnail","6":"product_cat-literatura-mocambicana","7":"pa_book-author-euridice-szebelledi","9":"first","10":"instock","11":"shipping-taxable","12":"purchasable","13":"product-type-simple"},"_links":{"self":[{"href":"https:\/\/mabuko.co.mz\/site\/index.php?rest_route=\/wp\/v2\/product\/8811","targetHints":{"allow":["GET"]}}],"collection":[{"href":"https:\/\/mabuko.co.mz\/site\/index.php?rest_route=\/wp\/v2\/product"}],"about":[{"href":"https:\/\/mabuko.co.mz\/site\/index.php?rest_route=\/wp\/v2\/types\/product"}],"wp:featuredmedia":[{"embeddable":true,"href":"https:\/\/mabuko.co.mz\/site\/index.php?rest_route=\/wp\/v2\/media\/8946"}],"wp:attachment":[{"href":"https:\/\/mabuko.co.mz\/site\/index.php?rest_route=%2Fwp%2Fv2%2Fmedia&parent=8811"}],"wp:term":[{"taxonomy":"product_cat","embeddable":true,"href":"https:\/\/mabuko.co.mz\/site\/index.php?rest_route=%2Fwp%2Fv2%2Fproduct_cat&post=8811"},{"taxonomy":"product_tag","embeddable":true,"href":"https:\/\/mabuko.co.mz\/site\/index.php?rest_route=%2Fwp%2Fv2%2Fproduct_tag&post=8811"}],"curies":[{"name":"wp","href":"https:\/\/api.w.org\/{rel}","templated":true}]}}