{"id":8806,"date":"2023-10-09T07:54:05","date_gmt":"2023-10-09T07:54:05","guid":{"rendered":"https:\/\/mabuko.co.mz\/?post_type=product&#038;p=8806"},"modified":"2024-03-06T08:47:37","modified_gmt":"2024-03-06T08:47:37","slug":"o-comboio-da-morte","status":"publish","type":"product","link":"https:\/\/mabuko.co.mz\/site\/?product=o-comboio-da-morte","title":{"rendered":"O COMBOIO DA MORTE"},"content":{"rendered":"","protected":false},"excerpt":{"rendered":"<p><strong>SINOPSE<\/strong><\/p>\n<p>J\u00e1 se vai uma semana, trancado neste lugar, numa cela de doze metros quadrados, com paredes supostamente pintadas de cor branca, uma tinta que se vai descascando criando bolhas, sobre ela desfilam milhares de palavras, tintas de cores prim\u00e1rias, secund\u00e1rias, terci\u00e1rias e demais tintas de car\u00e1cter indescrit\u00edvel formando diversas palavras. As escrituras revelam nomes de pessoas, alcunhas, sen\u00adtimentos de melancolia e de revolta. Era poss\u00edvel ver fra\u00adses como \u201ceste lugar \u00e9 nosso\u201d e mais ainda juramentos de vingan\u00e7a, no centro da parede uma frase chamava mais a aten\u00e7\u00e3o, uma tinta vermelha cortava o centro deixando uma frase que dizia \u201cSol de hoje voc\u00ea n\u00e3o passa\u201d pareciam palavras escritas com sangue, certamente um indiv\u00edduo mergulhado na mais profunda ang\u00fastia&#8230;<\/p>\n","protected":false},"featured_media":8944,"template":"","meta":{"_monsterinsights_skip_tracking":false,"_monsterinsights_sitenote_active":false,"_monsterinsights_sitenote_note":"","_monsterinsights_sitenote_category":0},"product_cat":[1030,319],"product_tag":[],"class_list":{"0":"post-8806","1":"product","2":"type-product","3":"status-publish","4":"has-post-thumbnail","6":"product_cat-1-o","7":"product_cat-literatura-mocambicana","8":"pa_book-author-marshall-tsambe","10":"first","11":"instock","12":"shipping-taxable","13":"purchasable","14":"product-type-simple"},"_links":{"self":[{"href":"https:\/\/mabuko.co.mz\/site\/index.php?rest_route=\/wp\/v2\/product\/8806","targetHints":{"allow":["GET"]}}],"collection":[{"href":"https:\/\/mabuko.co.mz\/site\/index.php?rest_route=\/wp\/v2\/product"}],"about":[{"href":"https:\/\/mabuko.co.mz\/site\/index.php?rest_route=\/wp\/v2\/types\/product"}],"wp:featuredmedia":[{"embeddable":true,"href":"https:\/\/mabuko.co.mz\/site\/index.php?rest_route=\/wp\/v2\/media\/8944"}],"wp:attachment":[{"href":"https:\/\/mabuko.co.mz\/site\/index.php?rest_route=%2Fwp%2Fv2%2Fmedia&parent=8806"}],"wp:term":[{"taxonomy":"product_cat","embeddable":true,"href":"https:\/\/mabuko.co.mz\/site\/index.php?rest_route=%2Fwp%2Fv2%2Fproduct_cat&post=8806"},{"taxonomy":"product_tag","embeddable":true,"href":"https:\/\/mabuko.co.mz\/site\/index.php?rest_route=%2Fwp%2Fv2%2Fproduct_tag&post=8806"}],"curies":[{"name":"wp","href":"https:\/\/api.w.org\/{rel}","templated":true}]}}