{"id":8793,"date":"2023-09-22T08:58:12","date_gmt":"2023-09-22T08:58:12","guid":{"rendered":"https:\/\/mabuko.co.mz\/?post_type=product&#038;p=8793"},"modified":"2026-03-25T14:13:58","modified_gmt":"2026-03-25T14:13:58","slug":"as-madames","status":"publish","type":"product","link":"https:\/\/mabuko.co.mz\/site\/?product=as-madames","title":{"rendered":"AS MADAMES"},"content":{"rendered":"","protected":false},"excerpt":{"rendered":"<p><strong>SINOPSE<\/strong><\/p>\n<p>Thandi, Siz e Lauren s\u00e3o as madames de Lombardy East.<br \/>\nLauren, \u00e9 uma acad\u00e9mica branca, liberal e moderna. Siz, nascida em ber\u00e7o de ouro decorado com missangas, tem um cora\u00e7\u00e3o generoso, assinado por roupas de designers. E Thandi, desempenha com excel\u00eancia os seus pap\u00e9is de m\u00e3e, filha, esposa, dona de casa e Directora Executiva no Soweto. Mas chegou a hora de enfrentar a dura realidade: a sua capa de Super-Mulher est\u00e1 a pesar demais &#8211; ela precisa de ajuda. Ela precisa de contratar uma empregada.<br \/>\nA chegada de Marita, a nova empregada dom\u00e9stica de Thandi, uma ex-reclusa branca, desencadeia um efeito domin\u00f3 na vida das madames. Fazendo estremecer as funda\u00e7\u00f5es da sua amizade quando os seus pap\u00e9is s\u00e3o confrontados pelas suas suposi\u00e7\u00f5es sobre ra\u00e7a e classe social.<br \/>\nAfinal, os brancos tamb\u00e9m servem para ser empregados dos negros? Ser\u00e3o realmente as empregadas consideradas membros da fam\u00edlia das patroas?<br \/>\nE o que se sabe, realmente, sobre o que acontece entre quatro paredes na casa dos vizinhos?<br \/>\nQuantos segredos caber\u00e3o dentro dessa amizade? E quem s\u00e3o, realmente, os homens que dormem com as madames?<br \/>\nAs Madames, originalmente publicado em 2006, \u00e9 o romance de estreia da autora sul-africana Zukiswa Wanner. Um livro que faz questionar o lugar das din\u00e2micas familiares, a nossa vulnerabilidade e a necessidade de (nem sempre) manter as apar\u00eancias.<br \/>\nEste \u00e9 um livro para se ler e reler em diferentes momentos da vida. Daqueles que desejamos partilhar com amigos ou familiares e com quem mais tarde se senta para debater as personagens e o enredo.<br \/>\nD\u00e9borah Cardoso Ribas<br \/>\n&#8220;Pelas linhas da sua escrita t\u00e3o acess\u00edvel quanto elegante, Zukiswa Wanner brinda-nos com narrativas que contemplam o nosso quotidiano, a nossa exist\u00eancia humana, com humor, beleza e profundidade incontorn\u00e1veis. Com certeza uma das vozes mais vibrantes da literatura Africana&#8221;.<br \/>\nVirg\u00edlia Ferr\u00e3o, Di\u00e1rio\u00a0de\u00a0Uma\u00a0Qawwi<\/p>\n","protected":false},"featured_media":8952,"template":"","meta":{"_monsterinsights_skip_tracking":false,"_monsterinsights_sitenote_active":false,"_monsterinsights_sitenote_note":"","_monsterinsights_sitenote_category":0},"product_cat":[319],"product_tag":[],"class_list":{"0":"post-8793","1":"product","2":"type-product","3":"status-publish","4":"has-post-thumbnail","6":"product_cat-literatura-mocambicana","7":"pa_book-author-zukiswa-wanner","9":"first","10":"outofstock","11":"shipping-taxable","12":"purchasable","13":"product-type-simple"},"_links":{"self":[{"href":"https:\/\/mabuko.co.mz\/site\/index.php?rest_route=\/wp\/v2\/product\/8793","targetHints":{"allow":["GET"]}}],"collection":[{"href":"https:\/\/mabuko.co.mz\/site\/index.php?rest_route=\/wp\/v2\/product"}],"about":[{"href":"https:\/\/mabuko.co.mz\/site\/index.php?rest_route=\/wp\/v2\/types\/product"}],"wp:featuredmedia":[{"embeddable":true,"href":"https:\/\/mabuko.co.mz\/site\/index.php?rest_route=\/wp\/v2\/media\/8952"}],"wp:attachment":[{"href":"https:\/\/mabuko.co.mz\/site\/index.php?rest_route=%2Fwp%2Fv2%2Fmedia&parent=8793"}],"wp:term":[{"taxonomy":"product_cat","embeddable":true,"href":"https:\/\/mabuko.co.mz\/site\/index.php?rest_route=%2Fwp%2Fv2%2Fproduct_cat&post=8793"},{"taxonomy":"product_tag","embeddable":true,"href":"https:\/\/mabuko.co.mz\/site\/index.php?rest_route=%2Fwp%2Fv2%2Fproduct_tag&post=8793"}],"curies":[{"name":"wp","href":"https:\/\/api.w.org\/{rel}","templated":true}]}}