{"id":8789,"date":"2023-09-22T08:42:54","date_gmt":"2023-09-22T08:42:54","guid":{"rendered":"https:\/\/mabuko.co.mz\/?post_type=product&#038;p=8789"},"modified":"2025-04-23T13:24:00","modified_gmt":"2025-04-23T13:24:00","slug":"laberinto-mortal","status":"publish","type":"product","link":"https:\/\/mabuko.co.mz\/site\/?product=laberinto-mortal","title":{"rendered":"LABERINTO MORTAL"},"content":{"rendered":"","protected":false},"excerpt":{"rendered":"<p><strong>SINOPSE<\/strong><\/p>\n<p>Aposentado \u00e0 for\u00e7a, John Corey, ex-detetive de homic\u00eddios, sente-se algo inquieto e ansioso por a\u00e7\u00e3o. Por isso, quando a sua ex-amante, a detetive Beth Penrose, aparece com uma proposta de emprego, Corey tem decis\u00f5es a tomar &#8211; sobre a sua carreira e tamb\u00e9m sobre a sua rela\u00e7\u00e3o com Beth.<\/p>\n<p>Inspirado em factos reais &#8211; nos homic\u00eddios ainda por solucionar de Gilgo Beach -,\u00a0<i>Labirinto Mortal<\/i>\u00a0leva-nos numa perigosa ca\u00e7ada a um alegado assassino em s\u00e9rie que matou nove, ou talvez mais, prostitutas, escondendo depois os cad\u00e1veres numa praia.<\/p>\n<p>\u00c0 medida que Corey desvenda o caso, come\u00e7a a suspeitar de que a dificuldade sentida pela pol\u00edcia em resolver o crime pode n\u00e3o ser apenas resultado da sua inexperi\u00eancia e incompet\u00eancia. Pode ser algo muito mais sinistro.<\/p>\n<p>Em\u00a0<i>Labirinto Mortal<\/i>, temos o humor politicamente incorreto de John Corey, as suas excelentes compet\u00eancias de investiga\u00e7\u00e3o, pouco ortodoxas, e ainda surpreendentes reviravoltas, que s\u00e3o a assinatura do autor bestseller n.\u00ba 1 do\u00a0<i>New York Times<\/i>, Nelson DeMille.<\/p>\n","protected":false},"featured_media":8978,"template":"","meta":{"_monsterinsights_skip_tracking":false,"_monsterinsights_sitenote_active":false,"_monsterinsights_sitenote_note":"","_monsterinsights_sitenote_category":0},"product_cat":[105],"product_tag":[],"class_list":{"0":"post-8789","1":"product","2":"type-product","3":"status-publish","4":"has-post-thumbnail","6":"product_cat-romance","7":"pa_book-author-nelson-demille","9":"first","10":"outofstock","11":"shipping-taxable","12":"purchasable","13":"product-type-simple"},"_links":{"self":[{"href":"https:\/\/mabuko.co.mz\/site\/index.php?rest_route=\/wp\/v2\/product\/8789","targetHints":{"allow":["GET"]}}],"collection":[{"href":"https:\/\/mabuko.co.mz\/site\/index.php?rest_route=\/wp\/v2\/product"}],"about":[{"href":"https:\/\/mabuko.co.mz\/site\/index.php?rest_route=\/wp\/v2\/types\/product"}],"wp:featuredmedia":[{"embeddable":true,"href":"https:\/\/mabuko.co.mz\/site\/index.php?rest_route=\/wp\/v2\/media\/8978"}],"wp:attachment":[{"href":"https:\/\/mabuko.co.mz\/site\/index.php?rest_route=%2Fwp%2Fv2%2Fmedia&parent=8789"}],"wp:term":[{"taxonomy":"product_cat","embeddable":true,"href":"https:\/\/mabuko.co.mz\/site\/index.php?rest_route=%2Fwp%2Fv2%2Fproduct_cat&post=8789"},{"taxonomy":"product_tag","embeddable":true,"href":"https:\/\/mabuko.co.mz\/site\/index.php?rest_route=%2Fwp%2Fv2%2Fproduct_tag&post=8789"}],"curies":[{"name":"wp","href":"https:\/\/api.w.org\/{rel}","templated":true}]}}