{"id":8788,"date":"2023-09-22T08:32:28","date_gmt":"2023-09-22T08:32:28","guid":{"rendered":"https:\/\/mabuko.co.mz\/?post_type=product&#038;p=8788"},"modified":"2025-04-11T08:24:55","modified_gmt":"2025-04-11T08:24:55","slug":"o-segredo-da-criada","status":"publish","type":"product","link":"https:\/\/mabuko.co.mz\/site\/?product=o-segredo-da-criada","title":{"rendered":"O SEGREDO DA CRIADA"},"content":{"rendered":"","protected":false},"excerpt":{"rendered":"<p><strong>SINOPSE<\/strong><\/p>\n<p>Cinco anos ap\u00f3s os acontecimentos de A Criada, Millie pensa que pode construir uma vida \u00abnormal\u00bb, formando-se como assistente social e trabalhando para outra fam\u00edlia rica&#8230; mas est\u00e1 muito enganada!<\/p>\n<p>MISTERIOSO, INTENSO E VICIANTE COMO UM VERDADEIRO THRILLER DEVE SER!<\/p>\n<p>\u00abMillie, nunca entre no quarto de h\u00f3spedes&#8230;\u00bb Uma sombra abate-se sobre o rosto de Douglas Garrick ao tocar na porta do quarto com a ponta dos dedos. \u00ab\u00c9 que&#8230; a minha mulher&#8230; est\u00e1 muito doente\u00bb. Enquanto me continua a mostrar o seu incr\u00edvel apartamento penthouse num dos pr\u00e9dios mais vistosos da cidade, tenho um pressentimento terr\u00edvel sobre a mulher fechada naquele quarto.<\/p>\n<p>Mas n\u00e3o posso arriscar-me a perder este emprego &#8211; pelo menos se quiser continuar a manter o meu segredo. \u00c9 dif\u00edcil encontrar empregadores que n\u00e3o fa\u00e7am muitas perguntas, especialmente sobre o passado. Nesse aspeto, agrade\u00e7o a sorte de os Garrick me terem contratado.<\/p>\n<p>Posso trabalhar aqui durante algum tempo, ficar sossegada at\u00e9 conseguir o que quero. Arrumar e limpar a sua deslumbrante penthouse de vista panor\u00e2mica sobre a cidade e preparar-lhes refei\u00e7\u00f5es sofisticadas na sua cozinha reluzente. O emprego quase perfeito.<\/p>\n<p>S\u00f3 ainda n\u00e3o conheci a Sra. Garrick, nem espreitei o quarto de h\u00f3spedes.<\/p>\n<p>Tenho a certeza que a ou\u00e7o chorar \u00e0s vezes. Tamb\u00e9m j\u00e1 reparei em manchas de sangue na gola das suas camisas de dormir quando estou a lavar a roupa. Um dia, n\u00e3o consigo evitar bater \u00e0 porta. E, quando se abre suavemente, o que vejo l\u00e1 dentro muda tudo&#8230;<\/p>\n","protected":false},"featured_media":8979,"template":"","meta":{"_monsterinsights_skip_tracking":false,"_monsterinsights_sitenote_active":false,"_monsterinsights_sitenote_note":"","_monsterinsights_sitenote_category":0},"product_cat":[105],"product_tag":[],"class_list":{"0":"post-8788","1":"product","2":"type-product","3":"status-publish","4":"has-post-thumbnail","6":"product_cat-romance","7":"pa_book-author-freida-mcfadden","9":"first","10":"outofstock","11":"shipping-taxable","12":"purchasable","13":"product-type-simple"},"_links":{"self":[{"href":"https:\/\/mabuko.co.mz\/site\/index.php?rest_route=\/wp\/v2\/product\/8788","targetHints":{"allow":["GET"]}}],"collection":[{"href":"https:\/\/mabuko.co.mz\/site\/index.php?rest_route=\/wp\/v2\/product"}],"about":[{"href":"https:\/\/mabuko.co.mz\/site\/index.php?rest_route=\/wp\/v2\/types\/product"}],"wp:featuredmedia":[{"embeddable":true,"href":"https:\/\/mabuko.co.mz\/site\/index.php?rest_route=\/wp\/v2\/media\/8979"}],"wp:attachment":[{"href":"https:\/\/mabuko.co.mz\/site\/index.php?rest_route=%2Fwp%2Fv2%2Fmedia&parent=8788"}],"wp:term":[{"taxonomy":"product_cat","embeddable":true,"href":"https:\/\/mabuko.co.mz\/site\/index.php?rest_route=%2Fwp%2Fv2%2Fproduct_cat&post=8788"},{"taxonomy":"product_tag","embeddable":true,"href":"https:\/\/mabuko.co.mz\/site\/index.php?rest_route=%2Fwp%2Fv2%2Fproduct_tag&post=8788"}],"curies":[{"name":"wp","href":"https:\/\/api.w.org\/{rel}","templated":true}]}}