{"id":8783,"date":"2023-09-22T08:22:48","date_gmt":"2023-09-22T08:22:48","guid":{"rendered":"https:\/\/mabuko.co.mz\/?post_type=product&#038;p=8783"},"modified":"2025-11-17T15:48:51","modified_gmt":"2025-11-17T15:48:51","slug":"a-criada","status":"publish","type":"product","link":"https:\/\/mabuko.co.mz\/site\/?product=a-criada","title":{"rendered":"A CRIADA"},"content":{"rendered":"","protected":false},"excerpt":{"rendered":"<p><strong>SINOPSE<\/strong><\/p>\n<p>Por tr\u00e1s de cada porta, ela consegue ver tudo.<\/p>\n<p>\u00abBem-vinda \u00e0 fam\u00edlia\u00bb, diz Nina Winchester enquanto me cumprimenta com a sua m\u00e3o elegante e bem cuidada. Sorrio educadamente e olho para o longo corredor de m\u00e1rmore.<\/p>\n<p>Este emprego caiu-me do c\u00e9u. Talvez seja a minha \u00faltima oportunidade para mudar de vida. E o melhor de tudo \u00e9 que aqui ningu\u00e9m sabe nada acerca do meu passado. Posso esconder-me e fingir ser aquilo que eu quiser. Infelizmente, n\u00e3o tardo a descobrir que os segredos dos Winchester s\u00e3o muito mais perigosos do que os meus\u2026<\/p>\n<p>Todos os dias limpo a bela casa dos Winchester de cima a baixo, vou buscar a filha deles \u00e0 escola e cozinho uma deliciosa refei\u00e7\u00e3o para toda a fam\u00edlia antes de subir e comer sozinha no meu quarto min\u00fasculo no s\u00f3t\u00e3o.<\/p>\n<p>Tento ignorar a forma como Nina gera o caos s\u00f3 para me ver limpar. Como conta hist\u00f3rias inveros\u00edmeis sobre a filha. E como o seu marido, Andrew, parece cada dia mais destro\u00e7ado. Quando o vejo, e \u00e0queles belos olhos castanhos t\u00e3o tristes, \u00e9 dif\u00edcil n\u00e3o me imaginar no lugar de Nina. Com o marido perfeito, a roupa chique, o carro de luxo. Um dia, experimentei um dos seus vestidos s\u00f3 para ver como me ficava. Mas ela percebeu&#8230; e foi a\u00ed que descobri porque \u00e9 que a porta do meu quarto s\u00f3 trancava pelo lado de fora&#8230;<\/p>\n<p>Se sair desta casa, ser\u00e1 algemada.<br \/>\nDevia ter fugido enquanto podia. Agora, a minha oportunidade desapareceu. Agora que os pol\u00edcias est\u00e3o na casa e descobriram o que est\u00e1 no andar de cima, n\u00e3o h\u00e1 volta atr\u00e1s.<br \/>\nEst\u00e3o a cerca de cinco segundos de me ler os direitos. N\u00e3o sei muito bem porque n\u00e3o o fizeram ainda. Talvez esperem induzir-me a dizer-lhes algo que n\u00e3o devia.<br \/>\nBoa sorte com isso.<\/p>\n<p>O pol\u00edcia com o cabelo preto raiado de grisalho est\u00e1 sentado ao meu lado no sof\u00e1. Muda a posi\u00e7\u00e3o do seu corpo entroncado sobre o cabedal italiano cor de caramelo queimado. Pergunto-me que tipo de sof\u00e1 ter\u00e1 em casa. N\u00e3o um, certamente, com um pre\u00e7o de cinco d\u00edgitos como este. Provavelmente de uma cor foleira como laranja, coberto de pelo de animais de estima\u00e7\u00e3o e com mais do que um rasg\u00e3o nas costuras. Pergunto-me se estar\u00e1 a pensar no seu sof\u00e1 em casa e a desejar ter um como este.Ou, mais provavelmente, est\u00e1 a pensar no cad\u00e1ver l\u00e1 em cima no s\u00f3t\u00e3o.<\/p>\n","protected":false},"featured_media":9111,"template":"","meta":{"_monsterinsights_skip_tracking":false,"_monsterinsights_sitenote_active":false,"_monsterinsights_sitenote_note":"","_monsterinsights_sitenote_category":0},"product_cat":[105,131],"product_tag":[],"class_list":{"0":"post-8783","1":"product","2":"type-product","3":"status-publish","4":"has-post-thumbnail","6":"product_cat-romance","7":"product_cat-thriller","8":"pa_book-author-freida-mcfadden","10":"first","11":"outofstock","12":"shipping-taxable","13":"purchasable","14":"product-type-simple"},"_links":{"self":[{"href":"https:\/\/mabuko.co.mz\/site\/index.php?rest_route=\/wp\/v2\/product\/8783","targetHints":{"allow":["GET"]}}],"collection":[{"href":"https:\/\/mabuko.co.mz\/site\/index.php?rest_route=\/wp\/v2\/product"}],"about":[{"href":"https:\/\/mabuko.co.mz\/site\/index.php?rest_route=\/wp\/v2\/types\/product"}],"wp:featuredmedia":[{"embeddable":true,"href":"https:\/\/mabuko.co.mz\/site\/index.php?rest_route=\/wp\/v2\/media\/9111"}],"wp:attachment":[{"href":"https:\/\/mabuko.co.mz\/site\/index.php?rest_route=%2Fwp%2Fv2%2Fmedia&parent=8783"}],"wp:term":[{"taxonomy":"product_cat","embeddable":true,"href":"https:\/\/mabuko.co.mz\/site\/index.php?rest_route=%2Fwp%2Fv2%2Fproduct_cat&post=8783"},{"taxonomy":"product_tag","embeddable":true,"href":"https:\/\/mabuko.co.mz\/site\/index.php?rest_route=%2Fwp%2Fv2%2Fproduct_tag&post=8783"}],"curies":[{"name":"wp","href":"https:\/\/api.w.org\/{rel}","templated":true}]}}