{"id":8760,"date":"2023-09-08T08:15:46","date_gmt":"2023-09-08T08:15:46","guid":{"rendered":"https:\/\/mabuko.co.mz\/?post_type=product&#038;p=8760"},"modified":"2023-09-08T08:15:46","modified_gmt":"2023-09-08T08:15:46","slug":"atravessar-a-pele","status":"publish","type":"product","link":"https:\/\/mabuko.co.mz\/site\/?product=atravessar-a-pele","title":{"rendered":"ATRAVESSAR A PELE"},"content":{"rendered":"<p>VOLUME I<\/p>\n","protected":false},"excerpt":{"rendered":"<p style=\"margin: 0cm;\"><strong><span style=\"font-size: 9.0pt; font-family: 'Helvetica',sans-serif;\">ENTREVISTADOS:<\/span><\/strong><\/p>\n<p style=\"margin: 0cm; font-variant-caps: normal; font-stretch: normal; font-size-adjust: none; font-kerning: auto; font-variant-alternates: normal; font-variant-ligatures: normal; font-variant-numeric: normal; font-variant-east-asian: normal; font-variant-position: normal; font-feature-settings: normal; font-optical-sizing: auto; font-variation-settings: normal;\"><span style=\"font-size: 9.0pt; font-family: 'Helvetica',sans-serif;\">Lu\u00eds Carlos Patraquim, Mate Pedro,<\/span><\/p>\n<p style=\"margin: 0cm; font-variant-caps: normal; font-stretch: normal; font-size-adjust: none; font-kerning: auto; font-variant-alternates: normal; font-variant-ligatures: normal; font-variant-numeric: normal; font-variant-east-asian: normal; font-variant-position: normal; font-feature-settings: normal; font-optical-sizing: auto; font-variation-settings: normal;\"><span style=\"font-size: 9.0pt; font-family: 'Helvetica',sans-serif;\">Ant\u00f3nio Cabrita, Paulina Chiziane,<\/span><\/p>\n<p style=\"margin: 0cm; font-variant-caps: normal; font-stretch: normal; font-size-adjust: none; font-kerning: auto; font-variant-alternates: normal; font-variant-ligatures: normal; font-variant-numeric: normal; font-variant-east-asian: normal; font-variant-position: normal; font-feature-settings: normal; font-optical-sizing: auto; font-variation-settings: normal;\"><span style=\"font-size: 9.0pt; font-family: 'Helvetica',sans-serif;\">Suleiman Cassamo e Marcelo Panguana<\/span><\/p>\n<p style=\"margin: 0cm; font-variant-caps: normal; font-stretch: normal; font-size-adjust: none; font-kerning: auto; font-variant-alternates: normal; font-variant-ligatures: normal; font-variant-numeric: normal; font-variant-east-asian: normal; font-variant-position: normal; font-feature-settings: normal; font-optical-sizing: auto; font-variation-settings: normal;\"><strong><span style=\"font-size: 9.0pt; font-family: 'Helvetica',sans-serif;\">ENTREVISTAS DIRIGIDAS POR:<\/span><\/strong><\/p>\n<p style=\"margin: 0cm; font-variant-caps: normal; font-stretch: normal; font-size-adjust: none; font-kerning: auto; font-variant-alternates: normal; font-variant-ligatures: normal; font-variant-numeric: normal; font-variant-east-asian: normal; font-variant-position: normal; font-feature-settings: normal; font-optical-sizing: auto; font-variation-settings: normal;\"><span style=\"font-size: 9.0pt; font-family: 'Helvetica',sans-serif;\">L\u00e9o Cote, Hirondina Joshua, Ven\u00e2ncio Calisto,<\/span><\/p>\n<p style=\"margin: 0cm; font-variant-caps: normal; font-stretch: normal; font-size-adjust: none; font-kerning: auto; font-variant-alternates: normal; font-variant-ligatures: normal; font-variant-numeric: normal; font-variant-east-asian: normal; font-variant-position: normal; font-feature-settings: normal; font-optical-sizing: auto; font-variation-settings: normal;\"><span style=\"font-size: 9.0pt; font-family: 'Helvetica',sans-serif;\">Dion\u00edsio Bahule, M\u00e9lio Tinga, Fernando Absal\u00e3o<\/span><\/p>\n<p style=\"margin: 0cm; font-variant-caps: normal; font-stretch: normal; font-size-adjust: none; font-kerning: auto; font-variant-alternates: normal; font-variant-ligatures: normal; font-variant-numeric: normal; font-variant-east-asian: normal; font-variant-position: normal; font-feature-settings: normal; font-optical-sizing: auto; font-variation-settings: normal;\"><span style=\"font-size: 9.0pt; font-family: 'Helvetica',sans-serif;\">e Alvaro Taruma<\/span><\/p>\n","protected":false},"featured_media":8761,"template":"","meta":{"_monsterinsights_skip_tracking":false,"_monsterinsights_sitenote_active":false,"_monsterinsights_sitenote_note":"","_monsterinsights_sitenote_category":0},"product_cat":[319],"product_tag":[],"class_list":{"0":"post-8760","1":"product","2":"type-product","3":"status-publish","4":"has-post-thumbnail","6":"product_cat-literatura-mocambicana","7":"pa_book-author-david-bene","8":"pa_book-author-melio-tinga","10":"first","11":"instock","12":"shipping-taxable","13":"purchasable","14":"product-type-simple"},"_links":{"self":[{"href":"https:\/\/mabuko.co.mz\/site\/index.php?rest_route=\/wp\/v2\/product\/8760","targetHints":{"allow":["GET"]}}],"collection":[{"href":"https:\/\/mabuko.co.mz\/site\/index.php?rest_route=\/wp\/v2\/product"}],"about":[{"href":"https:\/\/mabuko.co.mz\/site\/index.php?rest_route=\/wp\/v2\/types\/product"}],"wp:featuredmedia":[{"embeddable":true,"href":"https:\/\/mabuko.co.mz\/site\/index.php?rest_route=\/wp\/v2\/media\/8761"}],"wp:attachment":[{"href":"https:\/\/mabuko.co.mz\/site\/index.php?rest_route=%2Fwp%2Fv2%2Fmedia&parent=8760"}],"wp:term":[{"taxonomy":"product_cat","embeddable":true,"href":"https:\/\/mabuko.co.mz\/site\/index.php?rest_route=%2Fwp%2Fv2%2Fproduct_cat&post=8760"},{"taxonomy":"product_tag","embeddable":true,"href":"https:\/\/mabuko.co.mz\/site\/index.php?rest_route=%2Fwp%2Fv2%2Fproduct_tag&post=8760"}],"curies":[{"name":"wp","href":"https:\/\/api.w.org\/{rel}","templated":true}]}}