{"id":8758,"date":"2023-09-08T07:57:43","date_gmt":"2023-09-08T07:57:43","guid":{"rendered":"https:\/\/mabuko.co.mz\/?post_type=product&#038;p=8758"},"modified":"2023-09-08T07:57:43","modified_gmt":"2023-09-08T07:57:43","slug":"os-lobos-uma-familia-goesa","status":"publish","type":"product","link":"https:\/\/mabuko.co.mz\/site\/?product=os-lobos-uma-familia-goesa","title":{"rendered":"OS LOBOS UMA FAM\u00cdLIA GOESA"},"content":{"rendered":"<p>\u00c1LVARO CARMO VAZ<\/p>\n","protected":false},"excerpt":{"rendered":"<p><strong>SINOPSE<\/strong><\/p>\n<p>Caetano Lobo \u00e9 um jovem go\u00eas que emigra para Mo\u00e7ambique, nos anos quarenta do s\u00e9culo XX, com a ambi\u00e7\u00e3o de fazer fortuna. Depois de trabalhar para uma grande companhia agr\u00e1ria da Zamb\u00e9zia, estabelece-se por conta pr\u00f3pria em Quelimane, com a ajuda da mulher e do dote que esta lhe traz. Prospera, tem filhos e adora a mais nova, Aurora. A fam\u00edlia muda-se para Louren\u00e7o Marques e continua a enriquecer. Caetano, br\u00e2mane, mant\u00e9m o preconceito, trazido de Goa, contra as pessoas de castas que considera inferiores, particularmente os sudras, o que o leva a rejeitar o conv\u00edvio com uma outra fam\u00edlia goesa, os Xavier. Quando Aurora e o jovem Bruno Xavier se apaixonam, ocorre a trag\u00e9dia que marca as duas fam\u00edlias.<\/p>\n<p>O romance \u00e9 uma saga familiar, que percorre quatro d\u00e9cadas da vida em Mo\u00e7ambique, per\u00edodo pontuado por importantes acontecimentos externos e internos, como a segunda guerra mundial, as independ\u00eancias dos pa\u00edses africanos, a tomada de Goa pela \u00cdndia, as lutas de liberta\u00e7\u00e3o nas col\u00f3nias portuguesas, o 25 de Abril, a independ\u00eancia de Mo\u00e7ambique e os primeiros anos que se lhe seguiram, que foram determinantes para as vidas e op\u00e7\u00f5es dos protagonistas.<\/p>\n<p>\u00c1lvaro Carmo Vaz \u00e9 engenheiro civil e Professor Catedr\u00e1tico de Hidrologia e Recursos H\u00eddricos. Esta \u00e9 a sua terceira obra liter\u00e1ria, depois de *Um Rapaz Tranquilo (2019) e &#8220;Aqui H\u00e1 Opera?&#8221; (2021).<\/p>\n<p>&nbsp;<\/p>\n","protected":false},"featured_media":8759,"template":"","meta":{"_monsterinsights_skip_tracking":false,"_monsterinsights_sitenote_active":false,"_monsterinsights_sitenote_note":"","_monsterinsights_sitenote_category":0},"product_cat":[319],"product_tag":[],"class_list":{"0":"post-8758","1":"product","2":"type-product","3":"status-publish","4":"has-post-thumbnail","6":"product_cat-literatura-mocambicana","7":"pa_book-author-alvaro-carmo-vaz","9":"first","10":"instock","11":"shipping-taxable","12":"purchasable","13":"product-type-simple"},"_links":{"self":[{"href":"https:\/\/mabuko.co.mz\/site\/index.php?rest_route=\/wp\/v2\/product\/8758","targetHints":{"allow":["GET"]}}],"collection":[{"href":"https:\/\/mabuko.co.mz\/site\/index.php?rest_route=\/wp\/v2\/product"}],"about":[{"href":"https:\/\/mabuko.co.mz\/site\/index.php?rest_route=\/wp\/v2\/types\/product"}],"wp:featuredmedia":[{"embeddable":true,"href":"https:\/\/mabuko.co.mz\/site\/index.php?rest_route=\/wp\/v2\/media\/8759"}],"wp:attachment":[{"href":"https:\/\/mabuko.co.mz\/site\/index.php?rest_route=%2Fwp%2Fv2%2Fmedia&parent=8758"}],"wp:term":[{"taxonomy":"product_cat","embeddable":true,"href":"https:\/\/mabuko.co.mz\/site\/index.php?rest_route=%2Fwp%2Fv2%2Fproduct_cat&post=8758"},{"taxonomy":"product_tag","embeddable":true,"href":"https:\/\/mabuko.co.mz\/site\/index.php?rest_route=%2Fwp%2Fv2%2Fproduct_tag&post=8758"}],"curies":[{"name":"wp","href":"https:\/\/api.w.org\/{rel}","templated":true}]}}