{"id":8752,"date":"2023-09-04T11:06:50","date_gmt":"2023-09-04T11:06:50","guid":{"rendered":"https:\/\/mabuko.co.mz\/?post_type=product&#038;p=8752"},"modified":"2024-04-25T09:59:24","modified_gmt":"2024-04-25T09:59:24","slug":"mulheres-que-correm-com-os-lobos","status":"publish","type":"product","link":"https:\/\/mabuko.co.mz\/site\/?product=mulheres-que-correm-com-os-lobos","title":{"rendered":"MULHERES QUE CORREM COM OS LOBOS"},"content":{"rendered":"","protected":false},"excerpt":{"rendered":"<p><strong>SINOPSE<\/strong><\/p>\n<p>Existe no interior de cada mulher uma for\u00e7a poderosa, feita de bons instintos, de uma criatividade apaixonada e de um conhecimento imemorial. \u00c9 a Mulher Selvagem, a representa\u00e7\u00e3o da natureza instintiva da mulher. Ainda assim, uma esp\u00e9cie em extin\u00e7\u00e3o. Neste Mulheres Que Correm com os Lobos, a Doutora Est\u00e9s revela lendas, contos populares e hist\u00f3rias inter-culturais de grande riqueza, a maioria origin\u00e1ria na sua pr\u00f3pria fam\u00edlia, de modo a ajudar as mulheres a restabelecerem os elos com os atributos vision\u00e1rios, saud\u00e1veis e selvagens da sua natureza instintiva. Atrav\u00e9s das hist\u00f3rias e narrativas contidas neste livro not\u00e1vel, recuperamos, apreciamos, amamos e compreendemos a Mulher Selvagem, conservando-a na profundeza das suas psiques enquanto ser m\u00e1gico e paliativo.<\/p>\n","protected":false},"featured_media":8753,"template":"","meta":{"_monsterinsights_skip_tracking":false,"_monsterinsights_sitenote_active":false,"_monsterinsights_sitenote_note":"","_monsterinsights_sitenote_category":0},"product_cat":[105],"product_tag":[],"class_list":{"0":"post-8752","1":"product","2":"type-product","3":"status-publish","4":"has-post-thumbnail","6":"product_cat-romance","7":"pa_book-author-clarissa-pinkola-estes","9":"first","10":"outofstock","11":"shipping-taxable","12":"purchasable","13":"product-type-simple"},"_links":{"self":[{"href":"https:\/\/mabuko.co.mz\/site\/index.php?rest_route=\/wp\/v2\/product\/8752","targetHints":{"allow":["GET"]}}],"collection":[{"href":"https:\/\/mabuko.co.mz\/site\/index.php?rest_route=\/wp\/v2\/product"}],"about":[{"href":"https:\/\/mabuko.co.mz\/site\/index.php?rest_route=\/wp\/v2\/types\/product"}],"wp:featuredmedia":[{"embeddable":true,"href":"https:\/\/mabuko.co.mz\/site\/index.php?rest_route=\/wp\/v2\/media\/8753"}],"wp:attachment":[{"href":"https:\/\/mabuko.co.mz\/site\/index.php?rest_route=%2Fwp%2Fv2%2Fmedia&parent=8752"}],"wp:term":[{"taxonomy":"product_cat","embeddable":true,"href":"https:\/\/mabuko.co.mz\/site\/index.php?rest_route=%2Fwp%2Fv2%2Fproduct_cat&post=8752"},{"taxonomy":"product_tag","embeddable":true,"href":"https:\/\/mabuko.co.mz\/site\/index.php?rest_route=%2Fwp%2Fv2%2Fproduct_tag&post=8752"}],"curies":[{"name":"wp","href":"https:\/\/api.w.org\/{rel}","templated":true}]}}