{"id":8750,"date":"2023-09-04T10:55:25","date_gmt":"2023-09-04T10:55:25","guid":{"rendered":"https:\/\/mabuko.co.mz\/?post_type=product&#038;p=8750"},"modified":"2023-09-07T10:30:30","modified_gmt":"2023-09-07T10:30:30","slug":"retrato-de-uma-desconhecida","status":"publish","type":"product","link":"https:\/\/mabuko.co.mz\/site\/?product=retrato-de-uma-desconhecida","title":{"rendered":"RETRATO DE UMA DESCONHECIDA"},"content":{"rendered":"","protected":false},"excerpt":{"rendered":"<p><strong>SINOPSE<\/strong><\/p>\n<p>Na nova e deslumbrante obra-prima de Daniel Silva, autor n\u00famero um do top de vendas do\u00a0<i>The New York Times<\/i>, Gabriel Allon embrenha-se numa aventura trepidante para descobrir o maior falsificador de arte de todos os tempos.<\/p>\n<p>Ap\u00f3s o seu afastamento dos servi\u00e7os secretos israelitas, o lend\u00e1rio espi\u00e3o e restaurador de arte Gabriel Allon instala-se discretamente em Veneza, o \u00fanico lugar onde conseguiu ter paz. A sua bela esposa, Chiara, dirige a Restauro Tiepolo e os seus dois filhos de tenra idade frequentam uma scuola elementare do bairro. Enquanto isso, Gabriel dedica os dias a deambular pela ruas e pelos canais da cidade aqu\u00e1tica, libertando-se dos dem\u00f3nios do seu passado tr\u00e1gico e violento.<\/p>\n<p>Mas quando Julian Isherwood, o extravagante marchand de arte londrino, lhe pede para investigar as circunst\u00e2ncias que rodeiam a redescoberta e lucrativa venda de um quadro centen\u00e1rio, Gabriel n\u00e3o demora a descobrir que a obra em quest\u00e3o, o retrato de uma mulher an\u00f3nima atribu\u00eddo a Anton van Dyck, \u00e9 quase com toda a certeza uma falsifica\u00e7\u00e3o feita com uma mestria diab\u00f3lica.<\/p>\n<p>Para encontrar a misteriosa personagem que pintou o quadro \u2014 e desvendar uma fraude multimilion\u00e1ria na c\u00faspide do mundo da arte \u2014, Gabriel arquiteta um dos planos mais complexos da sua carreira. E para ser bem-sucedido, vai ter de se converter na imagem especular do homem que persegue: o maior falsificador de quadros da hist\u00f3ria.<\/p>\n","protected":false},"featured_media":8751,"template":"","meta":{"_monsterinsights_skip_tracking":false,"_monsterinsights_sitenote_active":false,"_monsterinsights_sitenote_note":"","_monsterinsights_sitenote_category":0},"product_cat":[105],"product_tag":[],"class_list":{"0":"post-8750","1":"product","2":"type-product","3":"status-publish","4":"has-post-thumbnail","6":"product_cat-romance","7":"pa_book-author-daniel-silva","9":"first","10":"outofstock","11":"shipping-taxable","12":"purchasable","13":"product-type-simple"},"_links":{"self":[{"href":"https:\/\/mabuko.co.mz\/site\/index.php?rest_route=\/wp\/v2\/product\/8750","targetHints":{"allow":["GET"]}}],"collection":[{"href":"https:\/\/mabuko.co.mz\/site\/index.php?rest_route=\/wp\/v2\/product"}],"about":[{"href":"https:\/\/mabuko.co.mz\/site\/index.php?rest_route=\/wp\/v2\/types\/product"}],"wp:featuredmedia":[{"embeddable":true,"href":"https:\/\/mabuko.co.mz\/site\/index.php?rest_route=\/wp\/v2\/media\/8751"}],"wp:attachment":[{"href":"https:\/\/mabuko.co.mz\/site\/index.php?rest_route=%2Fwp%2Fv2%2Fmedia&parent=8750"}],"wp:term":[{"taxonomy":"product_cat","embeddable":true,"href":"https:\/\/mabuko.co.mz\/site\/index.php?rest_route=%2Fwp%2Fv2%2Fproduct_cat&post=8750"},{"taxonomy":"product_tag","embeddable":true,"href":"https:\/\/mabuko.co.mz\/site\/index.php?rest_route=%2Fwp%2Fv2%2Fproduct_tag&post=8750"}],"curies":[{"name":"wp","href":"https:\/\/api.w.org\/{rel}","templated":true}]}}