{"id":8748,"date":"2023-09-04T10:43:10","date_gmt":"2023-09-04T10:43:10","guid":{"rendered":"https:\/\/mabuko.co.mz\/?post_type=product&#038;p=8748"},"modified":"2023-09-07T10:30:30","modified_gmt":"2023-09-07T10:30:30","slug":"a-mandibula-de-caim","status":"publish","type":"product","link":"https:\/\/mabuko.co.mz\/site\/?product=a-mandibula-de-caim","title":{"rendered":"A MAND\u00cdBULA DE CAIM"},"content":{"rendered":"","protected":false},"excerpt":{"rendered":"<p><strong>SINOPSE<\/strong><\/p>\n<p>Seis assassinatos. Cem p\u00e1ginas. Milh\u00f5es de combina\u00e7\u00f5es poss\u00edveis\u2026 Mas apenas uma est\u00e1 certa. Ser\u00e1 que consegue solucionar o mist\u00e9rio?<\/p>\n<p>Em 1934, o autor das palavras cruzadas cr\u00edpticas do jornal ingl\u00eas\u00a0<i>The Observer<\/i>, Edward Powys Mathers (conhecido pelo pseud\u00f3nimo Torquemada), publicou um romance que \u00e9, ao mesmo tempo, um mist\u00e9rio policial e o mais dif\u00edcil puzzle liter\u00e1rio escrito at\u00e9 hoje. As p\u00e1ginas foram impressas numa ordem completamente aleat\u00f3ria, sendo no entanto poss\u00edvel &#8211; atrav\u00e9s da l\u00f3gica e de uma leitura inteligente &#8211; orden\u00e1-las corretamente, revelando assim as seis v\u00edtimas de assassinato e respetivos assassinos.<\/p>\n<p>At\u00e9 hoje, apenas tr\u00eas pessoas conseguiram resolver o mist\u00e9rio de\u00a0<i>A Mand\u00edbula de Caim<\/i>: ser\u00e1 capaz de se juntar \u00e0 elite mundial dos amantes de puzzles liter\u00e1rios?<\/p>\n<p>Aviso: este enigma \u00e9 extremamente dif\u00edcil e n\u00e3o \u00e9 para as pessoas mais impression\u00e1veis. A Lua de Papel, seguindo uma tradi\u00e7\u00e3o antiga criada pelo pr\u00f3prio Torquemada, vai oferecer um pr\u00e9mio ao primeiro leitor que resolver o mist\u00e9rio &#8211; informe-se nas p\u00e1ginas iniciais deste livro.<\/p>\n","protected":false},"featured_media":8749,"template":"","meta":{"_monsterinsights_skip_tracking":false,"_monsterinsights_sitenote_active":false,"_monsterinsights_sitenote_note":"","_monsterinsights_sitenote_category":0},"product_cat":[105],"product_tag":[],"class_list":{"0":"post-8748","1":"product","2":"type-product","3":"status-publish","4":"has-post-thumbnail","6":"product_cat-romance","7":"pa_book-author-edward-powys-mathers","9":"first","10":"outofstock","11":"shipping-taxable","12":"purchasable","13":"product-type-simple"},"_links":{"self":[{"href":"https:\/\/mabuko.co.mz\/site\/index.php?rest_route=\/wp\/v2\/product\/8748","targetHints":{"allow":["GET"]}}],"collection":[{"href":"https:\/\/mabuko.co.mz\/site\/index.php?rest_route=\/wp\/v2\/product"}],"about":[{"href":"https:\/\/mabuko.co.mz\/site\/index.php?rest_route=\/wp\/v2\/types\/product"}],"wp:featuredmedia":[{"embeddable":true,"href":"https:\/\/mabuko.co.mz\/site\/index.php?rest_route=\/wp\/v2\/media\/8749"}],"wp:attachment":[{"href":"https:\/\/mabuko.co.mz\/site\/index.php?rest_route=%2Fwp%2Fv2%2Fmedia&parent=8748"}],"wp:term":[{"taxonomy":"product_cat","embeddable":true,"href":"https:\/\/mabuko.co.mz\/site\/index.php?rest_route=%2Fwp%2Fv2%2Fproduct_cat&post=8748"},{"taxonomy":"product_tag","embeddable":true,"href":"https:\/\/mabuko.co.mz\/site\/index.php?rest_route=%2Fwp%2Fv2%2Fproduct_tag&post=8748"}],"curies":[{"name":"wp","href":"https:\/\/api.w.org\/{rel}","templated":true}]}}