{"id":8746,"date":"2023-09-04T09:44:05","date_gmt":"2023-09-04T09:44:05","guid":{"rendered":"https:\/\/mabuko.co.mz\/?post_type=product&#038;p=8746"},"modified":"2023-09-07T10:30:30","modified_gmt":"2023-09-07T10:30:30","slug":"respostas-que-nao-dei-a-perguntas-que-nao-me-fizeram","status":"publish","type":"product","link":"https:\/\/mabuko.co.mz\/site\/?product=respostas-que-nao-dei-a-perguntas-que-nao-me-fizeram","title":{"rendered":"RESPOSTAS QUE N\u00c3O DEI A PERGUNTAS QUE N\u00c3O ME FIZERAM"},"content":{"rendered":"<p>JOS\u00c9 EST\u00caV\u00c3O MUCHINE<\/p>\n","protected":false},"excerpt":{"rendered":"<p><strong>SINOPSE<\/strong><\/p>\n<p>Nasceu a 30 de Maio de 1945, na ent\u00e3o Vila de Jo\u00e3o Belo, hoje Xai-xai. Estudos prim\u00e1rios no Chongoene e secund\u00e1rios no Semin\u00e1rio de Magude e no Col\u00e9gio-Liceu do Xai-xai.<\/p>\n<p>Foi Furriel Miliciano de Infantaria.<\/p>\n<p>Funcion\u00e1rio do Quadro Administrativo<\/p>\n<p>Colonial. Funcion\u00e1rio dos Minist\u00e9rios do Com\u00e9rcio e dos Transportes e Comuni-ca\u00e7\u00f5es. Inspector Geral das Actividades Econ\u00f3micas.<\/p>\n<p>Secret\u00e1rio geral do<\/p>\n<p>Minist\u00e9rio dos Transportes e Comunica\u00e7\u00f5es. Director geral do STAE.<\/p>\n<p>Advogado. Ju\u00edz Conselheiro do Tribunal Administrativo. Membro do Conselho Superior e da Comiss\u00e3o Permanente da Magistratura Judicial Administrativa. Jubilado, desde 2015 como Magistrado. 56 anos de servi\u00e7o ao Estado.<\/p>\n","protected":false},"featured_media":8747,"template":"","meta":{"_monsterinsights_skip_tracking":false,"_monsterinsights_sitenote_active":false,"_monsterinsights_sitenote_note":"","_monsterinsights_sitenote_category":0},"product_cat":[319],"product_tag":[],"class_list":{"0":"post-8746","1":"product","2":"type-product","3":"status-publish","4":"has-post-thumbnail","6":"product_cat-literatura-mocambicana","7":"pa_book-author-jose-estevao-muchine","9":"first","10":"outofstock","11":"shipping-taxable","12":"purchasable","13":"product-type-simple"},"_links":{"self":[{"href":"https:\/\/mabuko.co.mz\/site\/index.php?rest_route=\/wp\/v2\/product\/8746","targetHints":{"allow":["GET"]}}],"collection":[{"href":"https:\/\/mabuko.co.mz\/site\/index.php?rest_route=\/wp\/v2\/product"}],"about":[{"href":"https:\/\/mabuko.co.mz\/site\/index.php?rest_route=\/wp\/v2\/types\/product"}],"wp:featuredmedia":[{"embeddable":true,"href":"https:\/\/mabuko.co.mz\/site\/index.php?rest_route=\/wp\/v2\/media\/8747"}],"wp:attachment":[{"href":"https:\/\/mabuko.co.mz\/site\/index.php?rest_route=%2Fwp%2Fv2%2Fmedia&parent=8746"}],"wp:term":[{"taxonomy":"product_cat","embeddable":true,"href":"https:\/\/mabuko.co.mz\/site\/index.php?rest_route=%2Fwp%2Fv2%2Fproduct_cat&post=8746"},{"taxonomy":"product_tag","embeddable":true,"href":"https:\/\/mabuko.co.mz\/site\/index.php?rest_route=%2Fwp%2Fv2%2Fproduct_tag&post=8746"}],"curies":[{"name":"wp","href":"https:\/\/api.w.org\/{rel}","templated":true}]}}