{"id":8692,"date":"2023-07-10T10:05:37","date_gmt":"2023-07-10T10:05:37","guid":{"rendered":"https:\/\/mabuko.co.mz\/?post_type=product&#038;p=8692"},"modified":"2023-09-07T10:30:30","modified_gmt":"2023-09-07T10:30:30","slug":"o-inter-munthu-em-busca-do-sujeito-da-reconciliacao","status":"publish","type":"product","link":"https:\/\/mabuko.co.mz\/site\/?product=o-inter-munthu-em-busca-do-sujeito-da-reconciliacao","title":{"rendered":"O INTER-MUNTHU Em Busca do Sujeito da Reconcilia\u00e7\u00e3o"},"content":{"rendered":"<p>Jos\u00e9 P. Castiano<\/p>\n<p>9789898901958<\/p>\n","protected":false},"excerpt":{"rendered":"<p><strong>SINOPSE<\/strong><\/p>\n<p>O livro que vos apresento \u00e9 um macro na Filosofia Africana em qualquer das l\u00ednguas que eu conhe\u00e7o e destina-se a transformar-se num cl\u00e1ssico. Jos\u00e9 Castiano vinha-nos habituando a um modo novo de filosofar, um modo que, de forma simult\u00e2nea, \u00e9 profundamente africano e profundamente universal. Este livro \u00e9 a formula\u00e7\u00e3o mais acabada (at\u00e9 hoje) da sua proposta. \u00c9, portanto, um contributo muito significativo, tanto para a reflex\u00e3o filos\u00f3fica e intelectual em geral quanto para fil\u00f3sofos ou para p\u00fablicos africanos. Ali\u00e1s, tenho a profunda convic\u00e7\u00e3o de que o mundo acad\u00e9mico no Norte global teria muito a aprender com este livro se se predispusesse verdadeiramente a aprender com a reflex\u00e3o que se faz fora do seu contexto, o Atl\u00e2ntico Norte, um contexto que, contrariamente \u00e0s suas pretens\u00f5es, \u00e9 cada vez menos global e a mais provinciano. Vejamos em que consistem as caracter\u00edsticas que conferem verdadeira distin\u00e7\u00e3o a esta obra.<\/p>\n","protected":false},"featured_media":8703,"template":"","meta":{"_monsterinsights_skip_tracking":false,"_monsterinsights_sitenote_active":false,"_monsterinsights_sitenote_note":"","_monsterinsights_sitenote_category":0},"product_cat":[102],"product_tag":[],"class_list":{"0":"post-8692","1":"product","2":"type-product","3":"status-publish","4":"has-post-thumbnail","6":"product_cat-livros-tecnicos","7":"pa_book-author-jose-p-castiano","9":"first","10":"outofstock","11":"shipping-taxable","12":"purchasable","13":"product-type-simple"},"_links":{"self":[{"href":"https:\/\/mabuko.co.mz\/site\/index.php?rest_route=\/wp\/v2\/product\/8692","targetHints":{"allow":["GET"]}}],"collection":[{"href":"https:\/\/mabuko.co.mz\/site\/index.php?rest_route=\/wp\/v2\/product"}],"about":[{"href":"https:\/\/mabuko.co.mz\/site\/index.php?rest_route=\/wp\/v2\/types\/product"}],"wp:featuredmedia":[{"embeddable":true,"href":"https:\/\/mabuko.co.mz\/site\/index.php?rest_route=\/wp\/v2\/media\/8703"}],"wp:attachment":[{"href":"https:\/\/mabuko.co.mz\/site\/index.php?rest_route=%2Fwp%2Fv2%2Fmedia&parent=8692"}],"wp:term":[{"taxonomy":"product_cat","embeddable":true,"href":"https:\/\/mabuko.co.mz\/site\/index.php?rest_route=%2Fwp%2Fv2%2Fproduct_cat&post=8692"},{"taxonomy":"product_tag","embeddable":true,"href":"https:\/\/mabuko.co.mz\/site\/index.php?rest_route=%2Fwp%2Fv2%2Fproduct_tag&post=8692"}],"curies":[{"name":"wp","href":"https:\/\/api.w.org\/{rel}","templated":true}]}}