{"id":8399,"date":"2023-03-03T13:16:59","date_gmt":"2023-03-03T13:16:59","guid":{"rendered":"https:\/\/mabuko.co.mz\/?post_type=product&#038;p=8399"},"modified":"2023-09-07T10:30:30","modified_gmt":"2023-09-07T10:30:30","slug":"de-olhos-em-ti","status":"publish","type":"product","link":"https:\/\/mabuko.co.mz\/site\/?product=de-olhos-em-ti","title":{"rendered":"DE OLHOS EM TI"},"content":{"rendered":"<p>Amy Lea<\/p>\n","protected":false},"excerpt":{"rendered":"<p><strong>SINOPSE<\/strong><\/p>\n<p>O inimigo do gin\u00e1sio incentiva uma influenciadora de fitness a dar o seu m\u00e1ximo&#8230; e claro que as temperaturas v\u00e3o subir!<\/p>\n<p>A influenciadora de fitness Crystal Chen, com a confian\u00e7a das suas curvinhas bem pronunciadas, at\u00e9 tinha constru\u00eddo a carreira a ridicularizar os estere\u00f3tipos do gin\u00e1sio. Contudo, acabadinha de sair de um relacionamento e com pouco tempo para homens, \u00e9 exatamente a\u00ed que encontra o seu novo espa\u00e7o de poder, descomprometimento e otimismo.<\/p>\n<p>At\u00e9 que entra em cena \u2014 no gin\u00e1sio, pois claro \u2014 um tal de Scott Ritchie, com um estilo meio presun\u00e7oso, particularmente irritante por ter o h\u00e1bito de roubar a Crystal o melhor lugar para os exerc\u00edcios de agachamento. Come\u00e7am a saltar fa\u00edscas com a ultracompetitividade destes dois.<\/p>\n<p>Sentindo-se donos do espa\u00e7o, a \u00faltima coisa que esperavam \u00e9 que, fora dali, iriam dar de caras um com o outro na improv\u00e1vel festa de noivado dos respetivos av\u00f3s!<\/p>\n<p>Na prepara\u00e7\u00e3o para o casamento, Crystal descobre que h\u00e1 um cora\u00e7\u00e3o sens\u00edvel sob aquele exterior musculado de Scott e que, misturando bem fam\u00edlia, fitness e umas piadas de engate pirosas, talvez possa at\u00e9 ter encontrado o amor da sua vida.<\/p>\n<p>Mas ser\u00e1 que, quando uma foto deles se torna viral e os trolls da Internet lhes p\u00f5em o relacionamento \u00e0 prova, ter\u00e3o capacidade f\u00edsica para resistir?<\/p>\n","protected":false},"featured_media":8674,"template":"","meta":{"_monsterinsights_skip_tracking":false,"_monsterinsights_sitenote_active":false,"_monsterinsights_sitenote_note":"","_monsterinsights_sitenote_category":0},"product_cat":[105],"product_tag":[],"class_list":{"0":"post-8399","1":"product","2":"type-product","3":"status-publish","4":"has-post-thumbnail","6":"product_cat-romance","7":"pa_book-author-amy-lea","9":"first","10":"outofstock","11":"shipping-taxable","12":"purchasable","13":"product-type-simple"},"_links":{"self":[{"href":"https:\/\/mabuko.co.mz\/site\/index.php?rest_route=\/wp\/v2\/product\/8399","targetHints":{"allow":["GET"]}}],"collection":[{"href":"https:\/\/mabuko.co.mz\/site\/index.php?rest_route=\/wp\/v2\/product"}],"about":[{"href":"https:\/\/mabuko.co.mz\/site\/index.php?rest_route=\/wp\/v2\/types\/product"}],"wp:featuredmedia":[{"embeddable":true,"href":"https:\/\/mabuko.co.mz\/site\/index.php?rest_route=\/wp\/v2\/media\/8674"}],"wp:attachment":[{"href":"https:\/\/mabuko.co.mz\/site\/index.php?rest_route=%2Fwp%2Fv2%2Fmedia&parent=8399"}],"wp:term":[{"taxonomy":"product_cat","embeddable":true,"href":"https:\/\/mabuko.co.mz\/site\/index.php?rest_route=%2Fwp%2Fv2%2Fproduct_cat&post=8399"},{"taxonomy":"product_tag","embeddable":true,"href":"https:\/\/mabuko.co.mz\/site\/index.php?rest_route=%2Fwp%2Fv2%2Fproduct_tag&post=8399"}],"curies":[{"name":"wp","href":"https:\/\/api.w.org\/{rel}","templated":true}]}}