{"id":8394,"date":"2023-03-03T09:44:32","date_gmt":"2023-03-03T09:44:32","guid":{"rendered":"https:\/\/mabuko.co.mz\/?post_type=product&#038;p=8394"},"modified":"2023-09-07T10:30:31","modified_gmt":"2023-09-07T10:30:31","slug":"enganar-o-diabo-o-segredo-para-alcancar-a-liberdade-e-o-sucesso","status":"publish","type":"product","link":"https:\/\/mabuko.co.mz\/site\/?product=enganar-o-diabo-o-segredo-para-alcancar-a-liberdade-e-o-sucesso","title":{"rendered":"ENGANAR O DIABO O Segredo para Alcan\u00e7ar a Liberdade e o Sucesso"},"content":{"rendered":"<p>Napoleon Hill<\/p>\n","protected":false},"excerpt":{"rendered":"<p><strong>SINOPSE<\/strong><\/p>\n<p>Em 1929, muitos anos antes de escrever Pense e Fique Rico, Napoleon Hill viu-se numa encruzilhada terr\u00edvel. A maior crise econ\u00f3mica de todos os tempos tinha-o levado a perder grande parte dos clientes, deixando-o num desespero profundo. Vivia ent\u00e3o num di\u00e1logo interior de permanente pessimismo. At\u00e9 ao dia em que ouviu uma outra &#8220;voz&#8221;, que o exortava a reagir, a combater o des\u00e2nimo e a arriscar &#8211; sabendo que o risco seria recompensado. Ele deu ouvidos a esse &#8220;outro eu&#8221;, relan\u00e7ou a carreira, e em 1937, quando publicou Pense e Fique Rico, um dos maiores bestsellers da hist\u00f3ria, j\u00e1 era milion\u00e1rio.<\/p>\n<p>No ano a seguir, por\u00e9m, constatou um facto bizarro. O seu livro tinha transformado a vida de milh\u00f5es de pessoas. Mas havia ainda assim leitores incapazes de romper o c\u00edrculo vicioso do derrotismo. E percebeu que estes eram apenas v\u00edtimas de si pr\u00f3prios, dos seus dem\u00f3nios interiores.<\/p>\n<p>Para os ajudar, escreveu ent\u00e3o Enganar o Diabo, uma obra \u00fanica, desafiante, onde encena uma entrevista com o seu &#8220;dem\u00f3nio&#8221;. Ao longo do di\u00e1logo, o autor desmonta um a um os argumentos maquiav\u00e9licos do inimigo, que domina os humanos ao semear neles o medo. Ou melhor, os seis grandes medos: da pobreza, da cr\u00edtica, da doen\u00e7a, da falta de amor e da velhice.<\/p>\n","protected":false},"featured_media":8676,"template":"","meta":{"_monsterinsights_skip_tracking":false,"_monsterinsights_sitenote_active":false,"_monsterinsights_sitenote_note":"","_monsterinsights_sitenote_category":0},"product_cat":[108],"product_tag":[],"class_list":{"0":"post-8394","1":"product","2":"type-product","3":"status-publish","4":"has-post-thumbnail","6":"product_cat-auto-ajuda","7":"pa_book-author-napoleon-hill","9":"first","10":"outofstock","11":"shipping-taxable","12":"purchasable","13":"product-type-simple"},"_links":{"self":[{"href":"https:\/\/mabuko.co.mz\/site\/index.php?rest_route=\/wp\/v2\/product\/8394","targetHints":{"allow":["GET"]}}],"collection":[{"href":"https:\/\/mabuko.co.mz\/site\/index.php?rest_route=\/wp\/v2\/product"}],"about":[{"href":"https:\/\/mabuko.co.mz\/site\/index.php?rest_route=\/wp\/v2\/types\/product"}],"wp:featuredmedia":[{"embeddable":true,"href":"https:\/\/mabuko.co.mz\/site\/index.php?rest_route=\/wp\/v2\/media\/8676"}],"wp:attachment":[{"href":"https:\/\/mabuko.co.mz\/site\/index.php?rest_route=%2Fwp%2Fv2%2Fmedia&parent=8394"}],"wp:term":[{"taxonomy":"product_cat","embeddable":true,"href":"https:\/\/mabuko.co.mz\/site\/index.php?rest_route=%2Fwp%2Fv2%2Fproduct_cat&post=8394"},{"taxonomy":"product_tag","embeddable":true,"href":"https:\/\/mabuko.co.mz\/site\/index.php?rest_route=%2Fwp%2Fv2%2Fproduct_tag&post=8394"}],"curies":[{"name":"wp","href":"https:\/\/api.w.org\/{rel}","templated":true}]}}