{"id":8379,"date":"2023-03-02T09:51:57","date_gmt":"2023-03-02T09:51:57","guid":{"rendered":"https:\/\/mabuko.co.mz\/?post_type=product&#038;p=8379"},"modified":"2024-08-20T12:56:18","modified_gmt":"2024-08-20T12:56:18","slug":"9-de-novembro","status":"publish","type":"product","link":"https:\/\/mabuko.co.mz\/site\/?product=9-de-novembro","title":{"rendered":"9 DE NOVEMBRO"},"content":{"rendered":"<p>Colleen Hoover<\/p>\n","protected":false},"excerpt":{"rendered":"<p><b>SINOPSE<\/b><\/p>\n<p>A hist\u00f3ria de um amor capaz de curar e renovar a vida. O dia 9 de Novembro No \u00faltimo dia de Fallon em Los Angeles, a sua vida cruza-se com a de Ben e os dois apaixonam-se perdidamente. A qu\u00edmica que os une \u00e9 t\u00e3o forte e incontrol\u00e1vel que, apesar de Fallon estar a caminho de Nova Iorque, os dois prometem encontrar-se novamente. Os reencontros Durante cinco anos, sempre no dia 9 de Novembro, Fallon e Ben encontram-se para constru\u00edrem a sua hist\u00f3ria de amor, entre as v\u00e1rias rela\u00e7\u00f5es e atribula\u00e7\u00f5es das suas vidas separadas. Apesar de s\u00f3 estarem juntos uma vez por ano, os dois envolvem-se cada vez mais e partilham um amor pleno de entrega, paix\u00e3o e intensidade, capaz de os transformar e de sarar cicatrizes profundas. Cinco anos depois Fallon descobre que Ben carregou um enorme segredo durante cinco anos. O choque e a desilus\u00e3o tomam conta do cora\u00e7\u00e3o da jovem, devastada com a possibilidade de tudo ter sido uma farsa. Estar\u00e3o os dois preparados para aceitar que as hist\u00f3rias de amor nem sempre t\u00eam um final feliz? Ou ser\u00e1 Fallon capaz de perdoar o homem que ama? O passado, o presente e o futuro cruzam-se num livro arrebatador e envolvente.<\/p>\n<p>&nbsp;<\/p>\n","protected":false},"featured_media":8995,"template":"","meta":{"_monsterinsights_skip_tracking":false,"_monsterinsights_sitenote_active":false,"_monsterinsights_sitenote_note":"","_monsterinsights_sitenote_category":0},"product_cat":[105],"product_tag":[],"class_list":{"0":"post-8379","1":"product","2":"type-product","3":"status-publish","4":"has-post-thumbnail","6":"product_cat-romance","7":"pa_book-author-colleen-hoover","9":"first","10":"outofstock","11":"shipping-taxable","12":"purchasable","13":"product-type-simple"},"_links":{"self":[{"href":"https:\/\/mabuko.co.mz\/site\/index.php?rest_route=\/wp\/v2\/product\/8379","targetHints":{"allow":["GET"]}}],"collection":[{"href":"https:\/\/mabuko.co.mz\/site\/index.php?rest_route=\/wp\/v2\/product"}],"about":[{"href":"https:\/\/mabuko.co.mz\/site\/index.php?rest_route=\/wp\/v2\/types\/product"}],"wp:featuredmedia":[{"embeddable":true,"href":"https:\/\/mabuko.co.mz\/site\/index.php?rest_route=\/wp\/v2\/media\/8995"}],"wp:attachment":[{"href":"https:\/\/mabuko.co.mz\/site\/index.php?rest_route=%2Fwp%2Fv2%2Fmedia&parent=8379"}],"wp:term":[{"taxonomy":"product_cat","embeddable":true,"href":"https:\/\/mabuko.co.mz\/site\/index.php?rest_route=%2Fwp%2Fv2%2Fproduct_cat&post=8379"},{"taxonomy":"product_tag","embeddable":true,"href":"https:\/\/mabuko.co.mz\/site\/index.php?rest_route=%2Fwp%2Fv2%2Fproduct_tag&post=8379"}],"curies":[{"name":"wp","href":"https:\/\/api.w.org\/{rel}","templated":true}]}}