{"id":8378,"date":"2023-03-02T09:45:08","date_gmt":"2023-03-02T09:45:08","guid":{"rendered":"https:\/\/mabuko.co.mz\/?post_type=product&#038;p=8378"},"modified":"2023-09-07T10:30:31","modified_gmt":"2023-09-07T10:30:31","slug":"um-de-nos-mente","status":"publish","type":"product","link":"https:\/\/mabuko.co.mz\/site\/?product=um-de-nos-mente","title":{"rendered":"UM DE N\u00d3S MENTE"},"content":{"rendered":"<p>Karen M McManus<\/p>\n<p>&nbsp;<\/p>\n","protected":false},"excerpt":{"rendered":"<p><strong>SINOPSE<\/strong><\/p>\n<p>Simon Kelleher \u00e9 o criador do M\u00e1-L\u00edngua, uma nova aplica\u00e7\u00e3o que est\u00e1 a encurralar a elite de Bayview High, revelando pormenores da vida privada dos alunos da escola.<br \/>\nMas o caso torna-se mais grave quando Simon e quatro colegas ficam fechados de castigo numa sala, e ele morre diante das suas v\u00edtimas.<\/p>\n<p>Os quatro que se tornam suspeitos imediatos do homic\u00eddio, s\u00e3o:<br \/>\nA melhor aluna da escola, Bronwyn que nunca viola uma regra e quer entrar em Yale.<br \/>\nA estrela da equipa de basebol de Bayview, Cooper.<br \/>\nNate, o criminoso, que est\u00e1 em liberdade condicional por vender droga.<br \/>\nA menina bonita, Addy, que parece ter a vida perfeita ao lado do namorado perfeito.<\/p>\n<p>Que segredos queriam esconder para eliminar Simon?<br \/>\nQuem ser\u00e1 o culpado?<\/p>\n","protected":false},"featured_media":8678,"template":"","meta":{"_monsterinsights_skip_tracking":false,"_monsterinsights_sitenote_active":false,"_monsterinsights_sitenote_note":"","_monsterinsights_sitenote_category":0},"product_cat":[223],"product_tag":[],"class_list":{"0":"post-8378","1":"product","2":"type-product","3":"status-publish","4":"has-post-thumbnail","6":"product_cat-juvenil","7":"pa_book-author-karen-m-mcmanus","9":"first","10":"outofstock","11":"shipping-taxable","12":"purchasable","13":"product-type-simple"},"_links":{"self":[{"href":"https:\/\/mabuko.co.mz\/site\/index.php?rest_route=\/wp\/v2\/product\/8378","targetHints":{"allow":["GET"]}}],"collection":[{"href":"https:\/\/mabuko.co.mz\/site\/index.php?rest_route=\/wp\/v2\/product"}],"about":[{"href":"https:\/\/mabuko.co.mz\/site\/index.php?rest_route=\/wp\/v2\/types\/product"}],"wp:featuredmedia":[{"embeddable":true,"href":"https:\/\/mabuko.co.mz\/site\/index.php?rest_route=\/wp\/v2\/media\/8678"}],"wp:attachment":[{"href":"https:\/\/mabuko.co.mz\/site\/index.php?rest_route=%2Fwp%2Fv2%2Fmedia&parent=8378"}],"wp:term":[{"taxonomy":"product_cat","embeddable":true,"href":"https:\/\/mabuko.co.mz\/site\/index.php?rest_route=%2Fwp%2Fv2%2Fproduct_cat&post=8378"},{"taxonomy":"product_tag","embeddable":true,"href":"https:\/\/mabuko.co.mz\/site\/index.php?rest_route=%2Fwp%2Fv2%2Fproduct_tag&post=8378"}],"curies":[{"name":"wp","href":"https:\/\/api.w.org\/{rel}","templated":true}]}}