{"id":8372,"date":"2023-03-02T09:28:20","date_gmt":"2023-03-02T09:28:20","guid":{"rendered":"https:\/\/mabuko.co.mz\/?post_type=product&#038;p=8372"},"modified":"2023-09-02T15:04:34","modified_gmt":"2023-09-02T15:04:34","slug":"sou-um-crime-nascer-e-crescer-no-apartheid","status":"publish","type":"product","link":"https:\/\/mabuko.co.mz\/site\/?product=sou-um-crime-nascer-e-crescer-no-apartheid","title":{"rendered":"SOU UM CRIME Nascer e crescer no apartheid"},"content":{"rendered":"<h2 style=\"margin-top: 0cm; background: white;\"><span style=\"font-size: 12.0pt; line-height: 115%; font-family: 'BryantProLight','serif'; color: #262626; font-weight: normal;\">Trevor Noah<\/span><\/h2>\n<p>&nbsp;<\/p>\n","protected":false},"excerpt":{"rendered":"<p><b>SINOPSE<\/b><\/p>\n<p>Uma hist\u00f3ria de viol\u00eancia, racismo, humor e supera\u00e7\u00e3o durante o apartheid<\/p>\n<p>Actualmente, Trevor Noah apresenta o ic\u00f3nico programa televisivo The Daily Show e \u00e9 um dos mais reconhecidos humoristas do mundo. Mas no dia em que nasceu era um crime \u2014 fruto da rela\u00e7\u00e3o il\u00edcita entre uma negra e um branco durante o apartheid. Impulsionado pela m\u00e3e \u2014 rebelde, teimosa, exigente e a grande homenageada do livro \u2014 e atrav\u00e9s de um prodigioso sentido de humor, Trevor Noah conseguiu quebrar o ciclo de pobreza e discrimina\u00e7\u00e3o a que estava condenado, e chegar ao lugar onde o vemos hoje. \u00c9 essa a hist\u00f3ria que conta em Sou Um Crime, a par com a hist\u00f3ria da \u00c1frica do Sul e uma abrangente hist\u00f3ria do racismo.<\/p>\n","protected":false},"featured_media":8680,"template":"","meta":{"_monsterinsights_skip_tracking":false,"_monsterinsights_sitenote_active":false,"_monsterinsights_sitenote_note":"","_monsterinsights_sitenote_category":0},"product_cat":[173],"product_tag":[],"class_list":{"0":"post-8372","1":"product","2":"type-product","3":"status-publish","4":"has-post-thumbnail","6":"product_cat-biografias","7":"pa_book-author-trevor-noah","9":"first","10":"outofstock","11":"shipping-taxable","12":"purchasable","13":"product-type-simple"},"_links":{"self":[{"href":"https:\/\/mabuko.co.mz\/site\/index.php?rest_route=\/wp\/v2\/product\/8372","targetHints":{"allow":["GET"]}}],"collection":[{"href":"https:\/\/mabuko.co.mz\/site\/index.php?rest_route=\/wp\/v2\/product"}],"about":[{"href":"https:\/\/mabuko.co.mz\/site\/index.php?rest_route=\/wp\/v2\/types\/product"}],"wp:featuredmedia":[{"embeddable":true,"href":"https:\/\/mabuko.co.mz\/site\/index.php?rest_route=\/wp\/v2\/media\/8680"}],"wp:attachment":[{"href":"https:\/\/mabuko.co.mz\/site\/index.php?rest_route=%2Fwp%2Fv2%2Fmedia&parent=8372"}],"wp:term":[{"taxonomy":"product_cat","embeddable":true,"href":"https:\/\/mabuko.co.mz\/site\/index.php?rest_route=%2Fwp%2Fv2%2Fproduct_cat&post=8372"},{"taxonomy":"product_tag","embeddable":true,"href":"https:\/\/mabuko.co.mz\/site\/index.php?rest_route=%2Fwp%2Fv2%2Fproduct_tag&post=8372"}],"curies":[{"name":"wp","href":"https:\/\/api.w.org\/{rel}","templated":true}]}}