{"id":8359,"date":"2023-02-21T13:18:28","date_gmt":"2023-02-21T13:18:28","guid":{"rendered":"https:\/\/mabuko.co.mz\/?post_type=product&#038;p=8359"},"modified":"2023-09-02T15:05:34","modified_gmt":"2023-09-02T15:05:34","slug":"pai-rico-pai-pobre","status":"publish","type":"product","link":"https:\/\/mabuko.co.mz\/site\/?product=pai-rico-pai-pobre","title":{"rendered":"PAI RICO, PAI POBRE"},"content":{"rendered":"<p>Robert T Kiyosaki<\/p>\n","protected":false},"excerpt":{"rendered":"<p><strong>SINOPSE<\/strong><\/p>\n<p>Celebrando 20 anos com o livro n\u00b0 1 em finan\u00e7as pessoais.<\/p>\n<p>A escola prepara as crian\u00e7as para o mundo real? Essa \u00e9 a primeira pergunta com a qual o leitor se depara neste livro. O recado \u00e9 ousado e directo: boa forma\u00e7\u00e3o e notas altas n\u00e3o bastam para assegurar o sucesso de algu\u00e9m. O mundo mudou; a maioria dos jovens tem cart\u00e3o de cr\u00e9dito, antes mesmo de concluir os estudos, e nunca teve aula sobre dinheiro, investimentos, juros etc. Ou seja, eles v\u00e3o para a escola, mas continuam financeiramente improficientes, despreparados para enfrentar um mundo que valoriza mais as despesas do que a poupan\u00e7a.<\/p>\n<p>Para o autor, o conselho mais perigoso que se pode dar a um jovem nos dias de hoje \u00e9: &#8220;V\u00e1 para a escola, tire notas altas e depois procure um trabalho seguro.&#8221; O fato \u00e9 que agora as regras s\u00e3o outras, e n\u00e3o existe mais emprego garantido para ningu\u00e9m.<\/p>\n<p><i>Pai Rico, Pai Pobre<\/i>\u00a0demonstra que a quest\u00e3o n\u00e3o \u00e9 ser empregado ou empregador, mas ter o controle do pr\u00f3prio destino ou deleg\u00e1-lo a algu\u00e9m. \u00c9 essa a tese de Robert Kiyosaki neste livro substancial e vision\u00e1rio. Para ele, a forma\u00e7\u00e3o proporcionada pelo sistema educacional n\u00e3o prepara os jovens para o mundo que encontrar\u00e3o depois de formados<\/p>\n<p>E como os pais podem ensinar aos filhos o que a escola relega? Essa \u00e9 outra das muitas perguntas que o leitor encontra em\u00a0<i>Pai Rico, Pai Pobre<\/i>. Nesse sentido, a proposta do autor \u00e9 facilitar a tarefa dos pais. Quem entende de contabilidade deve esquecer seus conhecimentos acad\u00e9micos, pois muitas das teorias expostas por Robert Kiyosaki contrariam os princ\u00edpios cont\u00e1beis comummente aceites, e apresentam uma valiosa e moderna percep\u00e7\u00e3o do modo como se realizam os investimentos.<\/p>\n<p>A sociedade sofre mudan\u00e7as radicais e, talvez, de propor\u00e7\u00f5es maiores do que as ocorridas em s\u00e9culos passados. N\u00e3o existe bola de cristal, mas algo \u00e9 certo: a perspectiva global de transforma\u00e7\u00f5es transcende nossa realidade imediata. Aconte\u00e7a o que acontecer, s\u00f3 existem duas alternativas: seguran\u00e7a ou independ\u00eancia financeira. E o objectivo de <i>Pai Rico, Pai Pobre<\/i>\u00a0\u00e9 instruir o leitor e despertar sua intelig\u00eancia financeira e a de seus filhos.<\/p>\n","protected":false},"featured_media":8671,"template":"","meta":{"_monsterinsights_skip_tracking":false,"_monsterinsights_sitenote_active":false,"_monsterinsights_sitenote_note":"","_monsterinsights_sitenote_category":0},"product_cat":[108],"product_tag":[],"class_list":{"0":"post-8359","1":"product","2":"type-product","3":"status-publish","4":"has-post-thumbnail","6":"product_cat-auto-ajuda","7":"pa_book-author-robert-t-kiyosaki","9":"first","10":"outofstock","11":"shipping-taxable","12":"purchasable","13":"product-type-simple"},"_links":{"self":[{"href":"https:\/\/mabuko.co.mz\/site\/index.php?rest_route=\/wp\/v2\/product\/8359","targetHints":{"allow":["GET"]}}],"collection":[{"href":"https:\/\/mabuko.co.mz\/site\/index.php?rest_route=\/wp\/v2\/product"}],"about":[{"href":"https:\/\/mabuko.co.mz\/site\/index.php?rest_route=\/wp\/v2\/types\/product"}],"wp:featuredmedia":[{"embeddable":true,"href":"https:\/\/mabuko.co.mz\/site\/index.php?rest_route=\/wp\/v2\/media\/8671"}],"wp:attachment":[{"href":"https:\/\/mabuko.co.mz\/site\/index.php?rest_route=%2Fwp%2Fv2%2Fmedia&parent=8359"}],"wp:term":[{"taxonomy":"product_cat","embeddable":true,"href":"https:\/\/mabuko.co.mz\/site\/index.php?rest_route=%2Fwp%2Fv2%2Fproduct_cat&post=8359"},{"taxonomy":"product_tag","embeddable":true,"href":"https:\/\/mabuko.co.mz\/site\/index.php?rest_route=%2Fwp%2Fv2%2Fproduct_tag&post=8359"}],"curies":[{"name":"wp","href":"https:\/\/api.w.org\/{rel}","templated":true}]}}