{"id":8351,"date":"2023-02-16T08:53:58","date_gmt":"2023-02-16T08:53:58","guid":{"rendered":"https:\/\/mabuko.co.mz\/?post_type=product&#038;p=8351"},"modified":"2023-09-02T15:06:39","modified_gmt":"2023-09-02T15:06:39","slug":"erebos-e-um-jogo-ele-observa-te","status":"publish","type":"product","link":"https:\/\/mabuko.co.mz\/site\/?product=erebos-e-um-jogo-ele-observa-te","title":{"rendered":"EREBOS \u00c9 um jogo. Ele observa-te"},"content":{"rendered":"<p>Ursula Poznanski<\/p>\n","protected":false},"excerpt":{"rendered":"<p><strong>SINOPSE<\/strong><\/p>\n<p>Numa escola de Londres um misterioso e viciante jogo de computador circula entre os estudantes, mas ningu\u00e9m fala disso abertamente.<br \/>\nAs regras do jogo s\u00e3o extremamente r\u00edgidas. Cada jogador tem apenas uma oportunidade e se perder nunca mais pode entrar no jogo; deve estar sempre sozinho e n\u00e3o pode falar a ningu\u00e9m sobre o seu jogo. Quem violar estas instru\u00e7\u00f5es \u00e9 tamb\u00e9m eliminado. O jogo \u00e9 inteligente e interage com o jogador como se o vigiasse constantemente. As miss\u00f5es atribu\u00eddas devem ser concretizadas no mundo real.<br \/>\nQuando Nick Dunmore come\u00e7a a jogar, sente-se de imediato absorvido, aprende as regras e avan\u00e7a rapidamente; contudo, v\u00ea-se for\u00e7ado a questionar as implica\u00e7\u00f5es deste jogo perigoso. Qual o verdadeiro objetivo? E que segredo esconde? Um livro que os apreciadores de fantasia, jogos de computador, lendas urbanas, distopias, n\u00e3o devem perder.<br \/>\n<i>Erebos<\/i>\u00a0\u00e9 um jogo. Ele observa-te&#8230;<\/p>\n","protected":false},"featured_media":8681,"template":"","meta":{"_monsterinsights_skip_tracking":false,"_monsterinsights_sitenote_active":false,"_monsterinsights_sitenote_note":"","_monsterinsights_sitenote_category":0},"product_cat":[103],"product_tag":[],"class_list":{"0":"post-8351","1":"product","2":"type-product","3":"status-publish","4":"has-post-thumbnail","6":"product_cat-literatura","7":"pa_book-author-ursula-poznanski","9":"first","10":"instock","11":"shipping-taxable","12":"purchasable","13":"product-type-simple"},"_links":{"self":[{"href":"https:\/\/mabuko.co.mz\/site\/index.php?rest_route=\/wp\/v2\/product\/8351","targetHints":{"allow":["GET"]}}],"collection":[{"href":"https:\/\/mabuko.co.mz\/site\/index.php?rest_route=\/wp\/v2\/product"}],"about":[{"href":"https:\/\/mabuko.co.mz\/site\/index.php?rest_route=\/wp\/v2\/types\/product"}],"wp:featuredmedia":[{"embeddable":true,"href":"https:\/\/mabuko.co.mz\/site\/index.php?rest_route=\/wp\/v2\/media\/8681"}],"wp:attachment":[{"href":"https:\/\/mabuko.co.mz\/site\/index.php?rest_route=%2Fwp%2Fv2%2Fmedia&parent=8351"}],"wp:term":[{"taxonomy":"product_cat","embeddable":true,"href":"https:\/\/mabuko.co.mz\/site\/index.php?rest_route=%2Fwp%2Fv2%2Fproduct_cat&post=8351"},{"taxonomy":"product_tag","embeddable":true,"href":"https:\/\/mabuko.co.mz\/site\/index.php?rest_route=%2Fwp%2Fv2%2Fproduct_tag&post=8351"}],"curies":[{"name":"wp","href":"https:\/\/api.w.org\/{rel}","templated":true}]}}