{"id":8320,"date":"2023-02-10T12:52:11","date_gmt":"2023-02-10T12:52:11","guid":{"rendered":"https:\/\/mabuko.co.mz\/?post_type=product&#038;p=8320"},"modified":"2023-09-02T15:07:50","modified_gmt":"2023-09-02T15:07:50","slug":"xirico-vozes-de-paz-em-mocambique","status":"publish","type":"product","link":"https:\/\/mabuko.co.mz\/site\/?product=xirico-vozes-de-paz-em-mocambique","title":{"rendered":"XIRICO Vozes de paz em Mo\u00e7ambique"},"content":{"rendered":"<p>Nelson Moda<\/p>\n<p>&nbsp;<\/p>\n","protected":false},"excerpt":{"rendered":"<p><strong>SINOPSE<\/strong><\/p>\n<p>Este livro \u00e9 uma compila\u00e7\u00e3o de entrevistas feitas a v\u00e1rios mo\u00e7ambicanos e conta com o pref\u00e1cio de Andrea Riccardi, fundador da Comunidade de Sant\u2019Egidio. Entre os entrevistados, est\u00e3o Joaquim Alberto Chissano, antigo Presidente da Rep\u00fablica de Mo\u00e7ambique Ra\u00fal Manuel Domingos, ex-chefe da Delega\u00e7\u00e3o da Renamo, e Metteo Zuppi, da comunidade de Sant\u2019Egidio.<\/p>\n","protected":false},"featured_media":8533,"template":"","meta":{"_monsterinsights_skip_tracking":false,"_monsterinsights_sitenote_active":false,"_monsterinsights_sitenote_note":"","_monsterinsights_sitenote_category":0},"product_cat":[319],"product_tag":[],"class_list":{"0":"post-8320","1":"product","2":"type-product","3":"status-publish","4":"has-post-thumbnail","6":"product_cat-literatura-mocambicana","7":"pa_book-author-nelson-moda","9":"first","10":"outofstock","11":"shipping-taxable","12":"purchasable","13":"product-type-simple"},"_links":{"self":[{"href":"https:\/\/mabuko.co.mz\/site\/index.php?rest_route=\/wp\/v2\/product\/8320","targetHints":{"allow":["GET"]}}],"collection":[{"href":"https:\/\/mabuko.co.mz\/site\/index.php?rest_route=\/wp\/v2\/product"}],"about":[{"href":"https:\/\/mabuko.co.mz\/site\/index.php?rest_route=\/wp\/v2\/types\/product"}],"wp:featuredmedia":[{"embeddable":true,"href":"https:\/\/mabuko.co.mz\/site\/index.php?rest_route=\/wp\/v2\/media\/8533"}],"wp:attachment":[{"href":"https:\/\/mabuko.co.mz\/site\/index.php?rest_route=%2Fwp%2Fv2%2Fmedia&parent=8320"}],"wp:term":[{"taxonomy":"product_cat","embeddable":true,"href":"https:\/\/mabuko.co.mz\/site\/index.php?rest_route=%2Fwp%2Fv2%2Fproduct_cat&post=8320"},{"taxonomy":"product_tag","embeddable":true,"href":"https:\/\/mabuko.co.mz\/site\/index.php?rest_route=%2Fwp%2Fv2%2Fproduct_tag&post=8320"}],"curies":[{"name":"wp","href":"https:\/\/api.w.org\/{rel}","templated":true}]}}