{"id":8304,"date":"2023-02-08T08:49:29","date_gmt":"2023-02-08T08:49:29","guid":{"rendered":"https:\/\/mabuko.co.mz\/?post_type=product&#038;p=8304"},"modified":"2024-04-25T10:01:48","modified_gmt":"2024-04-25T10:01:48","slug":"quinta-dos-animais-ou-o-triunfo-dos-porcos","status":"publish","type":"product","link":"https:\/\/mabuko.co.mz\/site\/?product=quinta-dos-animais-ou-o-triunfo-dos-porcos","title":{"rendered":"QUINTA DOS ANIMAIS Ou o triunfo dos porcos"},"content":{"rendered":"<p>George Orwell<\/p>\n<p>9789720033086<\/p>\n","protected":false},"excerpt":{"rendered":"<p><strong>SINOPSE<\/strong><\/p>\n<p>Era uma vez o poder e a degrada\u00e7\u00e3o\u2026<br \/>\nEsta alegoria, tamb\u00e9m conhecida por O Triunfo dos Porcos, escrita por George Orwell, conta-nos a hist\u00f3ria dos animais da Quinta do Solar. O que come\u00e7a por ser um grito de liberdade e justi\u00e7a vai-se transformando progressivamente numa realidade inesperada e obscura.<\/p>\n","protected":false},"featured_media":8683,"template":"","meta":{"_monsterinsights_skip_tracking":false,"_monsterinsights_sitenote_active":false,"_monsterinsights_sitenote_note":"","_monsterinsights_sitenote_category":0},"product_cat":[105],"product_tag":[],"class_list":{"0":"post-8304","1":"product","2":"type-product","3":"status-publish","4":"has-post-thumbnail","6":"product_cat-romance","7":"pa_book-author-george-orwell","9":"first","10":"outofstock","11":"shipping-taxable","12":"purchasable","13":"product-type-simple"},"_links":{"self":[{"href":"https:\/\/mabuko.co.mz\/site\/index.php?rest_route=\/wp\/v2\/product\/8304","targetHints":{"allow":["GET"]}}],"collection":[{"href":"https:\/\/mabuko.co.mz\/site\/index.php?rest_route=\/wp\/v2\/product"}],"about":[{"href":"https:\/\/mabuko.co.mz\/site\/index.php?rest_route=\/wp\/v2\/types\/product"}],"wp:featuredmedia":[{"embeddable":true,"href":"https:\/\/mabuko.co.mz\/site\/index.php?rest_route=\/wp\/v2\/media\/8683"}],"wp:attachment":[{"href":"https:\/\/mabuko.co.mz\/site\/index.php?rest_route=%2Fwp%2Fv2%2Fmedia&parent=8304"}],"wp:term":[{"taxonomy":"product_cat","embeddable":true,"href":"https:\/\/mabuko.co.mz\/site\/index.php?rest_route=%2Fwp%2Fv2%2Fproduct_cat&post=8304"},{"taxonomy":"product_tag","embeddable":true,"href":"https:\/\/mabuko.co.mz\/site\/index.php?rest_route=%2Fwp%2Fv2%2Fproduct_tag&post=8304"}],"curies":[{"name":"wp","href":"https:\/\/api.w.org\/{rel}","templated":true}]}}