{"id":8264,"date":"2023-01-27T12:55:42","date_gmt":"2023-01-27T12:55:42","guid":{"rendered":"https:\/\/mabuko.co.mz\/?post_type=product&#038;p=8264"},"modified":"2024-08-20T13:04:45","modified_gmt":"2024-08-20T13:04:45","slug":"o-fim-da-doenca-mental","status":"publish","type":"product","link":"https:\/\/mabuko.co.mz\/site\/?product=o-fim-da-doenca-mental","title":{"rendered":"O FIM DA DOEN\u00c7A MENTAL"},"content":{"rendered":"<p>Dr. Daniel G.Amen<\/p>\n<p>9789896876708<\/p>\n","protected":false},"excerpt":{"rendered":"<p><strong>SINOPSE<\/strong><\/p>\n<p align=\"justify\">Como a Neuroci\u00eancia Est\u00e1 a\u00a0 Transformar a Psiquiatria e a Ajudar a Prevenir ou Reverter a Ansiedade, o Desequil\u00edbrio Emocional, a PSPT, as Depend\u00eancias, os Dist\u00farbios de Personalidade e Muito Mais<\/p>\n<p align=\"justify\">A sa\u00fade mental \u00e9 uma quest\u00e3o que est\u00e1 cada vez mais na ordem do dia. Outrora estigmatizada, compreendemos cada vez melhor a sua preval\u00eancia e a import\u00e2ncia de a abordar com seriedade e frontalidade.<br \/>\nO Dr. Amen, autor de v\u00e1rios bestsellers na \u00e1rea da divulga\u00e7\u00e3o das Neuroci\u00eancias, encontra-se na vanguarda de um novo movimento para conseguir isso mesmo.<\/p>\n<p align=\"justify\">Em O Fim da Doen\u00e7a Mental, apoia-se nas mais recentes descobertas destes campos para desafiar os paradigmas antiquados da Psiquiatria e ajudar os leitores a melhorar e manter a sua sa\u00fade mental, minimizando ou revertendo condi\u00e7\u00f5es\u00a0 que podem estar a impedir uma vida emocional mais est\u00e1vel e saud\u00e1vel.<\/p>\n","protected":false},"featured_media":8686,"template":"","meta":{"_monsterinsights_skip_tracking":false,"_monsterinsights_sitenote_active":false,"_monsterinsights_sitenote_note":"","_monsterinsights_sitenote_category":0},"product_cat":[108],"product_tag":[],"class_list":{"0":"post-8264","1":"product","2":"type-product","3":"status-publish","4":"has-post-thumbnail","6":"product_cat-auto-ajuda","7":"pa_book-author-daniel-g-amen","9":"first","10":"outofstock","11":"shipping-taxable","12":"purchasable","13":"product-type-simple"},"_links":{"self":[{"href":"https:\/\/mabuko.co.mz\/site\/index.php?rest_route=\/wp\/v2\/product\/8264","targetHints":{"allow":["GET"]}}],"collection":[{"href":"https:\/\/mabuko.co.mz\/site\/index.php?rest_route=\/wp\/v2\/product"}],"about":[{"href":"https:\/\/mabuko.co.mz\/site\/index.php?rest_route=\/wp\/v2\/types\/product"}],"wp:featuredmedia":[{"embeddable":true,"href":"https:\/\/mabuko.co.mz\/site\/index.php?rest_route=\/wp\/v2\/media\/8686"}],"wp:attachment":[{"href":"https:\/\/mabuko.co.mz\/site\/index.php?rest_route=%2Fwp%2Fv2%2Fmedia&parent=8264"}],"wp:term":[{"taxonomy":"product_cat","embeddable":true,"href":"https:\/\/mabuko.co.mz\/site\/index.php?rest_route=%2Fwp%2Fv2%2Fproduct_cat&post=8264"},{"taxonomy":"product_tag","embeddable":true,"href":"https:\/\/mabuko.co.mz\/site\/index.php?rest_route=%2Fwp%2Fv2%2Fproduct_tag&post=8264"}],"curies":[{"name":"wp","href":"https:\/\/api.w.org\/{rel}","templated":true}]}}