{"id":8251,"date":"2023-01-26T10:09:29","date_gmt":"2023-01-26T10:09:29","guid":{"rendered":"https:\/\/mabuko.co.mz\/?post_type=product&#038;p=8251"},"modified":"2023-06-23T09:25:11","modified_gmt":"2023-06-23T09:25:11","slug":"a-greve-dos-mendigos","status":"publish","type":"product","link":"https:\/\/mabuko.co.mz\/site\/?product=a-greve-dos-mendigos","title":{"rendered":"A GREVE DOS MENDIGOS"},"content":{"rendered":"<p>AMINATA Sow fall<\/p>\n<p>9789898918031<\/p>\n","protected":false},"excerpt":{"rendered":"<p><strong>SINOPSE<\/strong><\/p>\n<p>O mal da \u00c1frica encontra-se tamb\u00e9m dentro da \u00c1frica: a viola\u00e7\u00e3o dos direitos humanos fundamentais em nome da ordem e purifica\u00e7\u00e3o dos espa\u00e7os p\u00fablicos, cujo quadro \u00e9 vivamente retratado nesta fic\u00e7\u00e3o pelo varrimento dos mendigos para bem longe da cidade, para deixa-la decente e atraente aos olhos de turistas e investidores estrangeiros; a pr\u00e1tica da magia negra para manter e aumentar o poder pol\u00edtico e aquisitivo por parte dos que j\u00e1 o t\u00eam; o uso abusivo do poder para realizar interesses individuais em detrimento dos colectivos; a viola\u00e7\u00e3o da integridade da fam\u00edlia para satisfazer concupic\u00eancias pessoais, s\u00e3o marcas da textura pol\u00edtico-social de quase todas sociedades da \u00c1frica negra que Aminata Sow Fall nos convida observar e, qui\u00e7\u00e1, a forjar seus ant\u00eddotos rumo a uma nova era de consci\u00eancia e exist\u00eancia africana.<\/p>\n","protected":false},"featured_media":0,"template":"","meta":{"_monsterinsights_skip_tracking":false,"_monsterinsights_sitenote_active":false,"_monsterinsights_sitenote_note":"","_monsterinsights_sitenote_category":0},"product_cat":[104],"product_tag":[],"class_list":{"0":"post-8251","1":"product","2":"type-product","3":"status-publish","5":"product_cat-literatura-geral","6":"pa_book-author-aminata-sow-fall","8":"first","9":"outofstock","10":"shipping-taxable","11":"purchasable","12":"product-type-simple"},"_links":{"self":[{"href":"https:\/\/mabuko.co.mz\/site\/index.php?rest_route=\/wp\/v2\/product\/8251","targetHints":{"allow":["GET"]}}],"collection":[{"href":"https:\/\/mabuko.co.mz\/site\/index.php?rest_route=\/wp\/v2\/product"}],"about":[{"href":"https:\/\/mabuko.co.mz\/site\/index.php?rest_route=\/wp\/v2\/types\/product"}],"wp:attachment":[{"href":"https:\/\/mabuko.co.mz\/site\/index.php?rest_route=%2Fwp%2Fv2%2Fmedia&parent=8251"}],"wp:term":[{"taxonomy":"product_cat","embeddable":true,"href":"https:\/\/mabuko.co.mz\/site\/index.php?rest_route=%2Fwp%2Fv2%2Fproduct_cat&post=8251"},{"taxonomy":"product_tag","embeddable":true,"href":"https:\/\/mabuko.co.mz\/site\/index.php?rest_route=%2Fwp%2Fv2%2Fproduct_tag&post=8251"}],"curies":[{"name":"wp","href":"https:\/\/api.w.org\/{rel}","templated":true}]}}