{"id":8249,"date":"2023-01-26T09:32:28","date_gmt":"2023-01-26T09:32:28","guid":{"rendered":"https:\/\/mabuko.co.mz\/?post_type=product&#038;p=8249"},"modified":"2025-02-07T10:56:37","modified_gmt":"2025-02-07T10:56:37","slug":"balada-de-amor-ao-vento","status":"publish","type":"product","link":"https:\/\/mabuko.co.mz\/site\/?product=balada-de-amor-ao-vento","title":{"rendered":"BALADA DE AMOR AO VENTO"},"content":{"rendered":"<p>Paulina Chiziane<\/p>\n","protected":false},"excerpt":{"rendered":"<p><strong>SINOPSE<\/strong><\/p>\n<p>Nesta viagem farta de sinuosas emo\u00e7\u00f5es, que levam \u00e0 lua sem voo, h\u00e1 duas justificativas de ordem espiritual para toda uma traject\u00f3ria que se queira literalmente linda. A primeira empurra-me \u00e0quela que considero melhor carta do Ap\u00f3stolo Paulo, para n\u00e3o dizer melhor das sagradas escrituras, o Cor\u00edntios. Paulo refere, aos 1 Cor\u00edntios 7:32-36, que casar n\u00e3o \u00e9 mau mas ser solteiro \u00e9 melhor. Ambas op\u00e7\u00f5es s\u00e3o voca\u00e7\u00f5es do Homem por\u00e9m o que optar pelo celibato deve dedicar sua vida ao senhor. Entretanto, Sarnau, uma esbelta negra que adorava sazonalmente as paisagens das matas de Mambone, dissuadira sedutoramente Mwando, um aspirante padre. Mwandro, que reputava Sarnau como inalcan\u00e7evel por esbanjar gra\u00e7a e perfei\u00e7\u00e3o, n\u00e3o resistiu ao ass\u00e9dio. Fitou os olhos nela, perdeu o ju\u00edzo e foi expulso do seman\u00e1rio.<\/p>\n<p>Afinal a expuls\u00e3o de Mwando, \u00e0 partida, era uma premoni\u00e7\u00e3o \u00e0 mescla de dessabores que viriam caracterizar o quotidiano de Sarnau. Um castigo divino por interfer\u00eancia e desvio de um prop\u00f3sito sagrado.<\/p>\n<p>A segunda justificativa desta encarquilhada traject\u00f3ria remete-me ao sentido tradicional do ente africano. \u00c0 semelhan\u00e7a de \u00a0Mr. Bow que se socorre de um romance, em Guilhermina, para fazer cr\u00edtica social, referindo-se \u00e0 prec\u00e1ria vida que um cidad\u00e3o pacato, Paulina Chiziane socorre-se de uma est\u00f3ria de amor para introduzir o assunto da Poligamia que, a posterior, vira a ser destrin\u00e7ado em Niketche. O cl\u00edmax do \u201cAmor ao Vento\u201d ecoa a partir do rei pol\u00edgamo, degenerando ao adult\u00e9rio. Paty, uma menina que teve que encarnar a alma de uma das concubinas do rei para cessar as enfermidades espirituais malignas que a fustigavam, \u00e9 a obra que resultou do adult\u00e9rio protagonizado por Sarnau e Mwando.<\/p>\n","protected":false},"featured_media":0,"template":"","meta":{"_monsterinsights_skip_tracking":false,"_monsterinsights_sitenote_active":false,"_monsterinsights_sitenote_note":"","_monsterinsights_sitenote_category":0},"product_cat":[319],"product_tag":[],"class_list":{"0":"post-8249","1":"product","2":"type-product","3":"status-publish","5":"product_cat-literatura-mocambicana","6":"pa_book-author-paulina-chiziane","8":"first","9":"outofstock","10":"shipping-taxable","11":"purchasable","12":"product-type-simple"},"_links":{"self":[{"href":"https:\/\/mabuko.co.mz\/site\/index.php?rest_route=\/wp\/v2\/product\/8249","targetHints":{"allow":["GET"]}}],"collection":[{"href":"https:\/\/mabuko.co.mz\/site\/index.php?rest_route=\/wp\/v2\/product"}],"about":[{"href":"https:\/\/mabuko.co.mz\/site\/index.php?rest_route=\/wp\/v2\/types\/product"}],"wp:attachment":[{"href":"https:\/\/mabuko.co.mz\/site\/index.php?rest_route=%2Fwp%2Fv2%2Fmedia&parent=8249"}],"wp:term":[{"taxonomy":"product_cat","embeddable":true,"href":"https:\/\/mabuko.co.mz\/site\/index.php?rest_route=%2Fwp%2Fv2%2Fproduct_cat&post=8249"},{"taxonomy":"product_tag","embeddable":true,"href":"https:\/\/mabuko.co.mz\/site\/index.php?rest_route=%2Fwp%2Fv2%2Fproduct_tag&post=8249"}],"curies":[{"name":"wp","href":"https:\/\/api.w.org\/{rel}","templated":true}]}}