{"id":8242,"date":"2023-01-25T12:50:09","date_gmt":"2023-01-25T12:50:09","guid":{"rendered":"https:\/\/mabuko.co.mz\/?post_type=product&#038;p=8242"},"modified":"2025-10-24T07:58:18","modified_gmt":"2025-10-24T07:58:18","slug":"toda-uma-vida","status":"publish","type":"product","link":"https:\/\/mabuko.co.mz\/site\/?product=toda-uma-vida","title":{"rendered":"TODA UMA VIDA"},"content":{"rendered":"<p>Carlos Americo Ramos Nunes<\/p>\n<p>9789893333532<\/p>\n","protected":false},"excerpt":{"rendered":"<p><strong>SINOPSE<\/strong><\/p>\n<p align=\"justify\">Artur, M\u00e9dico septuagen\u00e1rio, sofre um repentino ataque de cora\u00e7\u00e3o quando estava a cuidar do jardim da sua casa. No servi\u00e7o de urg\u00eancia do Hospital, o mesmo Hospital onde exercera medicina durante mais de quarenta anos, \u00e9 confrontado com as incertezas quanto ao desfecho do grave epis\u00f3dio de sa\u00fade.<\/p>\n<p align=\"justify\">No per\u00edodo de 48 horas de internamento vai fazendo uma retrospetiva mental da sua vida, uma esp\u00e9cie de backup da mem\u00f3ria, que o faz recuar e reviver os acontecimentos mais marcantes da sua exist\u00eancia, num Portugal cheio de mudan\u00e7as pol\u00edticas e sociais, retrocedendo at\u00e9 \u00e0 inf\u00e2ncia na sua terra natal localizada no centro do pa\u00eds.<\/p>\n<p align=\"justify\">Sempre com a inc\u00f3gnita quanto ao desfecho do acidente card\u00edaco a pairar no seu consciente, s\u00e3o colocadas \u00e0 prova a sua resist\u00eancia f\u00edsica e mental. Empolgante romance sobre a hist\u00f3ria da vida de um M\u00e9dico relatada na primeira pessoa. A obra tem o pref\u00e1cio do poeta Jos\u00e9 Fanha.<\/p>\n<p align=\"justify\">Esta obra conta a hist\u00f3ria de um M\u00e9dico, na qual se espelham e caracterizam extractos da vida social de Portugal, antes e depois da revolu\u00e7\u00e3o de Abril de 1974. \u00c9 um relato livre de acontecimentos reais, n\u00e3o tendo, qualquer semelhan\u00e7a com viv\u00eancias e\/ou dados autobiogr\u00e1ficos do autor.<\/p>\n","protected":false},"featured_media":9077,"template":"","meta":{"_monsterinsights_skip_tracking":false,"_monsterinsights_sitenote_active":false,"_monsterinsights_sitenote_note":"","_monsterinsights_sitenote_category":0},"product_cat":[173],"product_tag":[],"class_list":{"0":"post-8242","1":"product","2":"type-product","3":"status-publish","4":"has-post-thumbnail","6":"product_cat-biografias","7":"pa_book-author-carlos-americo-ramos-nunes","9":"first","10":"instock","11":"shipping-taxable","12":"purchasable","13":"product-type-simple"},"_links":{"self":[{"href":"https:\/\/mabuko.co.mz\/site\/index.php?rest_route=\/wp\/v2\/product\/8242","targetHints":{"allow":["GET"]}}],"collection":[{"href":"https:\/\/mabuko.co.mz\/site\/index.php?rest_route=\/wp\/v2\/product"}],"about":[{"href":"https:\/\/mabuko.co.mz\/site\/index.php?rest_route=\/wp\/v2\/types\/product"}],"wp:featuredmedia":[{"embeddable":true,"href":"https:\/\/mabuko.co.mz\/site\/index.php?rest_route=\/wp\/v2\/media\/9077"}],"wp:attachment":[{"href":"https:\/\/mabuko.co.mz\/site\/index.php?rest_route=%2Fwp%2Fv2%2Fmedia&parent=8242"}],"wp:term":[{"taxonomy":"product_cat","embeddable":true,"href":"https:\/\/mabuko.co.mz\/site\/index.php?rest_route=%2Fwp%2Fv2%2Fproduct_cat&post=8242"},{"taxonomy":"product_tag","embeddable":true,"href":"https:\/\/mabuko.co.mz\/site\/index.php?rest_route=%2Fwp%2Fv2%2Fproduct_tag&post=8242"}],"curies":[{"name":"wp","href":"https:\/\/api.w.org\/{rel}","templated":true}]}}