{"id":8169,"date":"2022-12-16T13:15:29","date_gmt":"2022-12-16T13:15:29","guid":{"rendered":"https:\/\/mabuko.co.mz\/?post_type=product&#038;p=8169"},"modified":"2023-01-13T12:09:27","modified_gmt":"2023-01-13T12:09:27","slug":"o-livro-da-redencao","status":"publish","type":"product","link":"https:\/\/mabuko.co.mz\/site\/?product=o-livro-da-redencao","title":{"rendered":"O LIVRO DA REDEN\u00c7\u00c3O"},"content":{"rendered":"<p>Am\u00e2ndio Jos\u00e9 Janeiro Cardoso<\/p>\n<p>Nicha<\/p>\n<p>9789899856509<\/p>\n","protected":false},"excerpt":{"rendered":"<p>Am\u00e2ndio Jos\u00e9 Janeiro Cardoso Nicha 9789899856509<\/p>\n","protected":false},"featured_media":8171,"template":"","meta":{"_monsterinsights_skip_tracking":false,"_monsterinsights_sitenote_active":false,"_monsterinsights_sitenote_note":"","_monsterinsights_sitenote_category":0},"product_cat":[170],"product_tag":[],"class_list":{"0":"post-8169","1":"product","2":"type-product","3":"status-publish","4":"has-post-thumbnail","6":"product_cat-poesia","7":"pa_book-author-amandio-jose-janeiro-cardoso","9":"first","10":"outofstock","11":"shipping-taxable","12":"purchasable","13":"product-type-simple"},"_links":{"self":[{"href":"https:\/\/mabuko.co.mz\/site\/index.php?rest_route=\/wp\/v2\/product\/8169","targetHints":{"allow":["GET"]}}],"collection":[{"href":"https:\/\/mabuko.co.mz\/site\/index.php?rest_route=\/wp\/v2\/product"}],"about":[{"href":"https:\/\/mabuko.co.mz\/site\/index.php?rest_route=\/wp\/v2\/types\/product"}],"wp:featuredmedia":[{"embeddable":true,"href":"https:\/\/mabuko.co.mz\/site\/index.php?rest_route=\/wp\/v2\/media\/8171"}],"wp:attachment":[{"href":"https:\/\/mabuko.co.mz\/site\/index.php?rest_route=%2Fwp%2Fv2%2Fmedia&parent=8169"}],"wp:term":[{"taxonomy":"product_cat","embeddable":true,"href":"https:\/\/mabuko.co.mz\/site\/index.php?rest_route=%2Fwp%2Fv2%2Fproduct_cat&post=8169"},{"taxonomy":"product_tag","embeddable":true,"href":"https:\/\/mabuko.co.mz\/site\/index.php?rest_route=%2Fwp%2Fv2%2Fproduct_tag&post=8169"}],"curies":[{"name":"wp","href":"https:\/\/api.w.org\/{rel}","templated":true}]}}